{"id":81988,"date":"2025-12-13T03:01:49","date_gmt":"2025-12-13T02:01:49","guid":{"rendered":"https:\/\/www.destination-saintquentin.fr\/produit\/visite-guidee-thematique-au-musee-des-beaux-arts-les-metiers-dans-lart\/"},"modified":"2026-04-19T11:41:46","modified_gmt":"2026-04-19T09:41:46","slug":"visite-guidee-thematique-au-musee-des-beaux-arts-les-metiers-dans-lart","status":"publish","type":"product","link":"https:\/\/www.destination-saintquentin.fr\/en\/produit\/visite-guidee-thematique-au-musee-des-beaux-arts-les-metiers-dans-lart\/","title":{"rendered":"Visite guid\u00e9e th\u00e9matique au Mus\u00e9e des beaux-Arts : Les m\u00e9tiers dans l&#8217;art"},"content":{"rendered":"<p>RDV devant le Mus\u00e9e Antoine L\u00e9cuyer &#8211; NON REMBOURSABLE<br \/>\nEn ce mois de Mai, parlons travail ! Durant cette visite, un guide vous emm\u00e8nera dans les collections du mus\u00e9e des beaux-Arts Antoine L\u00e9cuyer pour vous pr\u00e9senter les diff\u00e9rents m\u00e9tiers que l\u2019on y trouve, mais \u00e9galement les diff\u00e9rentes techniques de travail des artistes expos\u00e9s. <\/p>\n<p>Une visite qui tombe \u00e0 pic et pour en apprendre un peu plus sur le mus\u00e9e et ses collections.<\/p>\n<p>Le justificatif sera \u00e0 pr\u00e9senter au guide pour tout billet gratuit ou \u00e0 tarif r\u00e9duit.<\/p>\n<p>Tarif r\u00e9duit applicable aux \u00e9tudiants, plus de 65 ans, demandeurs d&#8217;emploi, personnes en situation de handicap, d\u00e9tenteur du pass \u00e9ducation.<\/p>\n<p>Gratuit\u00e9 applicable aux moins de 18ans, guide conf\u00e9renciers, m\u00e9c\u00e8nes, presse, partenaires, laur\u00e9ats de jeux concours et visiteurs lors d&#8217;op\u00e9rations sp\u00e9ciales, porteurs de la carte ICOM et invitations de la Ville.<\/p>\n","protected":false},"excerpt":{"rendered":"<p>RDV devant le Mus\u00e9e Antoine L\u00e9cuyer &#8211; NON REMBOURSABLE En ce mois de Mai, parlons travail ! Durant cette visite, un guide vous emm\u00e8nera dans les collections du mus\u00e9e des beaux-Arts Antoine L\u00e9cuyer pour vous pr\u00e9senter les diff\u00e9rents m\u00e9tiers que l\u2019on y trouve, mais \u00e9galement les diff\u00e9rentes techniques de travail des artistes expos\u00e9s. Une visite [&hellip;]<\/p>\n","protected":false},"author":0,"featured_media":82542,"template":"","meta":{"_acf_changed":false},"product_brand":[],"product_cat":[506],"product_tag":[],"class_list":{"0":"post-81988","1":"product","2":"type-product","3":"status-publish","4":"has-post-thumbnail","6":"product_cat-visites-guidees-patrimoine","8":"first","9":"instock","10":"shipping-taxable","11":"purchasable","12":"product-type-variable"},"acf":[],"_links":{"self":[{"href":"https:\/\/www.destination-saintquentin.fr\/en\/wp-json\/wp\/v2\/product\/81988","targetHints":{"allow":["GET"]}}],"collection":[{"href":"https:\/\/www.destination-saintquentin.fr\/en\/wp-json\/wp\/v2\/product"}],"about":[{"href":"https:\/\/www.destination-saintquentin.fr\/en\/wp-json\/wp\/v2\/types\/product"}],"wp:featuredmedia":[{"embeddable":true,"href":"https:\/\/www.destination-saintquentin.fr\/en\/wp-json\/wp\/v2\/media\/82542"}],"wp:attachment":[{"href":"https:\/\/www.destination-saintquentin.fr\/en\/wp-json\/wp\/v2\/media?parent=81988"}],"wp:term":[{"taxonomy":"product_brand","embeddable":true,"href":"https:\/\/www.destination-saintquentin.fr\/en\/wp-json\/wp\/v2\/product_brand?post=81988"},{"taxonomy":"product_cat","embeddable":true,"href":"https:\/\/www.destination-saintquentin.fr\/en\/wp-json\/wp\/v2\/product_cat?post=81988"},{"taxonomy":"product_tag","embeddable":true,"href":"https:\/\/www.destination-saintquentin.fr\/en\/wp-json\/wp\/v2\/product_tag?post=81988"}],"curies":[{"name":"wp","href":"https:\/\/api.w.org\/{rel}","templated":true}]}}