{"id":81877,"date":"2025-12-11T03:01:33","date_gmt":"2025-12-11T02:01:33","guid":{"rendered":"https:\/\/www.destination-saintquentin.fr\/produit\/initiation-artistique-au-musee-lecuyer-stage-composition-florale-au-pastel-a-lhuile\/"},"modified":"2026-04-19T13:40:43","modified_gmt":"2026-04-19T11:40:43","slug":"initiation-artistique-au-musee-lecuyer-stage-composition-florale-au-pastel-a-lhuile","status":"publish","type":"product","link":"https:\/\/www.destination-saintquentin.fr\/en\/produit\/initiation-artistique-au-musee-lecuyer-stage-composition-florale-au-pastel-a-lhuile\/","title":{"rendered":"Initiation artistique au Mus\u00e9e L\u00e9cuyer : Stage composition florale au pastel \u00e0 l&#8217;huile"},"content":{"rendered":"<p>RDV au Mus\u00e9e Antoine L\u00e9cuyer &#8211; A partir de 16 ans (d\u00e9butants et amateurs) &#8211; NON REMBOURSABLE<br \/>\nInspir\u00e9s par les couleurs et les formes de la nature pr\u00e9sente dans les collections, venez-vous essayer au pastel \u00e0 l\u2019huile sous les conseils avis\u00e9s d\u2019Esther Gon\u00e7alves, artiste multidisciplinaire. Vous apprendrez \u00e0 associer gestes et nuances pour composer une \u0153uvre florale qui refl\u00e8te votre propre sensibilit\u00e9.<br \/>\nComposez votre bouquet artistique.<\/p>\n","protected":false},"excerpt":{"rendered":"<p>RDV au Mus\u00e9e Antoine L\u00e9cuyer &#8211; A partir de 16 ans (d\u00e9butants et amateurs) &#8211; NON REMBOURSABLE Inspir\u00e9s par les couleurs et les formes de la nature pr\u00e9sente dans les collections, venez-vous essayer au pastel \u00e0 l\u2019huile sous les conseils avis\u00e9s d\u2019Esther Gon\u00e7alves, artiste multidisciplinaire. Vous apprendrez \u00e0 associer gestes et nuances pour composer une [&hellip;]<\/p>\n","protected":false},"author":0,"featured_media":81879,"template":"","meta":{"_acf_changed":false},"product_brand":[],"product_cat":[506],"product_tag":[],"class_list":{"0":"post-81877","1":"product","2":"type-product","3":"status-publish","4":"has-post-thumbnail","6":"product_cat-visites-guidees-patrimoine","8":"first","9":"instock","10":"shipping-taxable","11":"purchasable","12":"product-type-variable"},"acf":[],"_links":{"self":[{"href":"https:\/\/www.destination-saintquentin.fr\/en\/wp-json\/wp\/v2\/product\/81877","targetHints":{"allow":["GET"]}}],"collection":[{"href":"https:\/\/www.destination-saintquentin.fr\/en\/wp-json\/wp\/v2\/product"}],"about":[{"href":"https:\/\/www.destination-saintquentin.fr\/en\/wp-json\/wp\/v2\/types\/product"}],"wp:featuredmedia":[{"embeddable":true,"href":"https:\/\/www.destination-saintquentin.fr\/en\/wp-json\/wp\/v2\/media\/81879"}],"wp:attachment":[{"href":"https:\/\/www.destination-saintquentin.fr\/en\/wp-json\/wp\/v2\/media?parent=81877"}],"wp:term":[{"taxonomy":"product_brand","embeddable":true,"href":"https:\/\/www.destination-saintquentin.fr\/en\/wp-json\/wp\/v2\/product_brand?post=81877"},{"taxonomy":"product_cat","embeddable":true,"href":"https:\/\/www.destination-saintquentin.fr\/en\/wp-json\/wp\/v2\/product_cat?post=81877"},{"taxonomy":"product_tag","embeddable":true,"href":"https:\/\/www.destination-saintquentin.fr\/en\/wp-json\/wp\/v2\/product_tag?post=81877"}],"curies":[{"name":"wp","href":"https:\/\/api.w.org\/{rel}","templated":true}]}}