{"id":81709,"date":"2025-12-03T03:02:49","date_gmt":"2025-12-03T02:02:49","guid":{"rendered":"https:\/\/www.destination-saintquentin.fr\/produit\/initiation-artistique-au-musee-lecuyer-stage-face-a-face\/"},"modified":"2026-04-19T03:01:47","modified_gmt":"2026-04-19T01:01:47","slug":"initiation-artistique-au-musee-lecuyer-stage-face-a-face","status":"publish","type":"product","link":"https:\/\/www.destination-saintquentin.fr\/en\/produit\/initiation-artistique-au-musee-lecuyer-stage-face-a-face\/","title":{"rendered":"Initiation artistique au Mus\u00e9e L\u00e9cuyer : Stage face \u00e0 face"},"content":{"rendered":"<p>RDV au Mus\u00e9e Antoine L\u00e9cuyer &#8211; A partir de 16 ans (d\u00e9butants et amateurs) &#8211; NON REMBOURSABLE<br \/>\nEn compagnie de Jean-Michel Hannecart, artiste et professeur \u00e0 l&#8217;\u00c9cole sup\u00e9rieure d&#8217;art et design de Reims, \u00e0 partir de l&#8217;observation d&#8217;une \u0153uvre picturale ou sculpturale, vous tenterez d&#8217;analyser les composants d&#8217;un portrait (lumi\u00e8re, masse, trait&#8230;). Tout en d\u00e9veloppant une \u00e9criture personnelle, vous vous essaierez aux techniques du pastel \u00e0 partir de trois valeurs de tons sur des papiers teint\u00e9s. <\/p>\n<p>Le portrait autrement\u202f! <\/p>\n","protected":false},"excerpt":{"rendered":"<p>RDV au Mus\u00e9e Antoine L\u00e9cuyer &#8211; A partir de 16 ans (d\u00e9butants et amateurs) &#8211; NON REMBOURSABLE En compagnie de Jean-Michel Hannecart, artiste et professeur \u00e0 l&#8217;\u00c9cole sup\u00e9rieure d&#8217;art et design de Reims, \u00e0 partir de l&#8217;observation d&#8217;une \u0153uvre picturale ou sculpturale, vous tenterez d&#8217;analyser les composants d&#8217;un portrait (lumi\u00e8re, masse, trait&#8230;). Tout en d\u00e9veloppant [&hellip;]<\/p>\n","protected":false},"author":0,"featured_media":81711,"template":"","meta":{"_acf_changed":false},"product_brand":[],"product_cat":[506],"product_tag":[],"class_list":{"0":"post-81709","1":"product","2":"type-product","3":"status-publish","4":"has-post-thumbnail","6":"product_cat-visites-guidees-patrimoine","8":"first","9":"outofstock","10":"shipping-taxable","11":"purchasable","12":"product-type-variable"},"acf":[],"_links":{"self":[{"href":"https:\/\/www.destination-saintquentin.fr\/en\/wp-json\/wp\/v2\/product\/81709","targetHints":{"allow":["GET"]}}],"collection":[{"href":"https:\/\/www.destination-saintquentin.fr\/en\/wp-json\/wp\/v2\/product"}],"about":[{"href":"https:\/\/www.destination-saintquentin.fr\/en\/wp-json\/wp\/v2\/types\/product"}],"wp:featuredmedia":[{"embeddable":true,"href":"https:\/\/www.destination-saintquentin.fr\/en\/wp-json\/wp\/v2\/media\/81711"}],"wp:attachment":[{"href":"https:\/\/www.destination-saintquentin.fr\/en\/wp-json\/wp\/v2\/media?parent=81709"}],"wp:term":[{"taxonomy":"product_brand","embeddable":true,"href":"https:\/\/www.destination-saintquentin.fr\/en\/wp-json\/wp\/v2\/product_brand?post=81709"},{"taxonomy":"product_cat","embeddable":true,"href":"https:\/\/www.destination-saintquentin.fr\/en\/wp-json\/wp\/v2\/product_cat?post=81709"},{"taxonomy":"product_tag","embeddable":true,"href":"https:\/\/www.destination-saintquentin.fr\/en\/wp-json\/wp\/v2\/product_tag?post=81709"}],"curies":[{"name":"wp","href":"https:\/\/api.w.org\/{rel}","templated":true}]}}