{"id":81653,"date":"2025-11-29T03:01:13","date_gmt":"2025-11-29T02:01:13","guid":{"rendered":"https:\/\/www.destination-saintquentin.fr\/produit\/les-champs-elysees\/"},"modified":"2026-04-19T17:11:24","modified_gmt":"2026-04-19T15:11:24","slug":"les-champs-elysees","status":"publish","type":"product","link":"https:\/\/www.destination-saintquentin.fr\/en\/produit\/les-champs-elysees\/","title":{"rendered":"Les Champs-Elys\u00e9es"},"content":{"rendered":"<p>RDV au kiosque des Champs-Elys\u00e9es &#8211; NON REMBOURSABLE<br \/>\nLe parc des Champs-\u00c9lys\u00e9es s&#8217;\u00e9tend sur 12 hectares sur le site des anciennes fortifications. V\u00e9ritable poumon vert au c\u0153ur de la ville, il est aussi un lieu historique de sports et de culture. Pour c\u00e9l\u00e9brer le retour du printemps, en compagnie d&#8217;un guide-conf\u00e9rencier, vous parcourrez l&#8217;arboretum pour reconna\u00eetre les diff\u00e9rentes essences d&#8217;arbres, vous vous prom\u00e8nerez dans le jardin d&#8217;horticulture et d\u00e9couvrirez ses monuments et vous d\u00e9couvrirez de nombreuses autres histoires et anecdotes sur le lieu.<br \/>\n<\/p>\n<p>Un justificatif devra \u00eatre pr\u00e9sent\u00e9 au guide pour tout billet gratuit ou \u00e0 tarif r\u00e9duit.<\/p>\n<p>Le tarif r\u00e9duit s\u2019applique aux \u00e9tudiants, aux personnes de plus de 65 ans, aux demandeurs d\u2019emploi, aux personnes en situation de handicap ainsi qu\u2019aux d\u00e9tenteurs du Pass \u00c9ducation.<\/p>\n<p>La gratuit\u00e9 concerne les moins de 18 ans, les guides-conf\u00e9renciers, les m\u00e9c\u00e8nes, la presse, les partenaires, les laur\u00e9ats de jeux concours, les visiteurs dans le cadre d\u2019op\u00e9rations sp\u00e9ciales, les porteurs de la carte ICOM, les personnes b\u00e9n\u00e9ficiant d\u2019invitations de la Ville ainsi que l\u2019accompagnant d\u2019une personne en situation de handicap.<\/p>\n<p>Attention : chaque participant, y compris les enfants en bas \u00e2ge, doit \u00eatre muni d\u2019un billet pour acc\u00e9der \u00e0 la visite.<\/p>\n","protected":false},"excerpt":{"rendered":"<p>RDV au kiosque des Champs-Elys\u00e9es &#8211; NON REMBOURSABLE Le parc des Champs-\u00c9lys\u00e9es s&#8217;\u00e9tend sur 12 hectares sur le site des anciennes fortifications. V\u00e9ritable poumon vert au c\u0153ur de la ville, il est aussi un lieu historique de sports et de culture. Pour c\u00e9l\u00e9brer le retour du printemps, en compagnie d&#8217;un guide-conf\u00e9rencier, vous parcourrez l&#8217;arboretum pour [&hellip;]<\/p>\n","protected":false},"author":0,"featured_media":63572,"template":"","meta":{"_acf_changed":false},"product_brand":[],"product_cat":[506],"product_tag":[],"class_list":{"0":"post-81653","1":"product","2":"type-product","3":"status-publish","4":"has-post-thumbnail","6":"product_cat-visites-guidees-patrimoine","8":"first","9":"instock","10":"shipping-taxable","11":"purchasable","12":"product-type-variable"},"acf":[],"_links":{"self":[{"href":"https:\/\/www.destination-saintquentin.fr\/en\/wp-json\/wp\/v2\/product\/81653","targetHints":{"allow":["GET"]}}],"collection":[{"href":"https:\/\/www.destination-saintquentin.fr\/en\/wp-json\/wp\/v2\/product"}],"about":[{"href":"https:\/\/www.destination-saintquentin.fr\/en\/wp-json\/wp\/v2\/types\/product"}],"wp:featuredmedia":[{"embeddable":true,"href":"https:\/\/www.destination-saintquentin.fr\/en\/wp-json\/wp\/v2\/media\/63572"}],"wp:attachment":[{"href":"https:\/\/www.destination-saintquentin.fr\/en\/wp-json\/wp\/v2\/media?parent=81653"}],"wp:term":[{"taxonomy":"product_brand","embeddable":true,"href":"https:\/\/www.destination-saintquentin.fr\/en\/wp-json\/wp\/v2\/product_brand?post=81653"},{"taxonomy":"product_cat","embeddable":true,"href":"https:\/\/www.destination-saintquentin.fr\/en\/wp-json\/wp\/v2\/product_cat?post=81653"},{"taxonomy":"product_tag","embeddable":true,"href":"https:\/\/www.destination-saintquentin.fr\/en\/wp-json\/wp\/v2\/product_tag?post=81653"}],"curies":[{"name":"wp","href":"https:\/\/api.w.org\/{rel}","templated":true}]}}