{"id":80157,"date":"2025-09-27T03:01:23","date_gmt":"2025-09-27T01:01:23","guid":{"rendered":"https:\/\/www.destination-saintquentin.fr\/produit\/visite-guidee-thematique-du-musee-des-beaux-arts-le-clavecin-a-lhonneur\/"},"modified":"2026-04-19T14:56:34","modified_gmt":"2026-04-19T12:56:34","slug":"visite-guidee-thematique-du-musee-des-beaux-arts-le-clavecin-a-lhonneur","status":"publish","type":"product","link":"https:\/\/www.destination-saintquentin.fr\/en\/produit\/visite-guidee-thematique-du-musee-des-beaux-arts-le-clavecin-a-lhonneur\/","title":{"rendered":"Visite guid\u00e9e th\u00e9matique du Mus\u00e9e des Beaux-Arts : Le clavecin \u00e0 l&#8217;honneur"},"content":{"rendered":"<p>NON REMBOURSABLE  -Rdv au Mus\u00e9e Antoine L\u00e9cuyer<br \/>\nAccompagn\u00e9 par un guide conf\u00e9rencier, \u00e0 l\u2019occasion de la f\u00eate de la musique, le mus\u00e9e vous invite \u00e0 d\u00e9couvrir de mani\u00e8re historique et technique l\u2019un des tr\u00e8s rares clavecins du facteur d\u2019instruments Benoist Stehlin, toujours en \u00e9tat de marche, expos\u00e9 au c\u0153ur du salon d\u00e9di\u00e9 au c\u00e9l\u00e8bre pastelliste Maurice-Quentin de La Tour.<br \/>\nLe clavecin s\u2019invite \u00e0 la f\u00eate\u2026<\/p>\n<p>Le justificatif sera \u00e0 pr\u00e9senter au guide pour tout billet gratuit ou \u00e0 tarif r\u00e9duit.<\/p>\n<p>Tarif r\u00e9duit applicable aux \u00e9tudiants, plus de 65 ans, demandeurs d&#8217;emploi, personnes en situation de handicap, d\u00e9tenteur du pass \u00e9ducation.<\/p>\n<p>Gratuit\u00e9 applicable aux moins de 18ans, guide conf\u00e9renciers, m\u00e9c\u00e8nes, presse, partenaires, laur\u00e9ats de jeux concours et visiteurs lors d&#8217;op\u00e9rations sp\u00e9ciales, porteurs de la carte ICOM et invitations de la Ville, accompagnant d&#8217;une personne en situation de handicap.<br \/>\nBillet non remboursable<\/p>\n<p>Rdv devant le Mus\u00e9e Antoine L\u00e9cuyer<\/p>\n","protected":false},"excerpt":{"rendered":"<p>NON REMBOURSABLE -Rdv au Mus\u00e9e Antoine L\u00e9cuyer Accompagn\u00e9 par un guide conf\u00e9rencier, \u00e0 l\u2019occasion de la f\u00eate de la musique, le mus\u00e9e vous invite \u00e0 d\u00e9couvrir de mani\u00e8re historique et technique l\u2019un des tr\u00e8s rares clavecins du facteur d\u2019instruments Benoist Stehlin, toujours en \u00e9tat de marche, expos\u00e9 au c\u0153ur du salon d\u00e9di\u00e9 au c\u00e9l\u00e8bre pastelliste [&hellip;]<\/p>\n","protected":false},"author":0,"featured_media":80164,"template":"","meta":{"_acf_changed":false},"product_brand":[],"product_cat":[506],"product_tag":[],"class_list":{"0":"post-80157","1":"product","2":"type-product","3":"status-publish","4":"has-post-thumbnail","6":"product_cat-visites-guidees-patrimoine","8":"first","9":"instock","10":"shipping-taxable","11":"purchasable","12":"product-type-variable"},"acf":[],"_links":{"self":[{"href":"https:\/\/www.destination-saintquentin.fr\/en\/wp-json\/wp\/v2\/product\/80157","targetHints":{"allow":["GET"]}}],"collection":[{"href":"https:\/\/www.destination-saintquentin.fr\/en\/wp-json\/wp\/v2\/product"}],"about":[{"href":"https:\/\/www.destination-saintquentin.fr\/en\/wp-json\/wp\/v2\/types\/product"}],"wp:featuredmedia":[{"embeddable":true,"href":"https:\/\/www.destination-saintquentin.fr\/en\/wp-json\/wp\/v2\/media\/80164"}],"wp:attachment":[{"href":"https:\/\/www.destination-saintquentin.fr\/en\/wp-json\/wp\/v2\/media?parent=80157"}],"wp:term":[{"taxonomy":"product_brand","embeddable":true,"href":"https:\/\/www.destination-saintquentin.fr\/en\/wp-json\/wp\/v2\/product_brand?post=80157"},{"taxonomy":"product_cat","embeddable":true,"href":"https:\/\/www.destination-saintquentin.fr\/en\/wp-json\/wp\/v2\/product_cat?post=80157"},{"taxonomy":"product_tag","embeddable":true,"href":"https:\/\/www.destination-saintquentin.fr\/en\/wp-json\/wp\/v2\/product_tag?post=80157"}],"curies":[{"name":"wp","href":"https:\/\/api.w.org\/{rel}","templated":true}]}}