{"id":71910,"date":"2024-11-21T03:01:34","date_gmt":"2024-11-21T02:01:34","guid":{"rendered":"https:\/\/www.destination-saintquentin.fr\/produit\/magnet-noel-a-saint-quentin\/"},"modified":"2026-05-05T21:01:16","modified_gmt":"2026-05-05T19:01:16","slug":"magnet-noel-a-saint-quentin","status":"publish","type":"product","link":"https:\/\/www.destination-saintquentin.fr\/en\/produit\/magnet-noel-a-saint-quentin\/","title":{"rendered":"Magnet No\u00ebl \u00e0 Saint-Quentin"},"content":{"rendered":"<p>Objet souvenir par excellence, ce magnet rond \u00e0 l&#8217;effigie du Village de No\u00ebl de Saint-Quentin vous propose une immersion magique dans la magie des f\u00eates de fin<br \/>\nd&#8217;ann\u00e9e.<br \/>\nSouvenir id\u00e9al de No\u00ebl<br \/>\nDimension : \u00d8 6 cm<\/p>\n","protected":false},"excerpt":{"rendered":"<p>Objet souvenir par excellence, ce magnet rond \u00e0 l&#8217;effigie du Village de No\u00ebl de Saint-Quentin vous propose une immersion magique dans la magie des f\u00eates de fin d&#8217;ann\u00e9e. Souvenir id\u00e9al de No\u00ebl Dimension : \u00d8 6 cm<\/p>\n","protected":false},"author":51,"featured_media":71911,"template":"","meta":{"_acf_changed":false},"product_brand":[],"product_cat":[550],"product_tag":[],"class_list":{"0":"post-71910","1":"product","2":"type-product","3":"status-publish","4":"has-post-thumbnail","6":"product_cat-magnets-porte-cles","8":"first","9":"outofstock","10":"shipping-taxable","11":"purchasable","12":"product-type-simple"},"acf":[],"_links":{"self":[{"href":"https:\/\/www.destination-saintquentin.fr\/en\/wp-json\/wp\/v2\/product\/71910","targetHints":{"allow":["GET"]}}],"collection":[{"href":"https:\/\/www.destination-saintquentin.fr\/en\/wp-json\/wp\/v2\/product"}],"about":[{"href":"https:\/\/www.destination-saintquentin.fr\/en\/wp-json\/wp\/v2\/types\/product"}],"author":[{"embeddable":true,"href":"https:\/\/www.destination-saintquentin.fr\/en\/wp-json\/wp\/v2\/users\/51"}],"wp:featuredmedia":[{"embeddable":true,"href":"https:\/\/www.destination-saintquentin.fr\/en\/wp-json\/wp\/v2\/media\/71911"}],"wp:attachment":[{"href":"https:\/\/www.destination-saintquentin.fr\/en\/wp-json\/wp\/v2\/media?parent=71910"}],"wp:term":[{"taxonomy":"product_brand","embeddable":true,"href":"https:\/\/www.destination-saintquentin.fr\/en\/wp-json\/wp\/v2\/product_brand?post=71910"},{"taxonomy":"product_cat","embeddable":true,"href":"https:\/\/www.destination-saintquentin.fr\/en\/wp-json\/wp\/v2\/product_cat?post=71910"},{"taxonomy":"product_tag","embeddable":true,"href":"https:\/\/www.destination-saintquentin.fr\/en\/wp-json\/wp\/v2\/product_tag?post=71910"}],"curies":[{"name":"wp","href":"https:\/\/api.w.org\/{rel}","templated":true}]}}