{"id":68647,"date":"2024-07-02T16:30:55","date_gmt":"2024-07-02T14:30:55","guid":{"rendered":"https:\/\/www.destination-saintquentin.fr\/produit\/porte-cle-saint-quentin\/"},"modified":"2026-05-05T19:28:53","modified_gmt":"2026-05-05T17:28:53","slug":"porte-cle-saint-quentin","status":"publish","type":"product","link":"https:\/\/www.destination-saintquentin.fr\/en\/produit\/porte-cle-saint-quentin\/","title":{"rendered":"Porte cl\u00e9 Saint-Quentin"},"content":{"rendered":"<p>Porte cl\u00e9 grav\u00e9 Saint-Quentin par la cr\u00e9atrice Bois &amp; Nature<br \/>\nA mettre sur ses cl\u00e9s de maison ou de travail, id\u00e9al pour montrer votre attrait pour le Saint-Quentinois !<\/p>\n","protected":false},"excerpt":{"rendered":"<p>Porte cl\u00e9 grav\u00e9 Saint-Quentin par la cr\u00e9atrice Bois &amp; Nature A mettre sur ses cl\u00e9s de maison ou de travail, id\u00e9al pour montrer votre attrait pour le Saint-Quentinois !<\/p>\n","protected":false},"author":51,"featured_media":67298,"template":"","meta":{"_acf_changed":false},"product_brand":[],"product_cat":[550],"product_tag":[],"class_list":{"0":"post-68647","1":"product","2":"type-product","3":"status-publish","4":"has-post-thumbnail","6":"product_cat-magnets-porte-cles","8":"first","9":"instock","10":"shipping-taxable","11":"purchasable","12":"product-type-simple"},"acf":[],"_links":{"self":[{"href":"https:\/\/www.destination-saintquentin.fr\/en\/wp-json\/wp\/v2\/product\/68647","targetHints":{"allow":["GET"]}}],"collection":[{"href":"https:\/\/www.destination-saintquentin.fr\/en\/wp-json\/wp\/v2\/product"}],"about":[{"href":"https:\/\/www.destination-saintquentin.fr\/en\/wp-json\/wp\/v2\/types\/product"}],"author":[{"embeddable":true,"href":"https:\/\/www.destination-saintquentin.fr\/en\/wp-json\/wp\/v2\/users\/51"}],"wp:featuredmedia":[{"embeddable":true,"href":"https:\/\/www.destination-saintquentin.fr\/en\/wp-json\/wp\/v2\/media\/67298"}],"wp:attachment":[{"href":"https:\/\/www.destination-saintquentin.fr\/en\/wp-json\/wp\/v2\/media?parent=68647"}],"wp:term":[{"taxonomy":"product_brand","embeddable":true,"href":"https:\/\/www.destination-saintquentin.fr\/en\/wp-json\/wp\/v2\/product_brand?post=68647"},{"taxonomy":"product_cat","embeddable":true,"href":"https:\/\/www.destination-saintquentin.fr\/en\/wp-json\/wp\/v2\/product_cat?post=68647"},{"taxonomy":"product_tag","embeddable":true,"href":"https:\/\/www.destination-saintquentin.fr\/en\/wp-json\/wp\/v2\/product_tag?post=68647"}],"curies":[{"name":"wp","href":"https:\/\/api.w.org\/{rel}","templated":true}]}}