{"id":68634,"date":"2024-07-02T16:30:54","date_gmt":"2024-07-02T14:30:54","guid":{"rendered":"https:\/\/www.destination-saintquentin.fr\/produit\/visite-guidee-au-musee-des-beaux-arts-visite-un-dimanche-gratuit-au-musee\/"},"modified":"2026-04-19T17:12:35","modified_gmt":"2026-04-19T15:12:35","slug":"visite-guidee-au-musee-des-beaux-arts-visite-un-dimanche-gratuit-au-musee","status":"publish","type":"product","link":"https:\/\/www.destination-saintquentin.fr\/en\/produit\/visite-guidee-au-musee-des-beaux-arts-visite-un-dimanche-gratuit-au-musee\/","title":{"rendered":"Visite guid\u00e9e au Mus\u00e9e des Beaux-Arts :  Un dimanche gratuit au Mus\u00e9e"},"content":{"rendered":"<p>Rdv au Mus\u00e9e Antoine L\u00e9cuyer<br \/>\nChaque premier dimanche du mois, le Mus\u00e9e des Beaux-Arts Antoine L\u00e9cuyer est en entr\u00e9e libre et gratuite \u00e0 la d\u00e9couverte du parcours permanent et des expositions temporaires. \u00c0 cette occasion, le mus\u00e9e vous offre \u00e9galement la possibilit\u00e9 de profiter d\u2019une visite guid\u00e9e gratuite,  propos\u00e9e par la soci\u00e9t\u00e9 des amis du mus\u00e9e.<\/p>\n<p>Th\u00e9matiques : <\/p>\n<p>Dimanche 4 janvier 2026 \u00e0 15h : <\/p>\n<p>Maurice-Quentin De la Tour au c\u0153ur de la bonne soci\u00e9t\u00e9 du XVIII\u00e8me si\u00e8cle <\/p>\n<p>Dimanche 1er f\u00e9vrier 2026 \u00e0 15h : <\/p>\n<p>La technique du pastel de Maurice-Quentin De La Tour aux artistes des XIX\u00e8me et XX\u00e8me si\u00e8cles <\/p>\n<p>Dimanche 3 mai 2026 \u00e0 15h : <\/p>\n<p>Aventures et p\u00e9rip\u00e9ties des collections du mus\u00e9e pendant les deux Guerres mondiales<\/p>\n<p>Dimanche 7 juin 2026 15h :<\/p>\n<p>Histoire et architecture du mus\u00e9e des Beaux-Arts Antoine Lecuyer<\/p>\n<p>R\u00e9servation obligatoire<\/p>\n","protected":false},"excerpt":{"rendered":"<p>Rdv au Mus\u00e9e Antoine L\u00e9cuyer Chaque premier dimanche du mois, le Mus\u00e9e des Beaux-Arts Antoine L\u00e9cuyer est en entr\u00e9e libre et gratuite \u00e0 la d\u00e9couverte du parcours permanent et des expositions temporaires. \u00c0 cette occasion, le mus\u00e9e vous offre \u00e9galement la possibilit\u00e9 de profiter d\u2019une visite guid\u00e9e gratuite, propos\u00e9e par la soci\u00e9t\u00e9 des amis du [&hellip;]<\/p>\n","protected":false},"author":0,"featured_media":67106,"template":"","meta":{"_acf_changed":false},"product_brand":[],"product_cat":[506],"product_tag":[],"class_list":{"0":"post-68634","1":"product","2":"type-product","3":"status-publish","4":"has-post-thumbnail","6":"product_cat-visites-guidees-patrimoine","8":"first","9":"instock","10":"shipping-taxable","11":"purchasable","12":"product-type-variable"},"acf":[],"_links":{"self":[{"href":"https:\/\/www.destination-saintquentin.fr\/en\/wp-json\/wp\/v2\/product\/68634","targetHints":{"allow":["GET"]}}],"collection":[{"href":"https:\/\/www.destination-saintquentin.fr\/en\/wp-json\/wp\/v2\/product"}],"about":[{"href":"https:\/\/www.destination-saintquentin.fr\/en\/wp-json\/wp\/v2\/types\/product"}],"wp:featuredmedia":[{"embeddable":true,"href":"https:\/\/www.destination-saintquentin.fr\/en\/wp-json\/wp\/v2\/media\/67106"}],"wp:attachment":[{"href":"https:\/\/www.destination-saintquentin.fr\/en\/wp-json\/wp\/v2\/media?parent=68634"}],"wp:term":[{"taxonomy":"product_brand","embeddable":true,"href":"https:\/\/www.destination-saintquentin.fr\/en\/wp-json\/wp\/v2\/product_brand?post=68634"},{"taxonomy":"product_cat","embeddable":true,"href":"https:\/\/www.destination-saintquentin.fr\/en\/wp-json\/wp\/v2\/product_cat?post=68634"},{"taxonomy":"product_tag","embeddable":true,"href":"https:\/\/www.destination-saintquentin.fr\/en\/wp-json\/wp\/v2\/product_tag?post=68634"}],"curies":[{"name":"wp","href":"https:\/\/api.w.org\/{rel}","templated":true}]}}