{"id":68435,"date":"2024-07-02T16:30:26","date_gmt":"2024-07-02T14:30:26","guid":{"rendered":"https:\/\/www.destination-saintquentin.fr\/produit\/magnet-la-vraie-ficelle-picarde-par-zigzag\/"},"modified":"2026-05-05T19:28:55","modified_gmt":"2026-05-05T17:28:55","slug":"magnet-la-vraie-ficelle-picarde-par-zigzag","status":"publish","type":"product","link":"https:\/\/www.destination-saintquentin.fr\/en\/produit\/magnet-la-vraie-ficelle-picarde-par-zigzag\/","title":{"rendered":"Magnet"},"content":{"rendered":"<p>La ficelle picarde, bien plus qu&#8217;une simple cr\u00eape sal\u00e9e, c&#8217;est LA sp\u00e9cialit\u00e9 culinaire picarde par excellence !<\/b><\/p>\n<p>N&#8217;oubliez plus jamais cette traditionnelle recette avec ce magnet \u00e0 mettre sur votre frigo ! <\/p>\n<p>Cr\u00e9ation originale de Zigzag<\/p>\n<p>Dimensions : 9\u00a0x 6.5 cm<\/b><\/p>\n","protected":false},"excerpt":{"rendered":"<p>La ficelle picarde, bien plus qu&#8217;une simple cr\u00eape sal\u00e9e, c&#8217;est LA sp\u00e9cialit\u00e9 culinaire picarde par excellence ! N&#8217;oubliez plus jamais cette traditionnelle recette avec ce magnet \u00e0 mettre sur votre frigo ! Cr\u00e9ation originale de Zigzag Dimensions : 9\u00a0x 6.5 cm<\/p>\n","protected":false},"author":51,"featured_media":59901,"template":"","meta":{"_acf_changed":false},"product_brand":[],"product_cat":[550],"product_tag":[],"class_list":{"0":"post-68435","1":"product","2":"type-product","3":"status-publish","4":"has-post-thumbnail","6":"product_cat-magnets-porte-cles","8":"first","9":"instock","10":"shipping-taxable","11":"purchasable","12":"product-type-simple"},"acf":[],"_links":{"self":[{"href":"https:\/\/www.destination-saintquentin.fr\/en\/wp-json\/wp\/v2\/product\/68435","targetHints":{"allow":["GET"]}}],"collection":[{"href":"https:\/\/www.destination-saintquentin.fr\/en\/wp-json\/wp\/v2\/product"}],"about":[{"href":"https:\/\/www.destination-saintquentin.fr\/en\/wp-json\/wp\/v2\/types\/product"}],"author":[{"embeddable":true,"href":"https:\/\/www.destination-saintquentin.fr\/en\/wp-json\/wp\/v2\/users\/51"}],"wp:featuredmedia":[{"embeddable":true,"href":"https:\/\/www.destination-saintquentin.fr\/en\/wp-json\/wp\/v2\/media\/59901"}],"wp:attachment":[{"href":"https:\/\/www.destination-saintquentin.fr\/en\/wp-json\/wp\/v2\/media?parent=68435"}],"wp:term":[{"taxonomy":"product_brand","embeddable":true,"href":"https:\/\/www.destination-saintquentin.fr\/en\/wp-json\/wp\/v2\/product_brand?post=68435"},{"taxonomy":"product_cat","embeddable":true,"href":"https:\/\/www.destination-saintquentin.fr\/en\/wp-json\/wp\/v2\/product_cat?post=68435"},{"taxonomy":"product_tag","embeddable":true,"href":"https:\/\/www.destination-saintquentin.fr\/en\/wp-json\/wp\/v2\/product_tag?post=68435"}],"curies":[{"name":"wp","href":"https:\/\/api.w.org\/{rel}","templated":true}]}}