{"id":68429,"date":"2024-07-02T16:30:26","date_gmt":"2024-07-02T14:30:26","guid":{"rendered":"https:\/\/www.destination-saintquentin.fr\/produit\/magnet-le-casino-par-ciel-bleu\/"},"modified":"2026-05-05T21:01:02","modified_gmt":"2026-05-05T19:01:02","slug":"magnet-le-casino-par-ciel-bleu","status":"publish","type":"product","link":"https:\/\/www.destination-saintquentin.fr\/en\/produit\/magnet-le-casino-par-ciel-bleu\/","title":{"rendered":"Magnet Le Casino"},"content":{"rendered":"<p><b id=\"docs-internal-guid-11e21593-7fff-3c4a-2d6d-7d40297a36e0\">Le mythique Casino de 1923 et sa splendide fa\u00e7ade Art D\u00e9co surmont\u00e9e de gigantesques t\u00eates de carnaval,\u00a0 famili\u00e8rement surnomm\u00e9s par les Saint-Quentinois : \u00ab Jean qui rit \u00bb et \u00ab Jean qui pleure \u00bb.<\/p>\n<p>Dimensions : 5.5 x 8 cm<\/b><\/p>\n","protected":false},"excerpt":{"rendered":"<p>Le mythique Casino de 1923 et sa splendide fa\u00e7ade Art D\u00e9co surmont\u00e9e de gigantesques t\u00eates de carnaval,\u00a0 famili\u00e8rement surnomm\u00e9s par les Saint-Quentinois : \u00ab Jean qui rit \u00bb et \u00ab Jean qui pleure \u00bb. Dimensions : 5.5 x 8 cm<\/p>\n","protected":false},"author":51,"featured_media":59898,"template":"","meta":{"_acf_changed":false},"product_brand":[],"product_cat":[550],"product_tag":[],"class_list":{"0":"post-68429","1":"product","2":"type-product","3":"status-publish","4":"has-post-thumbnail","6":"product_cat-magnets-porte-cles","8":"first","9":"instock","10":"shipping-taxable","11":"purchasable","12":"product-type-variable"},"acf":[],"_links":{"self":[{"href":"https:\/\/www.destination-saintquentin.fr\/en\/wp-json\/wp\/v2\/product\/68429","targetHints":{"allow":["GET"]}}],"collection":[{"href":"https:\/\/www.destination-saintquentin.fr\/en\/wp-json\/wp\/v2\/product"}],"about":[{"href":"https:\/\/www.destination-saintquentin.fr\/en\/wp-json\/wp\/v2\/types\/product"}],"author":[{"embeddable":true,"href":"https:\/\/www.destination-saintquentin.fr\/en\/wp-json\/wp\/v2\/users\/51"}],"wp:featuredmedia":[{"embeddable":true,"href":"https:\/\/www.destination-saintquentin.fr\/en\/wp-json\/wp\/v2\/media\/59898"}],"wp:attachment":[{"href":"https:\/\/www.destination-saintquentin.fr\/en\/wp-json\/wp\/v2\/media?parent=68429"}],"wp:term":[{"taxonomy":"product_brand","embeddable":true,"href":"https:\/\/www.destination-saintquentin.fr\/en\/wp-json\/wp\/v2\/product_brand?post=68429"},{"taxonomy":"product_cat","embeddable":true,"href":"https:\/\/www.destination-saintquentin.fr\/en\/wp-json\/wp\/v2\/product_cat?post=68429"},{"taxonomy":"product_tag","embeddable":true,"href":"https:\/\/www.destination-saintquentin.fr\/en\/wp-json\/wp\/v2\/product_tag?post=68429"}],"curies":[{"name":"wp","href":"https:\/\/api.w.org\/{rel}","templated":true}]}}