{"id":68382,"date":"2024-07-02T16:30:22","date_gmt":"2024-07-02T14:30:22","guid":{"rendered":"https:\/\/www.destination-saintquentin.fr\/produit\/le-casino\/"},"modified":"2026-04-19T15:19:50","modified_gmt":"2026-04-19T13:19:50","slug":"le-casino","status":"publish","type":"product","link":"https:\/\/www.destination-saintquentin.fr\/en\/produit\/le-casino\/","title":{"rendered":"Le Casino"},"content":{"rendered":"<p>RDV devant le Casino &#8211; NON REMBOURSABLE<br \/>\nLe Casino, symbole du faubourg d&#8217;Isle, fut tour \u00e0 tour un cin\u00e9ma, une discoth\u00e8que et salle de concert, une salle de jeux et m\u00eame un magasin de meubles !\u00a0 Restaur\u00e9 entre 2019 et 2021, il ouvre ses portes aux habitants du quartier ainsi qu&#8217;\u00e0 la population, dot\u00e9 de ses plus beaux atours. dans cette visite, l&#8217;un(e) de nos guides vous guidera \u00e0 travers le d\u00e9cor floral et les masques Art D\u00e9co restaur\u00e9s \u00e0 l&#8217;identique, en ponctuant sa visite d&#8217;anecdotes sur l&#8217;histoire mouvement\u00e9e du Casino !\u00a0<\/p>\n<p>Un justificatif devra \u00eatre pr\u00e9sent\u00e9 au guide pour tout billet gratuit ou \u00e0 tarif r\u00e9duit.<\/p>\n<p>Le tarif r\u00e9duit s\u2019applique aux \u00e9tudiants, aux personnes de plus de 65 ans, aux demandeurs d\u2019emploi, aux personnes en situation de handicap ainsi qu\u2019aux d\u00e9tenteurs du Pass \u00c9ducation.<\/p>\n<p>La gratuit\u00e9 concerne les moins de 18 ans, les guides-conf\u00e9renciers, les m\u00e9c\u00e8nes, la presse, les partenaires, les laur\u00e9ats de jeux concours, les visiteurs dans le cadre d\u2019op\u00e9rations sp\u00e9ciales, les porteurs de la carte ICOM, les personnes b\u00e9n\u00e9ficiant d\u2019invitations de la Ville ainsi que l\u2019accompagnant d\u2019une personne en situation de handicap.<\/p>\n<p>Attention : chaque participant, y compris les enfants en bas \u00e2ge, doit \u00eatre muni d\u2019un billet pour acc\u00e9der \u00e0 la visite.<\/p>\n","protected":false},"excerpt":{"rendered":"<p>RDV devant le Casino &#8211; NON REMBOURSABLE Le Casino, symbole du faubourg d&#8217;Isle, fut tour \u00e0 tour un cin\u00e9ma, une discoth\u00e8que et salle de concert, une salle de jeux et m\u00eame un magasin de meubles !\u00a0 Restaur\u00e9 entre 2019 et 2021, il ouvre ses portes aux habitants du quartier ainsi qu&#8217;\u00e0 la population, dot\u00e9 de [&hellip;]<\/p>\n","protected":false},"author":0,"featured_media":28738,"template":"","meta":{"_acf_changed":false},"product_brand":[],"product_cat":[506],"product_tag":[],"class_list":{"0":"post-68382","1":"product","2":"type-product","3":"status-publish","4":"has-post-thumbnail","6":"product_cat-visites-guidees-patrimoine","8":"first","9":"instock","10":"shipping-taxable","11":"purchasable","12":"product-type-variable"},"acf":[],"_links":{"self":[{"href":"https:\/\/www.destination-saintquentin.fr\/en\/wp-json\/wp\/v2\/product\/68382","targetHints":{"allow":["GET"]}}],"collection":[{"href":"https:\/\/www.destination-saintquentin.fr\/en\/wp-json\/wp\/v2\/product"}],"about":[{"href":"https:\/\/www.destination-saintquentin.fr\/en\/wp-json\/wp\/v2\/types\/product"}],"wp:featuredmedia":[{"embeddable":true,"href":"https:\/\/www.destination-saintquentin.fr\/en\/wp-json\/wp\/v2\/media\/28738"}],"wp:attachment":[{"href":"https:\/\/www.destination-saintquentin.fr\/en\/wp-json\/wp\/v2\/media?parent=68382"}],"wp:term":[{"taxonomy":"product_brand","embeddable":true,"href":"https:\/\/www.destination-saintquentin.fr\/en\/wp-json\/wp\/v2\/product_brand?post=68382"},{"taxonomy":"product_cat","embeddable":true,"href":"https:\/\/www.destination-saintquentin.fr\/en\/wp-json\/wp\/v2\/product_cat?post=68382"},{"taxonomy":"product_tag","embeddable":true,"href":"https:\/\/www.destination-saintquentin.fr\/en\/wp-json\/wp\/v2\/product_tag?post=68382"}],"curies":[{"name":"wp","href":"https:\/\/api.w.org\/{rel}","templated":true}]}}