{"id":68360,"date":"2024-07-02T16:30:19","date_gmt":"2024-07-02T14:30:19","guid":{"rendered":"https:\/\/www.destination-saintquentin.fr\/produit\/magnet-maurice-quentin-de-la-tour-par-amay-sancha\/"},"modified":"2026-05-05T21:01:17","modified_gmt":"2026-05-05T19:01:17","slug":"magnet-maurice-quentin-de-la-tour-par-amay-sancha","status":"publish","type":"product","link":"https:\/\/www.destination-saintquentin.fr\/en\/produit\/magnet-maurice-quentin-de-la-tour-par-amay-sancha\/","title":{"rendered":"Magnet &#8220;Maurice Quentin de la Tour&#8221; par Amay Sancha"},"content":{"rendered":"<p dir=\"ltr\"><b id=\"docs-internal-guid-b48450b8-7fff-9817-3210-8de6c620ff2b\">Amay Sancha, illustratrice Saint-Quentinoise de talent, met sa touche enfantine sur la repr\u00e9sentation du c\u00e9l\u00e8bre pastelliste Maurice Quentin de la Tour, figure embl\u00e9matique de Saint-Quentin.<\/b><\/p>\n<p dir=\"ltr\"><b id=\"docs-internal-guid-b48450b8-7fff-9817-3210-8de6c620ff2b\">Produit disponible exclusivement dans notre boutique !<\/b><\/p>\n<p dir=\"ltr\"><b id=\"docs-internal-guid-b48450b8-7fff-9817-3210-8de6c620ff2b\">Dimension : 8 x 5.5 cm<\/b><\/p>\n","protected":false},"excerpt":{"rendered":"<p>Amay Sancha, illustratrice Saint-Quentinoise de talent, met sa touche enfantine sur la repr\u00e9sentation du c\u00e9l\u00e8bre pastelliste Maurice Quentin de la Tour, figure embl\u00e9matique de Saint-Quentin. Produit disponible exclusivement dans notre boutique ! Dimension : 8 x 5.5 cm<\/p>\n","protected":false},"author":51,"featured_media":59614,"template":"","meta":{"_acf_changed":false},"product_brand":[],"product_cat":[550],"product_tag":[],"class_list":{"0":"post-68360","1":"product","2":"type-product","3":"status-publish","4":"has-post-thumbnail","6":"product_cat-magnets-porte-cles","8":"first","9":"instock","10":"shipping-taxable","11":"purchasable","12":"product-type-simple"},"acf":[],"_links":{"self":[{"href":"https:\/\/www.destination-saintquentin.fr\/en\/wp-json\/wp\/v2\/product\/68360","targetHints":{"allow":["GET"]}}],"collection":[{"href":"https:\/\/www.destination-saintquentin.fr\/en\/wp-json\/wp\/v2\/product"}],"about":[{"href":"https:\/\/www.destination-saintquentin.fr\/en\/wp-json\/wp\/v2\/types\/product"}],"author":[{"embeddable":true,"href":"https:\/\/www.destination-saintquentin.fr\/en\/wp-json\/wp\/v2\/users\/51"}],"wp:featuredmedia":[{"embeddable":true,"href":"https:\/\/www.destination-saintquentin.fr\/en\/wp-json\/wp\/v2\/media\/59614"}],"wp:attachment":[{"href":"https:\/\/www.destination-saintquentin.fr\/en\/wp-json\/wp\/v2\/media?parent=68360"}],"wp:term":[{"taxonomy":"product_brand","embeddable":true,"href":"https:\/\/www.destination-saintquentin.fr\/en\/wp-json\/wp\/v2\/product_brand?post=68360"},{"taxonomy":"product_cat","embeddable":true,"href":"https:\/\/www.destination-saintquentin.fr\/en\/wp-json\/wp\/v2\/product_cat?post=68360"},{"taxonomy":"product_tag","embeddable":true,"href":"https:\/\/www.destination-saintquentin.fr\/en\/wp-json\/wp\/v2\/product_tag?post=68360"}],"curies":[{"name":"wp","href":"https:\/\/api.w.org\/{rel}","templated":true}]}}