{"id":68290,"date":"2024-07-02T16:30:05","date_gmt":"2024-07-02T14:30:05","guid":{"rendered":"https:\/\/www.destination-saintquentin.fr\/produit\/porte-cle-musee-a-lecuyer\/"},"modified":"2026-05-05T21:01:18","modified_gmt":"2026-05-05T19:01:18","slug":"porte-cle-musee-a-lecuyer","status":"publish","type":"product","link":"https:\/\/www.destination-saintquentin.fr\/en\/produit\/porte-cle-musee-a-lecuyer\/","title":{"rendered":"porte-cl\u00e9 Mus\u00e9e A. L\u00e9cuyer"},"content":{"rendered":"<p dir=\"ltr\"><b id=\"docs-internal-guid-0dad98c6-7fff-3694-a47e-fa728dbdece8\">Porte-cl\u00e9 \u00e0 l\u2019effigie du Mus\u00e9e Antoine L\u00e9cuyer\u00a0de St-Quentin, avec une face illustrant la fa\u00e7ade\u00a0et l\u2019autre le visage de Maurice Quentin de la Tour, illustre pastelliste Saint-Quentinois.<\/b><\/p>\n<p dir=\"ltr\"><b id=\"docs-internal-guid-0dad98c6-7fff-3694-a47e-fa728dbdece8\">Fabriqu\u00e9 par les Etains du Val des Cygnes (Valenciennes), en exclusivit\u00e9 pour notre boutique.<\/p>\n","protected":false},"excerpt":{"rendered":"<p>Porte-cl\u00e9 \u00e0 l\u2019effigie du Mus\u00e9e Antoine L\u00e9cuyer\u00a0de St-Quentin, avec une face illustrant la fa\u00e7ade\u00a0et l\u2019autre le visage de Maurice Quentin de la Tour, illustre pastelliste Saint-Quentinois. Fabriqu\u00e9 par les Etains du Val des Cygnes (Valenciennes), en exclusivit\u00e9 pour notre boutique.<\/p>\n","protected":false},"author":51,"featured_media":61500,"template":"","meta":{"_acf_changed":false},"product_brand":[],"product_cat":[550],"product_tag":[],"class_list":{"0":"post-68290","1":"product","2":"type-product","3":"status-publish","4":"has-post-thumbnail","6":"product_cat-magnets-porte-cles","8":"first","9":"instock","10":"shipping-taxable","11":"purchasable","12":"product-type-simple"},"acf":[],"_links":{"self":[{"href":"https:\/\/www.destination-saintquentin.fr\/en\/wp-json\/wp\/v2\/product\/68290","targetHints":{"allow":["GET"]}}],"collection":[{"href":"https:\/\/www.destination-saintquentin.fr\/en\/wp-json\/wp\/v2\/product"}],"about":[{"href":"https:\/\/www.destination-saintquentin.fr\/en\/wp-json\/wp\/v2\/types\/product"}],"author":[{"embeddable":true,"href":"https:\/\/www.destination-saintquentin.fr\/en\/wp-json\/wp\/v2\/users\/51"}],"wp:featuredmedia":[{"embeddable":true,"href":"https:\/\/www.destination-saintquentin.fr\/en\/wp-json\/wp\/v2\/media\/61500"}],"wp:attachment":[{"href":"https:\/\/www.destination-saintquentin.fr\/en\/wp-json\/wp\/v2\/media?parent=68290"}],"wp:term":[{"taxonomy":"product_brand","embeddable":true,"href":"https:\/\/www.destination-saintquentin.fr\/en\/wp-json\/wp\/v2\/product_brand?post=68290"},{"taxonomy":"product_cat","embeddable":true,"href":"https:\/\/www.destination-saintquentin.fr\/en\/wp-json\/wp\/v2\/product_cat?post=68290"},{"taxonomy":"product_tag","embeddable":true,"href":"https:\/\/www.destination-saintquentin.fr\/en\/wp-json\/wp\/v2\/product_tag?post=68290"}],"curies":[{"name":"wp","href":"https:\/\/api.w.org\/{rel}","templated":true}]}}