{"id":68254,"date":"2024-07-02T16:30:00","date_gmt":"2024-07-02T14:30:00","guid":{"rendered":"https:\/\/www.destination-saintquentin.fr\/produit\/gouter-au-buffet-de-la-gare\/"},"modified":"2026-04-19T13:18:27","modified_gmt":"2026-04-19T11:18:27","slug":"gouter-au-buffet-de-la-gare","status":"publish","type":"product","link":"https:\/\/www.destination-saintquentin.fr\/en\/produit\/gouter-au-buffet-de-la-gare\/","title":{"rendered":"Go\u00fbter au Buffet de la Gare"},"content":{"rendered":"<p>Rendez-vous devant le Buffet de la Gare &#8211; NON REMBOURSABLE<br \/>\nLe Buffet de la gare vous invite \u00e0 venir go\u00fbter \u00e0 sa table, que vous soyez seul, entre amis ou en famille. Boissons fra\u00eeches et g\u00e2teaux artisanaux vous attendent pour partager, en compagnie d&#8217;un guide-conf\u00e9rencier, un moment riche en d\u00e9couvertes dans ce Monument historique Art d\u00e9co restaur\u00e9 en 2017.<br \/>\n<br \/>\nUn justificatif devra \u00eatre pr\u00e9sent\u00e9 au guide pour tout billet gratuit ou \u00e0 tarif r\u00e9duit.<\/p>\n<p>Le tarif r\u00e9duit s\u2019applique aux \u00e9tudiants, aux personnes de plus de 65 ans, aux demandeurs d\u2019emploi, aux personnes en situation de handicap ainsi qu\u2019aux d\u00e9tenteurs du Pass \u00c9ducation.<\/p>\n<p>La gratuit\u00e9 concerne les moins de 18 ans, les guides-conf\u00e9renciers, les m\u00e9c\u00e8nes, la presse, les partenaires, les laur\u00e9ats de jeux concours, les visiteurs dans le cadre d\u2019op\u00e9rations sp\u00e9ciales, les porteurs de la carte ICOM, les personnes b\u00e9n\u00e9ficiant d\u2019invitations de la Ville ainsi que l\u2019accompagnant d\u2019une personne en situation de handicap.<\/p>\n<p>Attention : chaque participant, y compris les enfants en bas \u00e2ge, doit \u00eatre muni d\u2019un billet pour acc\u00e9der \u00e0 la visite.<\/p>\n","protected":false},"excerpt":{"rendered":"<p>Rendez-vous devant le Buffet de la Gare &#8211; NON REMBOURSABLE Le Buffet de la gare vous invite \u00e0 venir go\u00fbter \u00e0 sa table, que vous soyez seul, entre amis ou en famille. Boissons fra\u00eeches et g\u00e2teaux artisanaux vous attendent pour partager, en compagnie d&#8217;un guide-conf\u00e9rencier, un moment riche en d\u00e9couvertes dans ce Monument historique Art [&hellip;]<\/p>\n","protected":false},"author":0,"featured_media":27941,"template":"","meta":{"_acf_changed":false},"product_brand":[],"product_cat":[506],"product_tag":[],"class_list":{"0":"post-68254","1":"product","2":"type-product","3":"status-publish","4":"has-post-thumbnail","6":"product_cat-visites-guidees-patrimoine","8":"first","9":"instock","10":"shipping-taxable","11":"purchasable","12":"product-type-variable"},"acf":[],"_links":{"self":[{"href":"https:\/\/www.destination-saintquentin.fr\/en\/wp-json\/wp\/v2\/product\/68254","targetHints":{"allow":["GET"]}}],"collection":[{"href":"https:\/\/www.destination-saintquentin.fr\/en\/wp-json\/wp\/v2\/product"}],"about":[{"href":"https:\/\/www.destination-saintquentin.fr\/en\/wp-json\/wp\/v2\/types\/product"}],"wp:featuredmedia":[{"embeddable":true,"href":"https:\/\/www.destination-saintquentin.fr\/en\/wp-json\/wp\/v2\/media\/27941"}],"wp:attachment":[{"href":"https:\/\/www.destination-saintquentin.fr\/en\/wp-json\/wp\/v2\/media?parent=68254"}],"wp:term":[{"taxonomy":"product_brand","embeddable":true,"href":"https:\/\/www.destination-saintquentin.fr\/en\/wp-json\/wp\/v2\/product_brand?post=68254"},{"taxonomy":"product_cat","embeddable":true,"href":"https:\/\/www.destination-saintquentin.fr\/en\/wp-json\/wp\/v2\/product_cat?post=68254"},{"taxonomy":"product_tag","embeddable":true,"href":"https:\/\/www.destination-saintquentin.fr\/en\/wp-json\/wp\/v2\/product_tag?post=68254"}],"curies":[{"name":"wp","href":"https:\/\/api.w.org\/{rel}","templated":true}]}}