{"id":68229,"date":"2024-07-02T16:29:58","date_gmt":"2024-07-02T14:29:58","guid":{"rendered":"https:\/\/www.destination-saintquentin.fr\/produit\/petit-dejeuner-au-buffet-de-la-gare\/"},"modified":"2026-04-19T13:38:06","modified_gmt":"2026-04-19T11:38:06","slug":"petit-dejeuner-au-buffet-de-la-gare","status":"publish","type":"product","link":"https:\/\/www.destination-saintquentin.fr\/en\/produit\/petit-dejeuner-au-buffet-de-la-gare\/","title":{"rendered":"Petit-d\u00e9jeuner au Buffet de la Gare"},"content":{"rendered":"<p>Rendez-vous devant le Buffet de la Gare &#8211; NON REMBOURSABLE<\/p>\n<p>Bienvenue au Buffet de la gare, joyau de l\u2019Art d\u00e9co saint-quentinois ! Imaginez-vous en 1926, en train d\u2019attendre votre correspondance dans un lieu raffin\u00e9\u2026<\/p>\n<p>Un justificatif devra \u00eatre pr\u00e9sent\u00e9 au guide pour tout billet gratuit ou \u00e0 tarif r\u00e9duit.<\/p>\n<p>Le tarif r\u00e9duit s\u2019applique aux \u00e9tudiants, aux personnes de plus de 65 ans, aux demandeurs d\u2019emploi, aux personnes en situation de handicap ainsi qu\u2019aux d\u00e9tenteurs du Pass \u00c9ducation.<\/p>\n<p>La gratuit\u00e9 concerne les moins de 18 ans, les guides-conf\u00e9renciers, les m\u00e9c\u00e8nes, la presse, les partenaires, les laur\u00e9ats de jeux concours, les visiteurs dans le cadre d\u2019op\u00e9rations sp\u00e9ciales, les porteurs de la carte ICOM, les personnes b\u00e9n\u00e9ficiant d\u2019invitations de la Ville ainsi que l\u2019accompagnant d\u2019une personne en situation de handicap.<\/p>\n<p>Attention : chaque participant, y compris les enfants en bas \u00e2ge, doit \u00eatre muni d\u2019un billet pour acc\u00e9der \u00e0 la visite.<br \/>\n\u00a0<\/p>\n","protected":false},"excerpt":{"rendered":"<p>Rendez-vous devant le Buffet de la Gare &#8211; NON REMBOURSABLE Bienvenue au Buffet de la gare, joyau de l\u2019Art d\u00e9co saint-quentinois ! Imaginez-vous en 1926, en train d\u2019attendre votre correspondance dans un lieu raffin\u00e9\u2026 Un justificatif devra \u00eatre pr\u00e9sent\u00e9 au guide pour tout billet gratuit ou \u00e0 tarif r\u00e9duit. Le tarif r\u00e9duit s\u2019applique aux \u00e9tudiants, [&hellip;]<\/p>\n","protected":false},"author":0,"featured_media":27925,"template":"","meta":{"_acf_changed":false},"product_brand":[],"product_cat":[506],"product_tag":[],"class_list":{"0":"post-68229","1":"product","2":"type-product","3":"status-publish","4":"has-post-thumbnail","6":"product_cat-visites-guidees-patrimoine","8":"first","9":"instock","10":"shipping-taxable","11":"purchasable","12":"product-type-variable"},"acf":[],"_links":{"self":[{"href":"https:\/\/www.destination-saintquentin.fr\/en\/wp-json\/wp\/v2\/product\/68229","targetHints":{"allow":["GET"]}}],"collection":[{"href":"https:\/\/www.destination-saintquentin.fr\/en\/wp-json\/wp\/v2\/product"}],"about":[{"href":"https:\/\/www.destination-saintquentin.fr\/en\/wp-json\/wp\/v2\/types\/product"}],"wp:featuredmedia":[{"embeddable":true,"href":"https:\/\/www.destination-saintquentin.fr\/en\/wp-json\/wp\/v2\/media\/27925"}],"wp:attachment":[{"href":"https:\/\/www.destination-saintquentin.fr\/en\/wp-json\/wp\/v2\/media?parent=68229"}],"wp:term":[{"taxonomy":"product_brand","embeddable":true,"href":"https:\/\/www.destination-saintquentin.fr\/en\/wp-json\/wp\/v2\/product_brand?post=68229"},{"taxonomy":"product_cat","embeddable":true,"href":"https:\/\/www.destination-saintquentin.fr\/en\/wp-json\/wp\/v2\/product_cat?post=68229"},{"taxonomy":"product_tag","embeddable":true,"href":"https:\/\/www.destination-saintquentin.fr\/en\/wp-json\/wp\/v2\/product_tag?post=68229"}],"curies":[{"name":"wp","href":"https:\/\/api.w.org\/{rel}","templated":true}]}}