{"id":8509,"date":"2021-09-14T14:40:44","date_gmt":"2021-09-14T12:40:44","guid":{"rendered":"https:\/\/www.destination-saintquentin.fr\/la-destination\/vous-allez-adorer\/"},"modified":"2022-09-07T16:53:45","modified_gmt":"2022-09-07T14:53:45","slug":"vous-allez-adorer","status":"publish","type":"page","link":"https:\/\/www.destination-saintquentin.fr\/en\/la-destination\/vous-allez-adorer\/","title":{"rendered":"Vous allez adorer"},"content":{"rendered":"<div class=\"wpb-content-wrapper\"><p>[vc_row equal_height=&#8221;yes&#8221; el_class=&#8221;modele-intro&#8221;][vc_column width=&#8221;1\/2&#8243; css=&#8221;.vc_custom_1637227258921{background-image: url(https:\/\/www.destination-saintquentin.fr\/wp-content\/uploads\/2021\/11\/destination-saint-quentin-a-ne-pas-manquer-que-faire-que-voir-scaled.jpg?id=10665) !important;}&#8221; el_class=&#8221;modele-intro-background&#8221;][\/vc_column][vc_column width=&#8221;1\/2&#8243;]<div class=\"titre-high\"><div class=\"titre-high_symbole\"><\/div><p class=\"titre-high_pretitre\"><\/p><h2 class=\"titre-high_titre\">Vous allez adorer !<\/h2><p class=\"titre-high_soustitre\"><\/p><div class=\"titre-high_vague\"><\/div><\/div>[vc_column_text]Le Saint-Quentinois regorge de p\u00e9pites, toutes plus fantastiques les unes que les autres.<\/p>\n<p>Notre \u00e9quipe d&#8217;experts vous propose une s\u00e9lection de lieux, d&#8217;\u00e9v\u00e9nements qu&#8217;il ne faut pas manquer !<\/p>\n<h4>Et croyez-nous, nous vivons ici toute l&#8217;ann\u00e9e&#8230; et depuis tr\u00e8s longtemps !<\/h4>\n<p>[\/vc_column_text][\/vc_column][\/vc_row][vc_row][vc_column]<div id=\"actualites-list-page\" class=\"actualites-list-page\"><div class=\"actualites-sub-list\"><div class=\"actualites-sub-container\"><div class=\"actualites-sub-listitem-image\" style=\"background-image:url('https:\/\/www.destination-saintquentin.fr\/wp-content\/uploads\/2021\/11\/destination-saint-quentin-tourisme-marais-isle-basilique-Promesse.jpg');\"><div class=\"actualites-filter\"><\/div><div class=\"actualites-sub-list-item-container\"><div class=\"actualites-date\"><p class=\"liste-date_jour\">Tuesday<\/p><p class=\"liste-date_nombre\">09<\/p><p class=\"liste-date_mois\">November<\/p><\/div><\/div><\/div><div class=\"actualites-categcont\"><h3>One of the incontournables<\/h3><p>...<\/p><a class=\"boutPlein coul1\" href=\"https:\/\/www.destination-saintquentin.fr\/en\/one-of-the-incontournables\/\">En savoir plus<\/a><\/div><\/div><\/div><\/div>[\/vc_column][\/vc_row]<\/p>\n<\/div>","protected":false},"excerpt":{"rendered":"<p>[vc_row equal_height=&#8221;yes&#8221; el_class=&#8221;modele-intro&#8221;][vc_column width=&#8221;1\/2&#8243; css=&#8221;.vc_custom_1637227258921{background-image: url(https:\/\/www.destination-saintquentin.fr\/wp-content\/uploads\/2021\/11\/destination-saint-quentin-a-ne-pas-manquer-que-faire-que-voir-scaled.jpg?id=10665) !important;}&#8221; el_class=&#8221;modele-intro-background&#8221;][\/vc_column][vc_column width=&#8221;1\/2&#8243;][vc_column_text]Le Saint-Quentinois regorge de p\u00e9pites, toutes plus fantastiques les unes que les autres. Notre \u00e9quipe d&#8217;experts vous propose une s\u00e9lection de lieux, d&#8217;\u00e9v\u00e9nements qu&#8217;il ne faut pas manquer ! Et croyez-nous, nous vivons ici toute l&#8217;ann\u00e9e&#8230; et depuis tr\u00e8s longtemps ! [\/vc_column_text][\/vc_column][\/vc_row][vc_row][vc_column][\/vc_column][\/vc_row]<\/p>\n","protected":false},"author":2,"featured_media":0,"parent":8505,"menu_order":1,"comment_status":"closed","ping_status":"closed","template":"","meta":{"_acf_changed":false,"footnotes":""},"class_list":["post-8509","page","type-page","status-publish","hentry"],"acf":[],"_links":{"self":[{"href":"https:\/\/www.destination-saintquentin.fr\/en\/wp-json\/wp\/v2\/pages\/8509","targetHints":{"allow":["GET"]}}],"collection":[{"href":"https:\/\/www.destination-saintquentin.fr\/en\/wp-json\/wp\/v2\/pages"}],"about":[{"href":"https:\/\/www.destination-saintquentin.fr\/en\/wp-json\/wp\/v2\/types\/page"}],"author":[{"embeddable":true,"href":"https:\/\/www.destination-saintquentin.fr\/en\/wp-json\/wp\/v2\/users\/2"}],"replies":[{"embeddable":true,"href":"https:\/\/www.destination-saintquentin.fr\/en\/wp-json\/wp\/v2\/comments?post=8509"}],"version-history":[{"count":0,"href":"https:\/\/www.destination-saintquentin.fr\/en\/wp-json\/wp\/v2\/pages\/8509\/revisions"}],"up":[{"embeddable":true,"href":"https:\/\/www.destination-saintquentin.fr\/en\/wp-json\/wp\/v2\/pages\/8505"}],"wp:attachment":[{"href":"https:\/\/www.destination-saintquentin.fr\/en\/wp-json\/wp\/v2\/media?parent=8509"}],"curies":[{"name":"wp","href":"https:\/\/api.w.org\/{rel}","templated":true}]}}