{"id":84630,"date":"2026-03-31T03:02:48","date_gmt":"2026-03-31T01:02:48","guid":{"rendered":"https:\/\/www.destination-saintquentin.fr\/produit\/la-construction-de-la-collegiale-de-saint-quentin\/"},"modified":"2026-04-19T18:34:42","modified_gmt":"2026-04-19T16:34:42","slug":"la-construction-de-la-collegiale-de-saint-quentin","status":"publish","type":"product","link":"https:\/\/www.destination-saintquentin.fr\/de\/produit\/la-construction-de-la-collegiale-de-saint-quentin\/","title":{"rendered":"La construction de la Coll\u00e9giale de Saint-Quentin"},"content":{"rendered":"<p>RDV devant la Basilique &#8211; NON REMBOURSABLE<br \/>\nDans l&#8217;extraordinaire \u00e9lan de la construction des cath\u00e9drales au Moyen-\u00c2ge, Saint-Quentin verra la construction de sa coll\u00e9giale entre le XII\u00e8me et le XVe si\u00e8cle.<\/p>\n<p>Au cours d\u2019une conf\u00e9rence, il s\u2019agira de comprendre, pourquoi et comment vont na\u00eetre ces immenses et lumineuses \u00e9glises. D\u2019un manuscrit myst\u00e9rieux, d\u2019un concept de pens\u00e9e \u00e9labor\u00e9, d\u2019une approche symbolique, vous apprendrez tout d\u2019une histoire complexe et merveilleuse. Le guide conf\u00e9rencier abordera la complexit\u00e9 technique et architecturale ainsi que la conception symbolique de la construction. Puis, il vous emm\u00e8nera \u00e0 la recherche des diff\u00e9rentes inscriptions cach\u00e9es des compagnons b\u00e2tisseurs. <\/p>\n<p>Tarif r\u00e9duit applicable sur pr\u00e9sentation d\u2019un justificatif aux \u00e9tudiants, personnes \u00e2g\u00e9es de plus de 65 ans, personnes en situation de handicap, demandeurs d\u2019emploi, d\u00e9tenteurs du \u00ab Pass \u00e9ducation \u00bb<\/p>\n<p>Gratuit\u00e9 applicable sur pr\u00e9sentation d\u2019un justificatif aux personnes \u00e2g\u00e9es de moins de 18 ans, membres des Amis du mus\u00e9e Antoine L\u00e9cuyer, guides conf\u00e9renciers, m\u00e9c\u00e8nes, presse, partenaires, laur\u00e9ats de jeux concours organis\u00e9s par la Ville<\/p>\n<p>Gratuit\u00e9 applicable \u00e0 un accompagnant d\u2019une personne en situation de handicap<\/p>\n","protected":false},"excerpt":{"rendered":"<p>RDV devant la Basilique &#8211; NON REMBOURSABLE Dans l&#8217;extraordinaire \u00e9lan de la construction des cath\u00e9drales au Moyen-\u00c2ge, Saint-Quentin verra la construction de sa coll\u00e9giale entre le XII\u00e8me et le XVe si\u00e8cle. Au cours d\u2019une conf\u00e9rence, il s\u2019agira de comprendre, pourquoi et comment vont na\u00eetre ces immenses et lumineuses \u00e9glises. D\u2019un manuscrit myst\u00e9rieux, d\u2019un concept de [&hellip;]<\/p>\n","protected":false},"author":0,"featured_media":84643,"template":"","meta":{"_acf_changed":false},"product_brand":[],"product_cat":[506],"product_tag":[],"class_list":{"0":"post-84630","1":"product","2":"type-product","3":"status-publish","4":"has-post-thumbnail","6":"product_cat-visites-guidees-patrimoine","8":"first","9":"instock","10":"shipping-taxable","11":"purchasable","12":"product-type-variable"},"acf":[],"_links":{"self":[{"href":"https:\/\/www.destination-saintquentin.fr\/de\/wp-json\/wp\/v2\/product\/84630","targetHints":{"allow":["GET"]}}],"collection":[{"href":"https:\/\/www.destination-saintquentin.fr\/de\/wp-json\/wp\/v2\/product"}],"about":[{"href":"https:\/\/www.destination-saintquentin.fr\/de\/wp-json\/wp\/v2\/types\/product"}],"wp:featuredmedia":[{"embeddable":true,"href":"https:\/\/www.destination-saintquentin.fr\/de\/wp-json\/wp\/v2\/media\/84643"}],"wp:attachment":[{"href":"https:\/\/www.destination-saintquentin.fr\/de\/wp-json\/wp\/v2\/media?parent=84630"}],"wp:term":[{"taxonomy":"product_brand","embeddable":true,"href":"https:\/\/www.destination-saintquentin.fr\/de\/wp-json\/wp\/v2\/product_brand?post=84630"},{"taxonomy":"product_cat","embeddable":true,"href":"https:\/\/www.destination-saintquentin.fr\/de\/wp-json\/wp\/v2\/product_cat?post=84630"},{"taxonomy":"product_tag","embeddable":true,"href":"https:\/\/www.destination-saintquentin.fr\/de\/wp-json\/wp\/v2\/product_tag?post=84630"}],"curies":[{"name":"wp","href":"https:\/\/api.w.org\/{rel}","templated":true}]}}