{"id":84614,"date":"2026-03-31T03:02:45","date_gmt":"2026-03-31T01:02:45","guid":{"rendered":"https:\/\/www.destination-saintquentin.fr\/produit\/balade-botanique\/"},"modified":"2026-04-19T16:57:57","modified_gmt":"2026-04-19T14:57:57","slug":"balade-botanique","status":"publish","type":"product","link":"https:\/\/www.destination-saintquentin.fr\/de\/produit\/balade-botanique\/","title":{"rendered":"Balade botanique"},"content":{"rendered":"<p>RDV Parking de la r\u00e9sidence Saint-Martin,<br \/>\n96 rue de Paris &#8211; NON REMBOURSABLE<br \/>\nConnaissez-vous l\u2019herboristerie ? Il s\u2019agit de d\u00e9couvrir les plantes sauvages d\u2019un point de vue botanique, d\u2019en d\u00e9couvrir les vertus m\u00e9dicinale set leur utilisation. Muni de votre carnet de notes et en compagnie d\u2019un guide botaniste et phytoth\u00e9rapeute, venez d\u00e9couvrir cette discipline lors d\u2019une promenade le long de la ceinture verte, en haut de la rue de Paris. <\/p>\n<p>Tarif r\u00e9duit applicable sur pr\u00e9sentation d\u2019un justificatif aux \u00e9tudiants, personnes \u00e2g\u00e9es de plus de 65 ans, personnes en situation de handicap, demandeurs d\u2019emploi, d\u00e9tenteurs du \u00ab Pass \u00e9ducation \u00bb<\/p>\n<p>Gratuit\u00e9 applicable sur pr\u00e9sentation d\u2019un justificatif aux personnes \u00e2g\u00e9es de moins de 18 ans, membres des Amis du mus\u00e9e Antoine L\u00e9cuyer, guides conf\u00e9renciers, m\u00e9c\u00e8nes, presse, partenaires, laur\u00e9ats de jeux concours organis\u00e9s par la Ville<\/p>\n<p>Gratuit\u00e9 applicable \u00e0 un accompagnant d\u2019une personne en situation de handicap<\/p>\n","protected":false},"excerpt":{"rendered":"<p>RDV Parking de la r\u00e9sidence Saint-Martin, 96 rue de Paris &#8211; NON REMBOURSABLE Connaissez-vous l\u2019herboristerie ? Il s\u2019agit de d\u00e9couvrir les plantes sauvages d\u2019un point de vue botanique, d\u2019en d\u00e9couvrir les vertus m\u00e9dicinale set leur utilisation. Muni de votre carnet de notes et en compagnie d\u2019un guide botaniste et phytoth\u00e9rapeute, venez d\u00e9couvrir cette discipline lors [&hellip;]<\/p>\n","protected":false},"author":0,"featured_media":84620,"template":"","meta":{"_acf_changed":false},"product_brand":[],"product_cat":[506],"product_tag":[],"class_list":{"0":"post-84614","1":"product","2":"type-product","3":"status-publish","4":"has-post-thumbnail","6":"product_cat-visites-guidees-patrimoine","8":"first","9":"instock","10":"shipping-taxable","11":"purchasable","12":"product-type-variable"},"acf":[],"_links":{"self":[{"href":"https:\/\/www.destination-saintquentin.fr\/de\/wp-json\/wp\/v2\/product\/84614","targetHints":{"allow":["GET"]}}],"collection":[{"href":"https:\/\/www.destination-saintquentin.fr\/de\/wp-json\/wp\/v2\/product"}],"about":[{"href":"https:\/\/www.destination-saintquentin.fr\/de\/wp-json\/wp\/v2\/types\/product"}],"wp:featuredmedia":[{"embeddable":true,"href":"https:\/\/www.destination-saintquentin.fr\/de\/wp-json\/wp\/v2\/media\/84620"}],"wp:attachment":[{"href":"https:\/\/www.destination-saintquentin.fr\/de\/wp-json\/wp\/v2\/media?parent=84614"}],"wp:term":[{"taxonomy":"product_brand","embeddable":true,"href":"https:\/\/www.destination-saintquentin.fr\/de\/wp-json\/wp\/v2\/product_brand?post=84614"},{"taxonomy":"product_cat","embeddable":true,"href":"https:\/\/www.destination-saintquentin.fr\/de\/wp-json\/wp\/v2\/product_cat?post=84614"},{"taxonomy":"product_tag","embeddable":true,"href":"https:\/\/www.destination-saintquentin.fr\/de\/wp-json\/wp\/v2\/product_tag?post=84614"}],"curies":[{"name":"wp","href":"https:\/\/api.w.org\/{rel}","templated":true}]}}