{"id":83918,"date":"2026-03-07T03:01:24","date_gmt":"2026-03-07T02:01:24","guid":{"rendered":"https:\/\/www.destination-saintquentin.fr\/produit\/au-sommet-de-la-basilique-a-la-tombee-de-la-nuit\/"},"modified":"2026-04-19T17:04:08","modified_gmt":"2026-04-19T15:04:08","slug":"au-sommet-de-la-basilique-a-la-tombee-de-la-nuit","status":"publish","type":"product","link":"https:\/\/www.destination-saintquentin.fr\/de\/produit\/au-sommet-de-la-basilique-a-la-tombee-de-la-nuit\/","title":{"rendered":"Au sommet de la Basilique \u00e0 la tomb\u00e9e de la nuit"},"content":{"rendered":"<p>RDV devant l&#8217;Office de Tourisme &#8211; NON REMBOURSABLE<br \/>\nD\u00e9couvrez les hauteurs de la basilique \u00e0 la tomb\u00e9e de la nuit lors de cette visite guid\u00e9e d&#8217;1 heure 30.<\/p>\n<p>Soyez pr\u00e9voyants : \u00e9quipez-vous de bonnes chaussures, de v\u00eatements chauds (en cas de temps froid et\/ou venteux).<\/p>\n<p>Vous aurez \u00e0 gravir un peu plus de 200 marches pour acc\u00e9der au graal !<\/p>\n<p>Tarif r\u00e9duit applicable sur pr\u00e9sentation d\u2019un justificatif aux \u00e9tudiants, personnes \u00e2g\u00e9es de plus de 65 ans, personnes en situation de handicap, demandeurs d\u2019emploi, d\u00e9tenteurs du \u00ab Pass \u00e9ducation \u00bb<\/p>\n<p>Gratuit\u00e9 applicable sur pr\u00e9sentation d\u2019un justificatif aux personnes \u00e2g\u00e9es de moins de 18 ans, membres des Amis du mus\u00e9e Antoine L\u00e9cuyer, guides-conf\u00e9renciers, m\u00e9c\u00e8nes, presse, partenaires, laur\u00e9ats de jeux concours organis\u00e9s par la Ville<\/p>\n<p>Gratuit\u00e9 applicable \u00e0 un accompagnant d\u2019une personne en situation de handicap<\/p>\n","protected":false},"excerpt":{"rendered":"<p>RDV devant l&#8217;Office de Tourisme &#8211; NON REMBOURSABLE D\u00e9couvrez les hauteurs de la basilique \u00e0 la tomb\u00e9e de la nuit lors de cette visite guid\u00e9e d&#8217;1 heure 30. Soyez pr\u00e9voyants : \u00e9quipez-vous de bonnes chaussures, de v\u00eatements chauds (en cas de temps froid et\/ou venteux). Vous aurez \u00e0 gravir un peu plus de 200 marches [&hellip;]<\/p>\n","protected":false},"author":0,"featured_media":57040,"template":"","meta":{"_acf_changed":false},"product_brand":[],"product_cat":[506],"product_tag":[],"class_list":{"0":"post-83918","1":"product","2":"type-product","3":"status-publish","4":"has-post-thumbnail","6":"product_cat-visites-guidees-patrimoine","8":"first","9":"instock","10":"shipping-taxable","11":"purchasable","12":"product-type-variable"},"acf":[],"_links":{"self":[{"href":"https:\/\/www.destination-saintquentin.fr\/de\/wp-json\/wp\/v2\/product\/83918","targetHints":{"allow":["GET"]}}],"collection":[{"href":"https:\/\/www.destination-saintquentin.fr\/de\/wp-json\/wp\/v2\/product"}],"about":[{"href":"https:\/\/www.destination-saintquentin.fr\/de\/wp-json\/wp\/v2\/types\/product"}],"wp:featuredmedia":[{"embeddable":true,"href":"https:\/\/www.destination-saintquentin.fr\/de\/wp-json\/wp\/v2\/media\/57040"}],"wp:attachment":[{"href":"https:\/\/www.destination-saintquentin.fr\/de\/wp-json\/wp\/v2\/media?parent=83918"}],"wp:term":[{"taxonomy":"product_brand","embeddable":true,"href":"https:\/\/www.destination-saintquentin.fr\/de\/wp-json\/wp\/v2\/product_brand?post=83918"},{"taxonomy":"product_cat","embeddable":true,"href":"https:\/\/www.destination-saintquentin.fr\/de\/wp-json\/wp\/v2\/product_cat?post=83918"},{"taxonomy":"product_tag","embeddable":true,"href":"https:\/\/www.destination-saintquentin.fr\/de\/wp-json\/wp\/v2\/product_tag?post=83918"}],"curies":[{"name":"wp","href":"https:\/\/api.w.org\/{rel}","templated":true}]}}