{"id":83911,"date":"2026-03-07T03:01:21","date_gmt":"2026-03-07T02:01:21","guid":{"rendered":"https:\/\/www.destination-saintquentin.fr\/produit\/les-hauteurs-de-la-basilique-une-vue-a-couper-le-souffle\/"},"modified":"2026-04-19T18:42:53","modified_gmt":"2026-04-19T16:42:53","slug":"les-hauteurs-de-la-basilique-une-vue-a-couper-le-souffle","status":"publish","type":"product","link":"https:\/\/www.destination-saintquentin.fr\/de\/produit\/les-hauteurs-de-la-basilique-une-vue-a-couper-le-souffle\/","title":{"rendered":"Les hauteurs de la Basilique : Une vue \u00e0 couper le souffle !"},"content":{"rendered":"<p>RDV devant l&#8217;Office de Tourisme &#8211; NON REMBOURSABLE<br \/>\nPrenez de la hauteur en gravissant les marches de la basilique pour un parcours panoramique inoubliable et une vue imprenable sur la ville et son patrimoine.<\/p>\n<p>Tarif r\u00e9duit applicable sur pr\u00e9sentation d\u2019un justificatif aux \u00e9tudiants, personnes \u00e2g\u00e9es de plus de 65 ans, personnes en situation de handicap, demandeurs d\u2019emploi, d\u00e9tenteurs du \u00ab Pass \u00e9ducation \u00bb<\/p>\n<p>Gratuit\u00e9 applicable sur pr\u00e9sentation d\u2019un justificatif aux personnes \u00e2g\u00e9es de moins de 18 ans, membres des Amis du mus\u00e9e Antoine L\u00e9cuyer, guides-conf\u00e9renciers, m\u00e9c\u00e8nes, presse, partenaires, laur\u00e9ats de jeux concours organis\u00e9s par la Ville<\/p>\n<p>Gratuit\u00e9 applicable \u00e0 un accompagnant d\u2019une personne en situation de handicap<\/p>\n","protected":false},"excerpt":{"rendered":"<p>RDV devant l&#8217;Office de Tourisme &#8211; NON REMBOURSABLE Prenez de la hauteur en gravissant les marches de la basilique pour un parcours panoramique inoubliable et une vue imprenable sur la ville et son patrimoine. Tarif r\u00e9duit applicable sur pr\u00e9sentation d\u2019un justificatif aux \u00e9tudiants, personnes \u00e2g\u00e9es de plus de 65 ans, personnes en situation de handicap, [&hellip;]<\/p>\n","protected":false},"author":0,"featured_media":27606,"template":"","meta":{"_acf_changed":false},"product_brand":[],"product_cat":[506],"product_tag":[],"class_list":{"0":"post-83911","1":"product","2":"type-product","3":"status-publish","4":"has-post-thumbnail","6":"product_cat-visites-guidees-patrimoine","8":"first","9":"instock","10":"shipping-taxable","11":"purchasable","12":"product-type-variable"},"acf":[],"_links":{"self":[{"href":"https:\/\/www.destination-saintquentin.fr\/de\/wp-json\/wp\/v2\/product\/83911","targetHints":{"allow":["GET"]}}],"collection":[{"href":"https:\/\/www.destination-saintquentin.fr\/de\/wp-json\/wp\/v2\/product"}],"about":[{"href":"https:\/\/www.destination-saintquentin.fr\/de\/wp-json\/wp\/v2\/types\/product"}],"wp:featuredmedia":[{"embeddable":true,"href":"https:\/\/www.destination-saintquentin.fr\/de\/wp-json\/wp\/v2\/media\/27606"}],"wp:attachment":[{"href":"https:\/\/www.destination-saintquentin.fr\/de\/wp-json\/wp\/v2\/media?parent=83911"}],"wp:term":[{"taxonomy":"product_brand","embeddable":true,"href":"https:\/\/www.destination-saintquentin.fr\/de\/wp-json\/wp\/v2\/product_brand?post=83911"},{"taxonomy":"product_cat","embeddable":true,"href":"https:\/\/www.destination-saintquentin.fr\/de\/wp-json\/wp\/v2\/product_cat?post=83911"},{"taxonomy":"product_tag","embeddable":true,"href":"https:\/\/www.destination-saintquentin.fr\/de\/wp-json\/wp\/v2\/product_tag?post=83911"}],"curies":[{"name":"wp","href":"https:\/\/api.w.org\/{rel}","templated":true}]}}