{"id":83807,"date":"2026-03-03T03:02:15","date_gmt":"2026-03-03T02:02:15","guid":{"rendered":"https:\/\/www.destination-saintquentin.fr\/produit\/printemps-de-lart-deco-2026-conference-de-frederic-pillet-le-buffet-de-la-gare\/"},"modified":"2026-04-19T18:33:29","modified_gmt":"2026-04-19T16:33:29","slug":"printemps-de-lart-deco-2026-conference-de-frederic-pillet-le-buffet-de-la-gare","status":"publish","type":"product","link":"https:\/\/www.destination-saintquentin.fr\/de\/produit\/printemps-de-lart-deco-2026-conference-de-frederic-pillet-le-buffet-de-la-gare\/","title":{"rendered":"Printemps de l&#8217;Art d\u00e9co 2026 : Conf\u00e9rence de Fr\u00e9d\u00e9ric Pillet : Le Buffet de la Gare"},"content":{"rendered":"<p>Rdv salle du conseil municipal<br \/>\nConf\u00e9rence \u00ab Le Buffet de la Gare&#8220;<\/p>\n<p>Par Fr\u00e9d\u00e9ric Pillet <\/p>\n<p>Epargn\u00e9 par la premi\u00e8re guerre mondiale, mais d\u00e9vast\u00e9e par un incendie peu apr\u00e8s, la gare de St-Quentin est un terrain propice \u00e0 la Reconstruction. Le Buffet, remarquable ensemble sign\u00e9 Auguste Labouret, ouvre ses portes en 1926.<\/p>\n<p>Gratuit, r\u00e9servation obligatoire.<\/p>\n","protected":false},"excerpt":{"rendered":"<p>Rdv salle du conseil municipal Conf\u00e9rence \u00ab Le Buffet de la Gare&#8220; Par Fr\u00e9d\u00e9ric Pillet Epargn\u00e9 par la premi\u00e8re guerre mondiale, mais d\u00e9vast\u00e9e par un incendie peu apr\u00e8s, la gare de St-Quentin est un terrain propice \u00e0 la Reconstruction. Le Buffet, remarquable ensemble sign\u00e9 Auguste Labouret, ouvre ses portes en 1926. Gratuit, r\u00e9servation obligatoire.<\/p>\n","protected":false},"author":0,"featured_media":0,"template":"","meta":{"_acf_changed":false},"product_brand":[],"product_cat":[506],"product_tag":[],"class_list":{"0":"post-83807","1":"product","2":"type-product","3":"status-publish","5":"product_cat-visites-guidees-patrimoine","7":"first","8":"instock","9":"shipping-taxable","10":"purchasable","11":"product-type-variable"},"acf":[],"_links":{"self":[{"href":"https:\/\/www.destination-saintquentin.fr\/de\/wp-json\/wp\/v2\/product\/83807","targetHints":{"allow":["GET"]}}],"collection":[{"href":"https:\/\/www.destination-saintquentin.fr\/de\/wp-json\/wp\/v2\/product"}],"about":[{"href":"https:\/\/www.destination-saintquentin.fr\/de\/wp-json\/wp\/v2\/types\/product"}],"wp:attachment":[{"href":"https:\/\/www.destination-saintquentin.fr\/de\/wp-json\/wp\/v2\/media?parent=83807"}],"wp:term":[{"taxonomy":"product_brand","embeddable":true,"href":"https:\/\/www.destination-saintquentin.fr\/de\/wp-json\/wp\/v2\/product_brand?post=83807"},{"taxonomy":"product_cat","embeddable":true,"href":"https:\/\/www.destination-saintquentin.fr\/de\/wp-json\/wp\/v2\/product_cat?post=83807"},{"taxonomy":"product_tag","embeddable":true,"href":"https:\/\/www.destination-saintquentin.fr\/de\/wp-json\/wp\/v2\/product_tag?post=83807"}],"curies":[{"name":"wp","href":"https:\/\/api.w.org\/{rel}","templated":true}]}}