{"id":83797,"date":"2026-03-03T03:02:06","date_gmt":"2026-03-03T02:02:06","guid":{"rendered":"https:\/\/www.destination-saintquentin.fr\/produit\/printemps-de-lart-deco-2026-du-cinema-le-casino-au-passage-superieur\/"},"modified":"2026-04-19T18:34:25","modified_gmt":"2026-04-19T16:34:25","slug":"printemps-de-lart-deco-2026-du-cinema-le-casino-au-passage-superieur","status":"publish","type":"product","link":"https:\/\/www.destination-saintquentin.fr\/de\/produit\/printemps-de-lart-deco-2026-du-cinema-le-casino-au-passage-superieur\/","title":{"rendered":"Printemps de l&#8217;Art D\u00e9co 2026 : Du cin\u00e9ma Le Casino au passage sup\u00e9rieur"},"content":{"rendered":"<p>NON REMBOURSABLE &#8211; RDV place Carnot, parvis St Eloi<\/p>\n<p style=\"text-align:justify\">Parcourez le Faubourg d&#8217;Isle en compagnie d&#8217;un guide, d\u00e9couvrez l&#8217;histoire du cin\u00e9ma \u00e0 St-Quentin devant la fa\u00e7ade r\u00e9cemment restaur\u00e9e du Casino, et explorez le quartier de la gare.<\/p>\n<p style=\"text-align:justify\"><b>Rdv : <\/b>Place Carnot, parvis St-Eloi.<\/p>\n<p>Dur\u00e9e : 1h30<\/p>\n<p>Tarif r\u00e9duit applicable sur pr\u00e9sentation d\u2019un justificatif aux \u00e9tudiants, personne de plus de 65 ans, personnes en situation de handicap, demandeurs d\u2019emploi<\/p>\n<p>Gratuit\u00e9 applicable sur pr\u00e9sentation d\u2019un justificatif aux personnes \u00e2g\u00e9es de moins de 18 ans, guides conf\u00e9renciers, m\u00e9c\u00e8nes, presse, partenaires, laur\u00e9ats de jeux concours organis\u00e9s par la Ville, accompagnant d\u2019une personne en situation de handicap. <\/p>\n","protected":false},"excerpt":{"rendered":"<p>NON REMBOURSABLE &#8211; RDV place Carnot, parvis St Eloi Parcourez le Faubourg d&#8217;Isle en compagnie d&#8217;un guide, d\u00e9couvrez l&#8217;histoire du cin\u00e9ma \u00e0 St-Quentin devant la fa\u00e7ade r\u00e9cemment restaur\u00e9e du Casino, et explorez le quartier de la gare. Rdv : Place Carnot, parvis St-Eloi. Dur\u00e9e : 1h30 Tarif r\u00e9duit applicable sur pr\u00e9sentation d\u2019un justificatif aux \u00e9tudiants, [&hellip;]<\/p>\n","protected":false},"author":0,"featured_media":73914,"template":"","meta":{"_acf_changed":false},"product_brand":[],"product_cat":[506],"product_tag":[],"class_list":{"0":"post-83797","1":"product","2":"type-product","3":"status-publish","4":"has-post-thumbnail","6":"product_cat-visites-guidees-patrimoine","8":"first","9":"instock","10":"shipping-taxable","11":"purchasable","12":"product-type-variable"},"acf":[],"_links":{"self":[{"href":"https:\/\/www.destination-saintquentin.fr\/de\/wp-json\/wp\/v2\/product\/83797","targetHints":{"allow":["GET"]}}],"collection":[{"href":"https:\/\/www.destination-saintquentin.fr\/de\/wp-json\/wp\/v2\/product"}],"about":[{"href":"https:\/\/www.destination-saintquentin.fr\/de\/wp-json\/wp\/v2\/types\/product"}],"wp:featuredmedia":[{"embeddable":true,"href":"https:\/\/www.destination-saintquentin.fr\/de\/wp-json\/wp\/v2\/media\/73914"}],"wp:attachment":[{"href":"https:\/\/www.destination-saintquentin.fr\/de\/wp-json\/wp\/v2\/media?parent=83797"}],"wp:term":[{"taxonomy":"product_brand","embeddable":true,"href":"https:\/\/www.destination-saintquentin.fr\/de\/wp-json\/wp\/v2\/product_brand?post=83797"},{"taxonomy":"product_cat","embeddable":true,"href":"https:\/\/www.destination-saintquentin.fr\/de\/wp-json\/wp\/v2\/product_cat?post=83797"},{"taxonomy":"product_tag","embeddable":true,"href":"https:\/\/www.destination-saintquentin.fr\/de\/wp-json\/wp\/v2\/product_tag?post=83797"}],"curies":[{"name":"wp","href":"https:\/\/api.w.org\/{rel}","templated":true}]}}