{"id":83790,"date":"2026-03-03T03:02:05","date_gmt":"2026-03-03T02:02:05","guid":{"rendered":"https:\/\/www.destination-saintquentin.fr\/produit\/printemps-de-lart-deco-2026-visite-art-deco-au-musee-des-beaux-arts-antoine-lecuyer\/"},"modified":"2026-04-19T18:34:43","modified_gmt":"2026-04-19T16:34:43","slug":"printemps-de-lart-deco-2026-visite-art-deco-au-musee-des-beaux-arts-antoine-lecuyer","status":"publish","type":"product","link":"https:\/\/www.destination-saintquentin.fr\/de\/produit\/printemps-de-lart-deco-2026-visite-art-deco-au-musee-des-beaux-arts-antoine-lecuyer\/","title":{"rendered":"Printemps de l&#8217;Art D\u00e9co 2026 : Visite Art D\u00e9co au Mus\u00e9e des Beaux-Arts Antoine L\u00e9cuyer"},"content":{"rendered":"<p>RDV au Mus\u00e9e des Beaux-Arts Antoine L\u00e9cuyer<br \/>\nA l&#8217;occasion du Printemps de l&#8217;Art D\u00e9co, red\u00e9couvrez les salles Art D\u00e9co du Mus\u00e9e des Beaux-Arts. Les grands noms qui ont fait le rayonnement de l&#8217;art fran\u00e7ais vous accueillent : Alfred Janniot, Henri Bouchard, Jean Th\u00e9odore Dupas, Ren\u00e9 Buthaud.<\/p>\n<p>Rdv au Mus\u00e9e des Beaux-Arts Antoine L\u00e9cuyer<\/p>\n<p>Dur\u00e9e : 1h00<\/p>\n<p>R\u00e9servation obligatoire \u00e0 l&#8217;Office de Tourisme, sur place ou sur la billetterie en ligne<\/p>\n<p>Le justificatif sera \u00e0 pr\u00e9senter au guide pour tout billet gratuit ou \u00e0 tarif r\u00e9duit.<\/p>\n<p>Pour tout achat en ligne, la facture fait office de billet au d\u00e9part de visite.<\/p>\n<p>Tarif r\u00e9duit applicable sur pr\u00e9sentation d\u2019un justificatif aux \u00e9tudiants, personne de plus de 65 ans, personnes en situation de handicap, demandeurs d\u2019emploi<\/p>\n<p>Gratuit\u00e9 applicable sur pr\u00e9sentation d\u2019un justificatif aux personnes \u00e2g\u00e9es de moins de 18 ans, guides conf\u00e9renciers, m\u00e9c\u00e8nes, presse, partenaires, laur\u00e9ats de jeux concours organis\u00e9s par la Ville, accompagnant d\u2019une personne en situation de handicap. <\/p>\n","protected":false},"excerpt":{"rendered":"<p>RDV au Mus\u00e9e des Beaux-Arts Antoine L\u00e9cuyer A l&#8217;occasion du Printemps de l&#8217;Art D\u00e9co, red\u00e9couvrez les salles Art D\u00e9co du Mus\u00e9e des Beaux-Arts. Les grands noms qui ont fait le rayonnement de l&#8217;art fran\u00e7ais vous accueillent : Alfred Janniot, Henri Bouchard, Jean Th\u00e9odore Dupas, Ren\u00e9 Buthaud. Rdv au Mus\u00e9e des Beaux-Arts Antoine L\u00e9cuyer Dur\u00e9e : [&hellip;]<\/p>\n","protected":false},"author":0,"featured_media":64842,"template":"","meta":{"_acf_changed":false},"product_brand":[],"product_cat":[506],"product_tag":[],"class_list":{"0":"post-83790","1":"product","2":"type-product","3":"status-publish","4":"has-post-thumbnail","6":"product_cat-visites-guidees-patrimoine","8":"first","9":"instock","10":"shipping-taxable","11":"purchasable","12":"product-type-variable"},"acf":[],"_links":{"self":[{"href":"https:\/\/www.destination-saintquentin.fr\/de\/wp-json\/wp\/v2\/product\/83790","targetHints":{"allow":["GET"]}}],"collection":[{"href":"https:\/\/www.destination-saintquentin.fr\/de\/wp-json\/wp\/v2\/product"}],"about":[{"href":"https:\/\/www.destination-saintquentin.fr\/de\/wp-json\/wp\/v2\/types\/product"}],"wp:featuredmedia":[{"embeddable":true,"href":"https:\/\/www.destination-saintquentin.fr\/de\/wp-json\/wp\/v2\/media\/64842"}],"wp:attachment":[{"href":"https:\/\/www.destination-saintquentin.fr\/de\/wp-json\/wp\/v2\/media?parent=83790"}],"wp:term":[{"taxonomy":"product_brand","embeddable":true,"href":"https:\/\/www.destination-saintquentin.fr\/de\/wp-json\/wp\/v2\/product_brand?post=83790"},{"taxonomy":"product_cat","embeddable":true,"href":"https:\/\/www.destination-saintquentin.fr\/de\/wp-json\/wp\/v2\/product_cat?post=83790"},{"taxonomy":"product_tag","embeddable":true,"href":"https:\/\/www.destination-saintquentin.fr\/de\/wp-json\/wp\/v2\/product_tag?post=83790"}],"curies":[{"name":"wp","href":"https:\/\/api.w.org\/{rel}","templated":true}]}}