{"id":83777,"date":"2026-03-03T03:01:56","date_gmt":"2026-03-03T02:01:56","guid":{"rendered":"https:\/\/www.destination-saintquentin.fr\/produit\/printemps-de-lart-deco-2025-de-lhotel-de-ville-a-la-rue-de-la-sous-prefecture\/"},"modified":"2026-04-19T18:33:27","modified_gmt":"2026-04-19T16:33:27","slug":"printemps-de-lart-deco-2025-de-lhotel-de-ville-a-la-rue-de-la-sous-prefecture","status":"publish","type":"product","link":"https:\/\/www.destination-saintquentin.fr\/de\/produit\/printemps-de-lart-deco-2025-de-lhotel-de-ville-a-la-rue-de-la-sous-prefecture\/","title":{"rendered":"Printemps de l&#8217;Art D\u00e9co 2026 : De l&#8217;H\u00f4tel de ville \u00e0 la rue de Baudreuil"},"content":{"rendered":"<p>NON REMBOURSABLE  &#8211; RDV devant l&#8217;H\u00f4tel de Ville<\/p>\n<p style=\"text-align:justify\">Explorez le quartier entre l\u2019H\u00f4tel de Ville et les Champs-\u00c9lys\u00e9es, et levez les yeux vers les d\u00e9tails Art d\u00e9co de ces fa\u00e7ades exceptionnelles, parmi les plus belles du centre-ville !<\/p>\n<p>Dur\u00e9e : 1h30<\/p>\n<p>Tarif r\u00e9duit applicable sur pr\u00e9sentation d\u2019un justificatif aux \u00e9tudiants, personne de plus de 65 ans, personnes en situation de handicap, demandeurs d\u2019emploi<\/p>\n<p>Gratuit\u00e9 applicable sur pr\u00e9sentation d\u2019un justificatif aux personnes \u00e2g\u00e9es de moins de 18 ans, guides conf\u00e9renciers, m\u00e9c\u00e8nes, presse, partenaires, laur\u00e9ats de jeux concours organis\u00e9s par la Ville, accompagnant d\u2019une personne en situation de handicap. <\/p>\n","protected":false},"excerpt":{"rendered":"<p>NON REMBOURSABLE &#8211; RDV devant l&#8217;H\u00f4tel de Ville Explorez le quartier entre l\u2019H\u00f4tel de Ville et les Champs-\u00c9lys\u00e9es, et levez les yeux vers les d\u00e9tails Art d\u00e9co de ces fa\u00e7ades exceptionnelles, parmi les plus belles du centre-ville ! Dur\u00e9e : 1h30 Tarif r\u00e9duit applicable sur pr\u00e9sentation d\u2019un justificatif aux \u00e9tudiants, personne de plus de 65 [&hellip;]<\/p>\n","protected":false},"author":0,"featured_media":29022,"template":"","meta":{"_acf_changed":false},"product_brand":[],"product_cat":[506],"product_tag":[],"class_list":{"0":"post-83777","1":"product","2":"type-product","3":"status-publish","4":"has-post-thumbnail","6":"product_cat-visites-guidees-patrimoine","8":"first","9":"instock","10":"shipping-taxable","11":"purchasable","12":"product-type-variable"},"acf":[],"_links":{"self":[{"href":"https:\/\/www.destination-saintquentin.fr\/de\/wp-json\/wp\/v2\/product\/83777","targetHints":{"allow":["GET"]}}],"collection":[{"href":"https:\/\/www.destination-saintquentin.fr\/de\/wp-json\/wp\/v2\/product"}],"about":[{"href":"https:\/\/www.destination-saintquentin.fr\/de\/wp-json\/wp\/v2\/types\/product"}],"wp:featuredmedia":[{"embeddable":true,"href":"https:\/\/www.destination-saintquentin.fr\/de\/wp-json\/wp\/v2\/media\/29022"}],"wp:attachment":[{"href":"https:\/\/www.destination-saintquentin.fr\/de\/wp-json\/wp\/v2\/media?parent=83777"}],"wp:term":[{"taxonomy":"product_brand","embeddable":true,"href":"https:\/\/www.destination-saintquentin.fr\/de\/wp-json\/wp\/v2\/product_brand?post=83777"},{"taxonomy":"product_cat","embeddable":true,"href":"https:\/\/www.destination-saintquentin.fr\/de\/wp-json\/wp\/v2\/product_cat?post=83777"},{"taxonomy":"product_tag","embeddable":true,"href":"https:\/\/www.destination-saintquentin.fr\/de\/wp-json\/wp\/v2\/product_tag?post=83777"}],"curies":[{"name":"wp","href":"https:\/\/api.w.org\/{rel}","templated":true}]}}