{"id":83758,"date":"2026-03-03T03:01:54","date_gmt":"2026-03-03T02:01:54","guid":{"rendered":"https:\/\/www.destination-saintquentin.fr\/produit\/printemps-de-lart-deco-2026-la-salle-du-conseil-municipal\/"},"modified":"2026-04-19T18:33:27","modified_gmt":"2026-04-19T16:33:27","slug":"printemps-de-lart-deco-2026-la-salle-du-conseil-municipal","status":"publish","type":"product","link":"https:\/\/www.destination-saintquentin.fr\/de\/produit\/printemps-de-lart-deco-2026-la-salle-du-conseil-municipal\/","title":{"rendered":"Printemps de l&#8217;Art D\u00e9co 2026 : La salle du Conseil municipal"},"content":{"rendered":"<p>NON REMBOURSABLE &#8211; RDV devant l&#8217;H\u00f4tel de Ville<\/p>\n<p>D\u00e9couvrez la riche ornementation de cette salle atypique, symbole authentique de la renaissance de l\u2019H\u00f4tel de Ville et du savoir-faire des artisans des m\u00e9tiers d\u2019art.<\/p>\n<p>Dur\u00e9e : 1h00<\/p>\n<p>Tarif r\u00e9duit applicable sur pr\u00e9sentation d\u2019un justificatif aux \u00e9tudiants, personne de plus de 65 ans, personnes en situation de handicap, demandeurs d\u2019emploi<\/p>\n<p>Gratuit\u00e9 applicable sur pr\u00e9sentation d\u2019un justificatif aux personnes \u00e2g\u00e9es de moins de 18 ans, guides conf\u00e9renciers, m\u00e9c\u00e8nes, presse, partenaires, laur\u00e9ats de jeux concours organis\u00e9s par la Ville, accompagnant d\u2019une personne en situation de handicap. <\/p>\n","protected":false},"excerpt":{"rendered":"<p>NON REMBOURSABLE &#8211; RDV devant l&#8217;H\u00f4tel de Ville D\u00e9couvrez la riche ornementation de cette salle atypique, symbole authentique de la renaissance de l\u2019H\u00f4tel de Ville et du savoir-faire des artisans des m\u00e9tiers d\u2019art. Dur\u00e9e : 1h00 Tarif r\u00e9duit applicable sur pr\u00e9sentation d\u2019un justificatif aux \u00e9tudiants, personne de plus de 65 ans, personnes en situation de [&hellip;]<\/p>\n","protected":false},"author":0,"featured_media":29018,"template":"","meta":{"_acf_changed":false},"product_brand":[],"product_cat":[506],"product_tag":[],"class_list":{"0":"post-83758","1":"product","2":"type-product","3":"status-publish","4":"has-post-thumbnail","6":"product_cat-visites-guidees-patrimoine","8":"first","9":"instock","10":"shipping-taxable","11":"purchasable","12":"product-type-variable"},"acf":[],"_links":{"self":[{"href":"https:\/\/www.destination-saintquentin.fr\/de\/wp-json\/wp\/v2\/product\/83758","targetHints":{"allow":["GET"]}}],"collection":[{"href":"https:\/\/www.destination-saintquentin.fr\/de\/wp-json\/wp\/v2\/product"}],"about":[{"href":"https:\/\/www.destination-saintquentin.fr\/de\/wp-json\/wp\/v2\/types\/product"}],"wp:featuredmedia":[{"embeddable":true,"href":"https:\/\/www.destination-saintquentin.fr\/de\/wp-json\/wp\/v2\/media\/29018"}],"wp:attachment":[{"href":"https:\/\/www.destination-saintquentin.fr\/de\/wp-json\/wp\/v2\/media?parent=83758"}],"wp:term":[{"taxonomy":"product_brand","embeddable":true,"href":"https:\/\/www.destination-saintquentin.fr\/de\/wp-json\/wp\/v2\/product_brand?post=83758"},{"taxonomy":"product_cat","embeddable":true,"href":"https:\/\/www.destination-saintquentin.fr\/de\/wp-json\/wp\/v2\/product_cat?post=83758"},{"taxonomy":"product_tag","embeddable":true,"href":"https:\/\/www.destination-saintquentin.fr\/de\/wp-json\/wp\/v2\/product_tag?post=83758"}],"curies":[{"name":"wp","href":"https:\/\/api.w.org\/{rel}","templated":true}]}}