{"id":83739,"date":"2026-03-03T03:01:51","date_gmt":"2026-03-03T02:01:51","guid":{"rendered":"https:\/\/www.destination-saintquentin.fr\/produit\/printemps-de-lart-deco-2026-degustation-biere-fromage\/"},"modified":"2026-04-19T18:34:53","modified_gmt":"2026-04-19T16:34:53","slug":"printemps-de-lart-deco-2026-degustation-biere-fromage","status":"publish","type":"product","link":"https:\/\/www.destination-saintquentin.fr\/de\/produit\/printemps-de-lart-deco-2026-degustation-biere-fromage\/","title":{"rendered":"Printemps de l&#8217;Art D\u00e9co 2026 : D\u00e9gustation bi\u00e8re &#8211; fromage"},"content":{"rendered":"<p>RDV devant le Buffet de la Gare &#8211; NON REMBOURSABLE &#8211; Soft pour les enfants &#8211; l&#8217;abus d&#8217;alcool est dangereux pour la sant\u00e9<\/p>\n<p style=\"text-align:justify\">Le Buffet vous attend pour un moment convivial, autour des bi\u00e8res cr\u00e9\u00e9es par Ludovic de la Germoise et des fromages de Monsieur Julien.<\/p>\n<p>Dur\u00e9e : 1h30<\/p>\n<p>La visite du 22 mai est doubl\u00e9e en LSF.<\/p>\n<p style=\"text-align:justify\">Soft pour les enfants.<\/p>\n<p style=\"text-align:justify\">* L\u2019abus d\u2019alcool est dangereux pour la sant\u00e9. \u00c0 consommer avec mod\u00e9ration.<\/p>\n<p>Tarif r\u00e9duit applicable sur pr\u00e9sentation d\u2019un justificatif aux \u00e9tudiants, personne de plus de 65 ans, personnes en situation de handicap, demandeurs d\u2019emploi<\/p>\n<p>Gratuit\u00e9 applicable sur pr\u00e9sentation d\u2019un justificatif aux personnes \u00e2g\u00e9es de moins de 18 ans, guides conf\u00e9renciers, m\u00e9c\u00e8nes, presse, partenaires, laur\u00e9ats de jeux concours organis\u00e9s par la Ville, accompagnant d\u2019une personne en situation de handicap. <\/p>\n","protected":false},"excerpt":{"rendered":"<p>RDV devant le Buffet de la Gare &#8211; NON REMBOURSABLE &#8211; Soft pour les enfants &#8211; l&#8217;abus d&#8217;alcool est dangereux pour la sant\u00e9 Le Buffet vous attend pour un moment convivial, autour des bi\u00e8res cr\u00e9\u00e9es par Ludovic de la Germoise et des fromages de Monsieur Julien. Dur\u00e9e : 1h30 La visite du 22 mai est [&hellip;]<\/p>\n","protected":false},"author":0,"featured_media":29001,"template":"","meta":{"_acf_changed":false},"product_brand":[],"product_cat":[506],"product_tag":[],"class_list":{"0":"post-83739","1":"product","2":"type-product","3":"status-publish","4":"has-post-thumbnail","6":"product_cat-visites-guidees-patrimoine","8":"first","9":"instock","10":"shipping-taxable","11":"purchasable","12":"product-type-variable"},"acf":[],"_links":{"self":[{"href":"https:\/\/www.destination-saintquentin.fr\/de\/wp-json\/wp\/v2\/product\/83739","targetHints":{"allow":["GET"]}}],"collection":[{"href":"https:\/\/www.destination-saintquentin.fr\/de\/wp-json\/wp\/v2\/product"}],"about":[{"href":"https:\/\/www.destination-saintquentin.fr\/de\/wp-json\/wp\/v2\/types\/product"}],"wp:featuredmedia":[{"embeddable":true,"href":"https:\/\/www.destination-saintquentin.fr\/de\/wp-json\/wp\/v2\/media\/29001"}],"wp:attachment":[{"href":"https:\/\/www.destination-saintquentin.fr\/de\/wp-json\/wp\/v2\/media?parent=83739"}],"wp:term":[{"taxonomy":"product_brand","embeddable":true,"href":"https:\/\/www.destination-saintquentin.fr\/de\/wp-json\/wp\/v2\/product_brand?post=83739"},{"taxonomy":"product_cat","embeddable":true,"href":"https:\/\/www.destination-saintquentin.fr\/de\/wp-json\/wp\/v2\/product_cat?post=83739"},{"taxonomy":"product_tag","embeddable":true,"href":"https:\/\/www.destination-saintquentin.fr\/de\/wp-json\/wp\/v2\/product_tag?post=83739"}],"curies":[{"name":"wp","href":"https:\/\/api.w.org\/{rel}","templated":true}]}}