{"id":83733,"date":"2026-03-03T03:01:51","date_gmt":"2026-03-03T02:01:51","guid":{"rendered":"https:\/\/www.destination-saintquentin.fr\/produit\/printemps-de-lart-deco-2026-atelier-patisserie-art-deco-au-buffet-de-la-gare\/"},"modified":"2026-04-19T14:03:38","modified_gmt":"2026-04-19T12:03:38","slug":"printemps-de-lart-deco-2026-atelier-patisserie-art-deco-au-buffet-de-la-gare","status":"publish","type":"product","link":"https:\/\/www.destination-saintquentin.fr\/de\/produit\/printemps-de-lart-deco-2026-atelier-patisserie-art-deco-au-buffet-de-la-gare\/","title":{"rendered":"Printemps de l&#8217;Art D\u00e9co 2026 : Atelier p\u00e2tisserie Art d\u00e9co au Buffet de la Gare"},"content":{"rendered":"<p>NON REMBOURSABLE &#8211; RDV devant le Buffet de la Gare &#8211; A partir de 16 ans<br \/>\nAu sein du splendide d\u00e9cor du Buffet de la Gare, participez \u00e0 un atelier de p\u00e2tisserie avec Charl\u00e8ne de L&#8217;Art du go\u00fbt.<\/p>\n<p>A partir de 16 ans<\/p>\n<p>Tarif r\u00e9duit applicable sur pr\u00e9sentation d\u2019un justificatif aux \u00e9tudiants, personne de plus de 65 ans, personnes en situation de handicap, demandeurs d\u2019emploi<\/p>\n<p>Gratuit\u00e9 applicable sur pr\u00e9sentation d\u2019un justificatif aux personnes \u00e2g\u00e9es de moins de 18 ans.<\/p>\n","protected":false},"excerpt":{"rendered":"<p>NON REMBOURSABLE &#8211; RDV devant le Buffet de la Gare &#8211; A partir de 16 ans Au sein du splendide d\u00e9cor du Buffet de la Gare, participez \u00e0 un atelier de p\u00e2tisserie avec Charl\u00e8ne de L&#8217;Art du go\u00fbt. A partir de 16 ans Tarif r\u00e9duit applicable sur pr\u00e9sentation d\u2019un justificatif aux \u00e9tudiants, personne de plus [&hellip;]<\/p>\n","protected":false},"author":0,"featured_media":83736,"template":"","meta":{"_acf_changed":false},"product_brand":[],"product_cat":[506],"product_tag":[],"class_list":{"0":"post-83733","1":"product","2":"type-product","3":"status-publish","4":"has-post-thumbnail","6":"product_cat-visites-guidees-patrimoine","8":"first","9":"outofstock","10":"shipping-taxable","11":"purchasable","12":"product-type-variable"},"acf":[],"_links":{"self":[{"href":"https:\/\/www.destination-saintquentin.fr\/de\/wp-json\/wp\/v2\/product\/83733","targetHints":{"allow":["GET"]}}],"collection":[{"href":"https:\/\/www.destination-saintquentin.fr\/de\/wp-json\/wp\/v2\/product"}],"about":[{"href":"https:\/\/www.destination-saintquentin.fr\/de\/wp-json\/wp\/v2\/types\/product"}],"wp:featuredmedia":[{"embeddable":true,"href":"https:\/\/www.destination-saintquentin.fr\/de\/wp-json\/wp\/v2\/media\/83736"}],"wp:attachment":[{"href":"https:\/\/www.destination-saintquentin.fr\/de\/wp-json\/wp\/v2\/media?parent=83733"}],"wp:term":[{"taxonomy":"product_brand","embeddable":true,"href":"https:\/\/www.destination-saintquentin.fr\/de\/wp-json\/wp\/v2\/product_brand?post=83733"},{"taxonomy":"product_cat","embeddable":true,"href":"https:\/\/www.destination-saintquentin.fr\/de\/wp-json\/wp\/v2\/product_cat?post=83733"},{"taxonomy":"product_tag","embeddable":true,"href":"https:\/\/www.destination-saintquentin.fr\/de\/wp-json\/wp\/v2\/product_tag?post=83733"}],"curies":[{"name":"wp","href":"https:\/\/api.w.org\/{rel}","templated":true}]}}