{"id":83699,"date":"2026-03-03T03:01:46","date_gmt":"2026-03-03T02:01:46","guid":{"rendered":"https:\/\/www.destination-saintquentin.fr\/produit\/printemps-de-lart-deco-2026-visite-du-buffet-de-la-gare-avec-petit-dejeuner-ou-gouter\/"},"modified":"2026-04-19T18:34:24","modified_gmt":"2026-04-19T16:34:24","slug":"printemps-de-lart-deco-2026-visite-du-buffet-de-la-gare-avec-petit-dejeuner-ou-gouter","status":"publish","type":"product","link":"https:\/\/www.destination-saintquentin.fr\/de\/produit\/printemps-de-lart-deco-2026-visite-du-buffet-de-la-gare-avec-petit-dejeuner-ou-gouter\/","title":{"rendered":"Printemps de l&#8217;Art D\u00e9co 2026 : Visite du Buffet de la gare avec petit-d\u00e9jeuner ou gouter"},"content":{"rendered":"<p>NON REMBOURSABLE &#8211; RDV devant le Buffet de la Gare<\/p>\n<p style=\"text-align:justify\">Bienvenue au Buffet de la gare, joyau de l\u2019Art d\u00e9co saint-quentinois ! Imaginez-vous en 1926, en train d\u2019attendre votre correspondance dans un lieu raffin\u00e9\u2026<\/p>\n<p>Visite accompagn\u00e9e d&#8217;un petit-d\u00e9jeuner le matin, et d&#8217;un gouter l&#8217;apr\u00e8s-midi.<\/p>\n<p>Dur\u00e9e : 1h00<\/p>\n<p>Tarif r\u00e9duit applicable sur pr\u00e9sentation d\u2019un justificatif aux \u00e9tudiants, personne de plus de 65 ans, personnes en situation de handicap, demandeurs d\u2019emploi<\/p>\n<p>Gratuit\u00e9 applicable sur pr\u00e9sentation d\u2019un justificatif aux personnes \u00e2g\u00e9es de moins de 18 ans, guides-conf\u00e9renciers, m\u00e9c\u00e8nes, presse, partenaires, laur\u00e9ats de jeux concours organis\u00e9s par la Ville, accompagnant d\u2019une personne en situation de handicap.<\/p>\n","protected":false},"excerpt":{"rendered":"<p>NON REMBOURSABLE &#8211; RDV devant le Buffet de la Gare Bienvenue au Buffet de la gare, joyau de l\u2019Art d\u00e9co saint-quentinois ! Imaginez-vous en 1926, en train d\u2019attendre votre correspondance dans un lieu raffin\u00e9\u2026 Visite accompagn\u00e9e d&#8217;un petit-d\u00e9jeuner le matin, et d&#8217;un gouter l&#8217;apr\u00e8s-midi. Dur\u00e9e : 1h00 Tarif r\u00e9duit applicable sur pr\u00e9sentation d\u2019un justificatif aux [&hellip;]<\/p>\n","protected":false},"author":0,"featured_media":28997,"template":"","meta":{"_acf_changed":false},"product_brand":[],"product_cat":[506],"product_tag":[],"class_list":{"0":"post-83699","1":"product","2":"type-product","3":"status-publish","4":"has-post-thumbnail","6":"product_cat-visites-guidees-patrimoine","8":"first","9":"instock","10":"shipping-taxable","11":"purchasable","12":"product-type-variable"},"acf":[],"_links":{"self":[{"href":"https:\/\/www.destination-saintquentin.fr\/de\/wp-json\/wp\/v2\/product\/83699","targetHints":{"allow":["GET"]}}],"collection":[{"href":"https:\/\/www.destination-saintquentin.fr\/de\/wp-json\/wp\/v2\/product"}],"about":[{"href":"https:\/\/www.destination-saintquentin.fr\/de\/wp-json\/wp\/v2\/types\/product"}],"wp:featuredmedia":[{"embeddable":true,"href":"https:\/\/www.destination-saintquentin.fr\/de\/wp-json\/wp\/v2\/media\/28997"}],"wp:attachment":[{"href":"https:\/\/www.destination-saintquentin.fr\/de\/wp-json\/wp\/v2\/media?parent=83699"}],"wp:term":[{"taxonomy":"product_brand","embeddable":true,"href":"https:\/\/www.destination-saintquentin.fr\/de\/wp-json\/wp\/v2\/product_brand?post=83699"},{"taxonomy":"product_cat","embeddable":true,"href":"https:\/\/www.destination-saintquentin.fr\/de\/wp-json\/wp\/v2\/product_cat?post=83699"},{"taxonomy":"product_tag","embeddable":true,"href":"https:\/\/www.destination-saintquentin.fr\/de\/wp-json\/wp\/v2\/product_tag?post=83699"}],"curies":[{"name":"wp","href":"https:\/\/api.w.org\/{rel}","templated":true}]}}