{"id":83695,"date":"2026-03-03T03:01:45","date_gmt":"2026-03-03T02:01:45","guid":{"rendered":"https:\/\/www.destination-saintquentin.fr\/produit\/printemps-de-lart-deco-2026-visite-insolite-art-deco-art-funeraire\/"},"modified":"2026-04-19T18:34:55","modified_gmt":"2026-04-19T16:34:55","slug":"printemps-de-lart-deco-2026-visite-insolite-art-deco-art-funeraire","status":"publish","type":"product","link":"https:\/\/www.destination-saintquentin.fr\/de\/produit\/printemps-de-lart-deco-2026-visite-insolite-art-deco-art-funeraire\/","title":{"rendered":"Printemps de l&#8217;Art D\u00e9co 2026 : Visite insolite \u00ab Art d\u00e9co, art fun\u00e9raire \u00bb"},"content":{"rendered":"<p>NON REMBOURSABLE &#8211; RDV devant le Cimeti\u00e8re Nord, 110 bis rue Pompidou<\/p>\n<p style=\"text-align:justify\">En compagnie d\u2019un guide, explorez l\u2019histoire locale et l\u2019influence Art d\u00e9co du patrimoine fun\u00e9raire au Cimeti\u00e8re Nord.<\/p>\n<p>Visite propos\u00e9e dans le cadre du Printemps des cimeti\u00e8res, une initiative de Patrimoine Aurhalpin.<\/p>\n<p>Le justificatif sera \u00e0 pr\u00e9senter au guide pour tout billet gratuit ou \u00e0 tarif r\u00e9duit.<\/p>\n<p>Pour tout achat en ligne, la facture fait office de billet au d\u00e9part de visite.<\/p>\n<p>Tarif r\u00e9duit applicable sur pr\u00e9sentation d\u2019un justificatif aux \u00e9tudiants, personne de plus de 65 ans, personnes en situation de handicap, demandeurs d\u2019emploi<\/p>\n<p>Gratuit\u00e9 applicable sur pr\u00e9sentation d\u2019un justificatif aux personnes \u00e2g\u00e9es de moins de 18 ans, guides conf\u00e9renciers, m\u00e9c\u00e8nes, presse, partenaires, laur\u00e9ats de jeux concours organis\u00e9s par la Ville, accompagnant d\u2019une personne en situation de handicap. <\/p>\n","protected":false},"excerpt":{"rendered":"<p>NON REMBOURSABLE &#8211; RDV devant le Cimeti\u00e8re Nord, 110 bis rue Pompidou En compagnie d\u2019un guide, explorez l\u2019histoire locale et l\u2019influence Art d\u00e9co du patrimoine fun\u00e9raire au Cimeti\u00e8re Nord. Visite propos\u00e9e dans le cadre du Printemps des cimeti\u00e8res, une initiative de Patrimoine Aurhalpin. Le justificatif sera \u00e0 pr\u00e9senter au guide pour tout billet gratuit ou [&hellip;]<\/p>\n","protected":false},"author":0,"featured_media":28993,"template":"","meta":{"_acf_changed":false},"product_brand":[],"product_cat":[506],"product_tag":[],"class_list":{"0":"post-83695","1":"product","2":"type-product","3":"status-publish","4":"has-post-thumbnail","6":"product_cat-visites-guidees-patrimoine","8":"first","9":"instock","10":"shipping-taxable","11":"purchasable","12":"product-type-variable"},"acf":[],"_links":{"self":[{"href":"https:\/\/www.destination-saintquentin.fr\/de\/wp-json\/wp\/v2\/product\/83695","targetHints":{"allow":["GET"]}}],"collection":[{"href":"https:\/\/www.destination-saintquentin.fr\/de\/wp-json\/wp\/v2\/product"}],"about":[{"href":"https:\/\/www.destination-saintquentin.fr\/de\/wp-json\/wp\/v2\/types\/product"}],"wp:featuredmedia":[{"embeddable":true,"href":"https:\/\/www.destination-saintquentin.fr\/de\/wp-json\/wp\/v2\/media\/28993"}],"wp:attachment":[{"href":"https:\/\/www.destination-saintquentin.fr\/de\/wp-json\/wp\/v2\/media?parent=83695"}],"wp:term":[{"taxonomy":"product_brand","embeddable":true,"href":"https:\/\/www.destination-saintquentin.fr\/de\/wp-json\/wp\/v2\/product_brand?post=83695"},{"taxonomy":"product_cat","embeddable":true,"href":"https:\/\/www.destination-saintquentin.fr\/de\/wp-json\/wp\/v2\/product_cat?post=83695"},{"taxonomy":"product_tag","embeddable":true,"href":"https:\/\/www.destination-saintquentin.fr\/de\/wp-json\/wp\/v2\/product_tag?post=83695"}],"curies":[{"name":"wp","href":"https:\/\/api.w.org\/{rel}","templated":true}]}}