{"id":83688,"date":"2026-03-03T03:01:43","date_gmt":"2026-03-03T02:01:43","guid":{"rendered":"https:\/\/www.destination-saintquentin.fr\/produit\/printemps-de-lart-deco-2026-la-sous-prefecture\/"},"modified":"2026-04-19T03:01:24","modified_gmt":"2026-04-19T01:01:24","slug":"printemps-de-lart-deco-2026-la-sous-prefecture","status":"publish","type":"product","link":"https:\/\/www.destination-saintquentin.fr\/de\/produit\/printemps-de-lart-deco-2026-la-sous-prefecture\/","title":{"rendered":"Printemps de l&#8217;Art D\u00e9co 2026 : La Sous-Pr\u00e9fecture"},"content":{"rendered":"<p>NON REMBOURSABLE &#8211; RDV devant la Sous-Pr\u00e9fecture, 22 rue de la Sous-Pr\u00e9fecture<br \/>\nEn 1983, les b\u00e2timents administratifs de la sous-pr\u00e9fecture investissent la demeure Art d\u00e9co construite pour un particulier en 1923, dans l\u2019une des plus belles rues du centre-ville. D\u00e9couvrez son histoire !<\/p>\n<p>Dur\u00e9e de la visite guid\u00e9e : 1h00<\/p>\n<p>Tarif r\u00e9duit applicable sur pr\u00e9sentation d\u2019un justificatif aux \u00e9tudiants, personne de plus de 65 ans, personnes en situation de handicap, demandeurs d\u2019emploi<\/p>\n<p>Gratuit\u00e9 applicable sur pr\u00e9sentation d\u2019un justificatif aux personnes \u00e2g\u00e9es de moins de 18 ans, guides conf\u00e9renciers, m\u00e9c\u00e8nes, presse, partenaires, laur\u00e9ats de jeux concours organis\u00e9s par la Ville, accompagnant d\u2019une personne en situation de handicap. \u00e9servation obligatoire \u00e0 l&#8217;Office de Tourisme, sur place ou sur la billetterie en ligne<\/p>\n","protected":false},"excerpt":{"rendered":"<p>NON REMBOURSABLE &#8211; RDV devant la Sous-Pr\u00e9fecture, 22 rue de la Sous-Pr\u00e9fecture En 1983, les b\u00e2timents administratifs de la sous-pr\u00e9fecture investissent la demeure Art d\u00e9co construite pour un particulier en 1923, dans l\u2019une des plus belles rues du centre-ville. D\u00e9couvrez son histoire ! Dur\u00e9e de la visite guid\u00e9e : 1h00 Tarif r\u00e9duit applicable sur pr\u00e9sentation [&hellip;]<\/p>\n","protected":false},"author":0,"featured_media":57135,"template":"","meta":{"_acf_changed":false},"product_brand":[],"product_cat":[506],"product_tag":[],"class_list":{"0":"post-83688","1":"product","2":"type-product","3":"status-publish","4":"has-post-thumbnail","6":"product_cat-visites-guidees-patrimoine","8":"first","9":"outofstock","10":"shipping-taxable","11":"purchasable","12":"product-type-variable"},"acf":[],"_links":{"self":[{"href":"https:\/\/www.destination-saintquentin.fr\/de\/wp-json\/wp\/v2\/product\/83688","targetHints":{"allow":["GET"]}}],"collection":[{"href":"https:\/\/www.destination-saintquentin.fr\/de\/wp-json\/wp\/v2\/product"}],"about":[{"href":"https:\/\/www.destination-saintquentin.fr\/de\/wp-json\/wp\/v2\/types\/product"}],"wp:featuredmedia":[{"embeddable":true,"href":"https:\/\/www.destination-saintquentin.fr\/de\/wp-json\/wp\/v2\/media\/57135"}],"wp:attachment":[{"href":"https:\/\/www.destination-saintquentin.fr\/de\/wp-json\/wp\/v2\/media?parent=83688"}],"wp:term":[{"taxonomy":"product_brand","embeddable":true,"href":"https:\/\/www.destination-saintquentin.fr\/de\/wp-json\/wp\/v2\/product_brand?post=83688"},{"taxonomy":"product_cat","embeddable":true,"href":"https:\/\/www.destination-saintquentin.fr\/de\/wp-json\/wp\/v2\/product_cat?post=83688"},{"taxonomy":"product_tag","embeddable":true,"href":"https:\/\/www.destination-saintquentin.fr\/de\/wp-json\/wp\/v2\/product_tag?post=83688"}],"curies":[{"name":"wp","href":"https:\/\/api.w.org\/{rel}","templated":true}]}}