{"id":83675,"date":"2026-03-03T03:01:41","date_gmt":"2026-03-03T02:01:41","guid":{"rendered":"https:\/\/www.destination-saintquentin.fr\/produit\/printemps-de-lart-deco-2026-lancien-cinema-le-casino\/"},"modified":"2026-04-19T18:34:26","modified_gmt":"2026-04-19T16:34:26","slug":"printemps-de-lart-deco-2026-lancien-cinema-le-casino","status":"publish","type":"product","link":"https:\/\/www.destination-saintquentin.fr\/de\/produit\/printemps-de-lart-deco-2026-lancien-cinema-le-casino\/","title":{"rendered":"Printemps de l&#8217;Art D\u00e9co 2026 : L&#8217;ancien cin\u00e9ma Le Casino"},"content":{"rendered":"<p>NON REMBOURSABLE &#8211; RDV devant le Casino, rue du G\u00e9n\u00e9ral Leclerc<\/p>\n<p style=\"text-align:justify\">D\u00e9couvrez l\u2019histoire du cin\u00e9ma des ann\u00e9es 1920 et p\u00e9n\u00e9trez dans cet incroyable b\u00e2timent tout juste restaur\u00e9 ; levez les yeux vers les d\u00e9cors pr\u00e9serv\u00e9s, t\u00e9moins de la fonction originelle du Casino.<\/p>\n<p>La visite du dimanche 12 avril sera doubl\u00e9e en L.S.F.<\/p>\n<p>Dur\u00e9e : 1h00<br \/>\n<\/p>\n<p>Tarif r\u00e9duit applicable sur pr\u00e9sentation d\u2019un justificatif aux \u00e9tudiants, personne de plus de 65 ans, personnes en situation de handicap, demandeurs d\u2019emploi<\/p>\n<p>Gratuit\u00e9 applicable sur pr\u00e9sentation d\u2019un justificatif aux personnes \u00e2g\u00e9es de moins de 18 ans, guides conf\u00e9renciers, m\u00e9c\u00e8nes, presse, partenaires, laur\u00e9ats de jeux concours organis\u00e9s par la Ville, accompagnant d\u2019une personne en situation de handicap. <\/p>\n","protected":false},"excerpt":{"rendered":"<p>NON REMBOURSABLE &#8211; RDV devant le Casino, rue du G\u00e9n\u00e9ral Leclerc D\u00e9couvrez l\u2019histoire du cin\u00e9ma des ann\u00e9es 1920 et p\u00e9n\u00e9trez dans cet incroyable b\u00e2timent tout juste restaur\u00e9 ; levez les yeux vers les d\u00e9cors pr\u00e9serv\u00e9s, t\u00e9moins de la fonction originelle du Casino. La visite du dimanche 12 avril sera doubl\u00e9e en L.S.F. Dur\u00e9e : 1h00 [&hellip;]<\/p>\n","protected":false},"author":0,"featured_media":28975,"template":"","meta":{"_acf_changed":false},"product_brand":[],"product_cat":[506],"product_tag":[],"class_list":{"0":"post-83675","1":"product","2":"type-product","3":"status-publish","4":"has-post-thumbnail","6":"product_cat-visites-guidees-patrimoine","8":"first","9":"instock","10":"shipping-taxable","11":"purchasable","12":"product-type-variable"},"acf":[],"_links":{"self":[{"href":"https:\/\/www.destination-saintquentin.fr\/de\/wp-json\/wp\/v2\/product\/83675","targetHints":{"allow":["GET"]}}],"collection":[{"href":"https:\/\/www.destination-saintquentin.fr\/de\/wp-json\/wp\/v2\/product"}],"about":[{"href":"https:\/\/www.destination-saintquentin.fr\/de\/wp-json\/wp\/v2\/types\/product"}],"wp:featuredmedia":[{"embeddable":true,"href":"https:\/\/www.destination-saintquentin.fr\/de\/wp-json\/wp\/v2\/media\/28975"}],"wp:attachment":[{"href":"https:\/\/www.destination-saintquentin.fr\/de\/wp-json\/wp\/v2\/media?parent=83675"}],"wp:term":[{"taxonomy":"product_brand","embeddable":true,"href":"https:\/\/www.destination-saintquentin.fr\/de\/wp-json\/wp\/v2\/product_brand?post=83675"},{"taxonomy":"product_cat","embeddable":true,"href":"https:\/\/www.destination-saintquentin.fr\/de\/wp-json\/wp\/v2\/product_cat?post=83675"},{"taxonomy":"product_tag","embeddable":true,"href":"https:\/\/www.destination-saintquentin.fr\/de\/wp-json\/wp\/v2\/product_tag?post=83675"}],"curies":[{"name":"wp","href":"https:\/\/api.w.org\/{rel}","templated":true}]}}