{"id":82979,"date":"2026-01-24T03:01:53","date_gmt":"2026-01-24T02:01:53","guid":{"rendered":"https:\/\/www.destination-saintquentin.fr\/produit\/initiation-artistique-au-musee-lecuyer-peinture-a-lhuile-au-couteau\/"},"modified":"2026-04-19T03:01:45","modified_gmt":"2026-04-19T01:01:45","slug":"initiation-artistique-au-musee-lecuyer-peinture-a-lhuile-au-couteau","status":"publish","type":"product","link":"https:\/\/www.destination-saintquentin.fr\/de\/produit\/initiation-artistique-au-musee-lecuyer-peinture-a-lhuile-au-couteau\/","title":{"rendered":"Initiation artistique au Mus\u00e9e L\u00e9cuyer : Peinture \u00e0 l&#8217;huile au couteau"},"content":{"rendered":"<p>RDV au Mus\u00e9e Antoine L\u00e9cuyer  &#8211; NON REMBOURSABLE &#8211; d\u00e9butants et amateurs<br \/>\nJAM, artiste multidisciplinaire qui se distingue dans plusieurs domaines cr\u00e9atifs, notamment en tant qu\u2019enseignant, illustrateur, dessinateur, et peintre vous propose de vous accompagner dans la d\u00e9couverte ou l\u2019approfondissement de la technique de la peinture \u00e0 l\u2019huile au couteau. Une approche dynamique pour apprendre \u00e0 ma\u00eetriser les gestes et les outils et donner du relief et de la texture \u00e0 vos cr\u00e9ations.<br \/>\n\u00c0 vos couteaux, pr\u00eats\u2026peignez !<\/p>\n","protected":false},"excerpt":{"rendered":"<p>RDV au Mus\u00e9e Antoine L\u00e9cuyer &#8211; NON REMBOURSABLE &#8211; d\u00e9butants et amateurs JAM, artiste multidisciplinaire qui se distingue dans plusieurs domaines cr\u00e9atifs, notamment en tant qu\u2019enseignant, illustrateur, dessinateur, et peintre vous propose de vous accompagner dans la d\u00e9couverte ou l\u2019approfondissement de la technique de la peinture \u00e0 l\u2019huile au couteau. Une approche dynamique pour apprendre [&hellip;]<\/p>\n","protected":false},"author":0,"featured_media":76328,"template":"","meta":{"_acf_changed":false},"product_brand":[],"product_cat":[506],"product_tag":[],"class_list":{"0":"post-82979","1":"product","2":"type-product","3":"status-publish","4":"has-post-thumbnail","6":"product_cat-visites-guidees-patrimoine","8":"first","9":"outofstock","10":"shipping-taxable","11":"product-type-variable"},"acf":[],"_links":{"self":[{"href":"https:\/\/www.destination-saintquentin.fr\/de\/wp-json\/wp\/v2\/product\/82979","targetHints":{"allow":["GET"]}}],"collection":[{"href":"https:\/\/www.destination-saintquentin.fr\/de\/wp-json\/wp\/v2\/product"}],"about":[{"href":"https:\/\/www.destination-saintquentin.fr\/de\/wp-json\/wp\/v2\/types\/product"}],"wp:featuredmedia":[{"embeddable":true,"href":"https:\/\/www.destination-saintquentin.fr\/de\/wp-json\/wp\/v2\/media\/76328"}],"wp:attachment":[{"href":"https:\/\/www.destination-saintquentin.fr\/de\/wp-json\/wp\/v2\/media?parent=82979"}],"wp:term":[{"taxonomy":"product_brand","embeddable":true,"href":"https:\/\/www.destination-saintquentin.fr\/de\/wp-json\/wp\/v2\/product_brand?post=82979"},{"taxonomy":"product_cat","embeddable":true,"href":"https:\/\/www.destination-saintquentin.fr\/de\/wp-json\/wp\/v2\/product_cat?post=82979"},{"taxonomy":"product_tag","embeddable":true,"href":"https:\/\/www.destination-saintquentin.fr\/de\/wp-json\/wp\/v2\/product_tag?post=82979"}],"curies":[{"name":"wp","href":"https:\/\/api.w.org\/{rel}","templated":true}]}}