{"id":82670,"date":"2026-01-20T03:01:20","date_gmt":"2026-01-20T02:01:20","guid":{"rendered":"https:\/\/www.destination-saintquentin.fr\/produit\/visite-guidee-de-lhotel-de-ville-aux-cachots-du-roy\/"},"modified":"2026-04-19T03:01:17","modified_gmt":"2026-04-19T01:01:17","slug":"visite-guidee-de-lhotel-de-ville-aux-cachots-du-roy","status":"publish","type":"product","link":"https:\/\/www.destination-saintquentin.fr\/de\/produit\/visite-guidee-de-lhotel-de-ville-aux-cachots-du-roy\/","title":{"rendered":"Visite guid\u00e9e : De l&#8217;H\u00f4tel de Ville aux Cachots du Roy"},"content":{"rendered":"<p>RDV devant l&#8217;Office de Tourisme &#8211; NON REMBOURSABLE<br \/>\nVisitez les anciens lieux du pouvoir de Saint-Quentin, entre justice, crimes et ch\u00e2timents.<\/p>\n<p>Le dimanche 8 mars : Visite doubl\u00e9e en LSF<\/p>\n<p>Un justificatif devra \u00eatre pr\u00e9sent\u00e9 au guide pour tout billet gratuit ou \u00e0 tarif r\u00e9duit.<\/p>\n<p>Le tarif r\u00e9duit s\u2019applique aux \u00e9tudiants, aux personnes de plus de 65 ans, aux demandeurs d\u2019emploi, aux personnes en situation de handicap ainsi qu\u2019aux d\u00e9tenteurs du Pass \u00c9ducation.<\/p>\n<p>La gratuit\u00e9 concerne les moins de 18 ans, les guides-conf\u00e9renciers, les m\u00e9c\u00e8nes, la presse, les partenaires, les laur\u00e9ats de jeux concours, les visiteurs dans le cadre d\u2019op\u00e9rations sp\u00e9ciales, les porteurs de la carte ICOM, les personnes b\u00e9n\u00e9ficiant d\u2019invitations de la Ville ainsi que l\u2019accompagnant d\u2019une personne en situation de handicap.<\/p>\n<p>Attention : chaque participant, y compris les enfants en bas \u00e2ge, doit \u00eatre muni d\u2019un billet pour acc\u00e9der \u00e0 la visite.<\/p>\n<p>\u00a0<\/p>\n","protected":false},"excerpt":{"rendered":"<p>RDV devant l&#8217;Office de Tourisme &#8211; NON REMBOURSABLE Visitez les anciens lieux du pouvoir de Saint-Quentin, entre justice, crimes et ch\u00e2timents. Le dimanche 8 mars : Visite doubl\u00e9e en LSF Un justificatif devra \u00eatre pr\u00e9sent\u00e9 au guide pour tout billet gratuit ou \u00e0 tarif r\u00e9duit. Le tarif r\u00e9duit s\u2019applique aux \u00e9tudiants, aux personnes de plus [&hellip;]<\/p>\n","protected":false},"author":0,"featured_media":28533,"template":"","meta":{"_acf_changed":false},"product_brand":[],"product_cat":[506],"product_tag":[],"class_list":{"0":"post-82670","1":"product","2":"type-product","3":"status-publish","4":"has-post-thumbnail","6":"product_cat-visites-guidees-patrimoine","8":"first","9":"outofstock","10":"shipping-taxable","11":"purchasable","12":"product-type-variable"},"acf":[],"_links":{"self":[{"href":"https:\/\/www.destination-saintquentin.fr\/de\/wp-json\/wp\/v2\/product\/82670","targetHints":{"allow":["GET"]}}],"collection":[{"href":"https:\/\/www.destination-saintquentin.fr\/de\/wp-json\/wp\/v2\/product"}],"about":[{"href":"https:\/\/www.destination-saintquentin.fr\/de\/wp-json\/wp\/v2\/types\/product"}],"wp:featuredmedia":[{"embeddable":true,"href":"https:\/\/www.destination-saintquentin.fr\/de\/wp-json\/wp\/v2\/media\/28533"}],"wp:attachment":[{"href":"https:\/\/www.destination-saintquentin.fr\/de\/wp-json\/wp\/v2\/media?parent=82670"}],"wp:term":[{"taxonomy":"product_brand","embeddable":true,"href":"https:\/\/www.destination-saintquentin.fr\/de\/wp-json\/wp\/v2\/product_brand?post=82670"},{"taxonomy":"product_cat","embeddable":true,"href":"https:\/\/www.destination-saintquentin.fr\/de\/wp-json\/wp\/v2\/product_cat?post=82670"},{"taxonomy":"product_tag","embeddable":true,"href":"https:\/\/www.destination-saintquentin.fr\/de\/wp-json\/wp\/v2\/product_tag?post=82670"}],"curies":[{"name":"wp","href":"https:\/\/api.w.org\/{rel}","templated":true}]}}