{"id":82498,"date":"2026-01-09T03:01:40","date_gmt":"2026-01-09T02:01:40","guid":{"rendered":"https:\/\/www.destination-saintquentin.fr\/produit\/printemps-de-lart-deco-2026-eglise-st-martin-de-remigny\/"},"modified":"2026-04-19T18:36:07","modified_gmt":"2026-04-19T16:36:07","slug":"printemps-de-lart-deco-2026-eglise-st-martin-de-remigny","status":"publish","type":"product","link":"https:\/\/www.destination-saintquentin.fr\/de\/produit\/printemps-de-lart-deco-2026-eglise-st-martin-de-remigny\/","title":{"rendered":"Printemps de l&#8217;Art D\u00e9co 2026 : Eglise St-Martin de Remigny"},"content":{"rendered":"<p>RDV \u00e0 l&#8217;\u00e9glise de Remigny<br \/>\nV\u00e9ritable chef-d&#8217;\u0153uvre architectural associant le style n\u00e9o-roman, byzantin et Art D\u00e9co. On distingue son haut clocher et sa coupole, surmont\u00e9e de la statue de St-Martin. Elle a \u00e9t\u00e9 achev\u00e9e en 1929 par l&#8217;architecte Brassart-Mariage.<\/p>\n","protected":false},"excerpt":{"rendered":"<p>RDV \u00e0 l&#8217;\u00e9glise de Remigny V\u00e9ritable chef-d&#8217;\u0153uvre architectural associant le style n\u00e9o-roman, byzantin et Art D\u00e9co. On distingue son haut clocher et sa coupole, surmont\u00e9e de la statue de St-Martin. Elle a \u00e9t\u00e9 achev\u00e9e en 1929 par l&#8217;architecte Brassart-Mariage.<\/p>\n","protected":false},"author":0,"featured_media":82500,"template":"","meta":{"_acf_changed":false},"product_brand":[],"product_cat":[506],"product_tag":[],"class_list":{"0":"post-82498","1":"product","2":"type-product","3":"status-publish","4":"has-post-thumbnail","6":"product_cat-visites-guidees-patrimoine","8":"first","9":"instock","10":"shipping-taxable","11":"purchasable","12":"product-type-variable"},"acf":[],"_links":{"self":[{"href":"https:\/\/www.destination-saintquentin.fr\/de\/wp-json\/wp\/v2\/product\/82498","targetHints":{"allow":["GET"]}}],"collection":[{"href":"https:\/\/www.destination-saintquentin.fr\/de\/wp-json\/wp\/v2\/product"}],"about":[{"href":"https:\/\/www.destination-saintquentin.fr\/de\/wp-json\/wp\/v2\/types\/product"}],"wp:featuredmedia":[{"embeddable":true,"href":"https:\/\/www.destination-saintquentin.fr\/de\/wp-json\/wp\/v2\/media\/82500"}],"wp:attachment":[{"href":"https:\/\/www.destination-saintquentin.fr\/de\/wp-json\/wp\/v2\/media?parent=82498"}],"wp:term":[{"taxonomy":"product_brand","embeddable":true,"href":"https:\/\/www.destination-saintquentin.fr\/de\/wp-json\/wp\/v2\/product_brand?post=82498"},{"taxonomy":"product_cat","embeddable":true,"href":"https:\/\/www.destination-saintquentin.fr\/de\/wp-json\/wp\/v2\/product_cat?post=82498"},{"taxonomy":"product_tag","embeddable":true,"href":"https:\/\/www.destination-saintquentin.fr\/de\/wp-json\/wp\/v2\/product_tag?post=82498"}],"curies":[{"name":"wp","href":"https:\/\/api.w.org\/{rel}","templated":true}]}}