{"id":82493,"date":"2026-01-09T03:01:40","date_gmt":"2026-01-09T02:01:40","guid":{"rendered":"https:\/\/www.destination-saintquentin.fr\/produit\/printemps-de-lart-deco-2026-itineraire-art-deco-entre-facades-et-vitraux\/"},"modified":"2026-04-19T18:36:07","modified_gmt":"2026-04-19T16:36:07","slug":"printemps-de-lart-deco-2026-itineraire-art-deco-entre-facades-et-vitraux","status":"publish","type":"product","link":"https:\/\/www.destination-saintquentin.fr\/de\/produit\/printemps-de-lart-deco-2026-itineraire-art-deco-entre-facades-et-vitraux\/","title":{"rendered":"Printemps de l&#8217;Art D\u00e9co 2026 :  Itin\u00e9raire Art D\u00e9co entre fa\u00e7ades et vitraux"},"content":{"rendered":"<p>RDV \u00e0 la Mairie de Mo\u00ff-de-l&#8217;Aisne<br \/>\nAu d\u00e9part de la mairie, laissez-vous surprendre par les fa\u00e7ades des maisons, puis \u00e9merveillez-vous devant les vitraux color\u00e9s de l\u2019\u00e9glise.<\/p>\n","protected":false},"excerpt":{"rendered":"<p>RDV \u00e0 la Mairie de Mo\u00ff-de-l&#8217;Aisne Au d\u00e9part de la mairie, laissez-vous surprendre par les fa\u00e7ades des maisons, puis \u00e9merveillez-vous devant les vitraux color\u00e9s de l\u2019\u00e9glise.<\/p>\n","protected":false},"author":0,"featured_media":82495,"template":"","meta":{"_acf_changed":false},"product_brand":[],"product_cat":[506],"product_tag":[],"class_list":{"0":"post-82493","1":"product","2":"type-product","3":"status-publish","4":"has-post-thumbnail","6":"product_cat-visites-guidees-patrimoine","8":"first","9":"instock","10":"shipping-taxable","11":"purchasable","12":"product-type-variable"},"acf":[],"_links":{"self":[{"href":"https:\/\/www.destination-saintquentin.fr\/de\/wp-json\/wp\/v2\/product\/82493","targetHints":{"allow":["GET"]}}],"collection":[{"href":"https:\/\/www.destination-saintquentin.fr\/de\/wp-json\/wp\/v2\/product"}],"about":[{"href":"https:\/\/www.destination-saintquentin.fr\/de\/wp-json\/wp\/v2\/types\/product"}],"wp:featuredmedia":[{"embeddable":true,"href":"https:\/\/www.destination-saintquentin.fr\/de\/wp-json\/wp\/v2\/media\/82495"}],"wp:attachment":[{"href":"https:\/\/www.destination-saintquentin.fr\/de\/wp-json\/wp\/v2\/media?parent=82493"}],"wp:term":[{"taxonomy":"product_brand","embeddable":true,"href":"https:\/\/www.destination-saintquentin.fr\/de\/wp-json\/wp\/v2\/product_brand?post=82493"},{"taxonomy":"product_cat","embeddable":true,"href":"https:\/\/www.destination-saintquentin.fr\/de\/wp-json\/wp\/v2\/product_cat?post=82493"},{"taxonomy":"product_tag","embeddable":true,"href":"https:\/\/www.destination-saintquentin.fr\/de\/wp-json\/wp\/v2\/product_tag?post=82493"}],"curies":[{"name":"wp","href":"https:\/\/api.w.org\/{rel}","templated":true}]}}