{"id":82487,"date":"2026-01-09T03:01:39","date_gmt":"2026-01-09T02:01:39","guid":{"rendered":"https:\/\/www.destination-saintquentin.fr\/produit\/printemps-de-lart-deco-2026-mosaiques-et-art-deco-a-brissy-hamegicourt\/"},"modified":"2026-04-19T18:36:09","modified_gmt":"2026-04-19T16:36:09","slug":"printemps-de-lart-deco-2026-mosaiques-et-art-deco-a-brissy-hamegicourt","status":"publish","type":"product","link":"https:\/\/www.destination-saintquentin.fr\/de\/produit\/printemps-de-lart-deco-2026-mosaiques-et-art-deco-a-brissy-hamegicourt\/","title":{"rendered":"Printemps de l&#8217;Art D\u00e9co 2026 : Mosa\u00efques et Art d\u00e9co \u00e0 Brissy-Ham\u00e9gicourt"},"content":{"rendered":"<p>RDV \u00e0 l&#8217;\u00e9glise Saint-Maixent, Brissy-Ham\u00e9gicourt<br \/>\nL&#8217;ensemble des arts d\u00e9coratifs a \u00e9t\u00e9 concern\u00e9 par le courant Art D\u00e9co : architecture, fresques, vitraux, mobilier, ferronneries&#8230; mais aussi mosa\u00efque. D\u00e9couvrez les mosa\u00efques &#8222;Franceschini&#8220; des ann\u00e9es 1920.<\/p>\n","protected":false},"excerpt":{"rendered":"<p>RDV \u00e0 l&#8217;\u00e9glise Saint-Maixent, Brissy-Ham\u00e9gicourt L&#8217;ensemble des arts d\u00e9coratifs a \u00e9t\u00e9 concern\u00e9 par le courant Art D\u00e9co : architecture, fresques, vitraux, mobilier, ferronneries&#8230; mais aussi mosa\u00efque. D\u00e9couvrez les mosa\u00efques &#8222;Franceschini&#8220; des ann\u00e9es 1920.<\/p>\n","protected":false},"author":0,"featured_media":82490,"template":"","meta":{"_acf_changed":false},"product_brand":[],"product_cat":[506],"product_tag":[],"class_list":{"0":"post-82487","1":"product","2":"type-product","3":"status-publish","4":"has-post-thumbnail","6":"product_cat-visites-guidees-patrimoine","8":"first","9":"instock","10":"shipping-taxable","11":"purchasable","12":"product-type-variable"},"acf":[],"_links":{"self":[{"href":"https:\/\/www.destination-saintquentin.fr\/de\/wp-json\/wp\/v2\/product\/82487","targetHints":{"allow":["GET"]}}],"collection":[{"href":"https:\/\/www.destination-saintquentin.fr\/de\/wp-json\/wp\/v2\/product"}],"about":[{"href":"https:\/\/www.destination-saintquentin.fr\/de\/wp-json\/wp\/v2\/types\/product"}],"wp:featuredmedia":[{"embeddable":true,"href":"https:\/\/www.destination-saintquentin.fr\/de\/wp-json\/wp\/v2\/media\/82490"}],"wp:attachment":[{"href":"https:\/\/www.destination-saintquentin.fr\/de\/wp-json\/wp\/v2\/media?parent=82487"}],"wp:term":[{"taxonomy":"product_brand","embeddable":true,"href":"https:\/\/www.destination-saintquentin.fr\/de\/wp-json\/wp\/v2\/product_brand?post=82487"},{"taxonomy":"product_cat","embeddable":true,"href":"https:\/\/www.destination-saintquentin.fr\/de\/wp-json\/wp\/v2\/product_cat?post=82487"},{"taxonomy":"product_tag","embeddable":true,"href":"https:\/\/www.destination-saintquentin.fr\/de\/wp-json\/wp\/v2\/product_tag?post=82487"}],"curies":[{"name":"wp","href":"https:\/\/api.w.org\/{rel}","templated":true}]}}