{"id":82482,"date":"2026-01-09T03:01:38","date_gmt":"2026-01-09T02:01:38","guid":{"rendered":"https:\/\/www.destination-saintquentin.fr\/produit\/printemps-de-lart-deco-2026-empreinte-de-lart-deco-a-vendeuil\/"},"modified":"2026-04-19T03:01:43","modified_gmt":"2026-04-19T01:01:43","slug":"printemps-de-lart-deco-2026-empreinte-de-lart-deco-a-vendeuil","status":"publish","type":"product","link":"https:\/\/www.destination-saintquentin.fr\/de\/produit\/printemps-de-lart-deco-2026-empreinte-de-lart-deco-a-vendeuil\/","title":{"rendered":"Printemps de l&#8217;Art D\u00e9co 2026 : Empreinte de l&#8217;Art D\u00e9co \u00e0 Vendeuil"},"content":{"rendered":"<p>RDV \u00e0 l&#8217;\u00e9glise de Vendeuil<br \/>\nL&#8217;influence de l&#8217;Art D\u00e9co ne se limite pas \u00e0 l&#8217;architecture scolaire \u00e0 Vendeuil. Plusieurs b\u00e2timents publics et maisons priv\u00e9es soulignent l&#8217;importance de l&#8217;art dans la vie quotidienne.<\/p>\n","protected":false},"excerpt":{"rendered":"<p>RDV \u00e0 l&#8217;\u00e9glise de Vendeuil L&#8217;influence de l&#8217;Art D\u00e9co ne se limite pas \u00e0 l&#8217;architecture scolaire \u00e0 Vendeuil. Plusieurs b\u00e2timents publics et maisons priv\u00e9es soulignent l&#8217;importance de l&#8217;art dans la vie quotidienne.<\/p>\n","protected":false},"author":0,"featured_media":82484,"template":"","meta":{"_acf_changed":false},"product_brand":[],"product_cat":[506],"product_tag":[],"class_list":{"0":"post-82482","1":"product","2":"type-product","3":"status-publish","4":"has-post-thumbnail","6":"product_cat-visites-guidees-patrimoine","8":"first","9":"outofstock","10":"shipping-taxable","11":"purchasable","12":"product-type-variable"},"acf":[],"_links":{"self":[{"href":"https:\/\/www.destination-saintquentin.fr\/de\/wp-json\/wp\/v2\/product\/82482","targetHints":{"allow":["GET"]}}],"collection":[{"href":"https:\/\/www.destination-saintquentin.fr\/de\/wp-json\/wp\/v2\/product"}],"about":[{"href":"https:\/\/www.destination-saintquentin.fr\/de\/wp-json\/wp\/v2\/types\/product"}],"wp:featuredmedia":[{"embeddable":true,"href":"https:\/\/www.destination-saintquentin.fr\/de\/wp-json\/wp\/v2\/media\/82484"}],"wp:attachment":[{"href":"https:\/\/www.destination-saintquentin.fr\/de\/wp-json\/wp\/v2\/media?parent=82482"}],"wp:term":[{"taxonomy":"product_brand","embeddable":true,"href":"https:\/\/www.destination-saintquentin.fr\/de\/wp-json\/wp\/v2\/product_brand?post=82482"},{"taxonomy":"product_cat","embeddable":true,"href":"https:\/\/www.destination-saintquentin.fr\/de\/wp-json\/wp\/v2\/product_cat?post=82482"},{"taxonomy":"product_tag","embeddable":true,"href":"https:\/\/www.destination-saintquentin.fr\/de\/wp-json\/wp\/v2\/product_tag?post=82482"}],"curies":[{"name":"wp","href":"https:\/\/api.w.org\/{rel}","templated":true}]}}