{"id":82477,"date":"2026-01-09T03:01:33","date_gmt":"2026-01-09T02:01:33","guid":{"rendered":"https:\/\/www.destination-saintquentin.fr\/produit\/printemps-de-lart-deco-2026-le-duo-deglises-art-deco-de-gibercourt-et-hinacourt\/"},"modified":"2026-04-19T18:34:22","modified_gmt":"2026-04-19T16:34:22","slug":"printemps-de-lart-deco-2026-le-duo-deglises-art-deco-de-gibercourt-et-hinacourt","status":"publish","type":"product","link":"https:\/\/www.destination-saintquentin.fr\/de\/produit\/printemps-de-lart-deco-2026-le-duo-deglises-art-deco-de-gibercourt-et-hinacourt\/","title":{"rendered":"Printemps de l&#8217;Art D\u00e9co 2026 : Le duo d&#8217;\u00e9glises art d\u00e9co de Gibercourt et Hinacourt"},"content":{"rendered":"<p>RDV \u00e0 l&#8217;\u00e9glise de Gibercourt<br \/>\nUn parcours guid\u00e9 r\u00e9v\u00e9lant la richesse art d\u00e9co de ces deux \u00e9glises. Construites par Louis Brassart-Mariage et Julien Coutelier elles pr\u00e9sentent toutes deux des vitraux remarquables dont \u00e0 Hinacourt, r\u00e9alis\u00e9s par l&#8217;atelier Maumejean.<\/p>\n","protected":false},"excerpt":{"rendered":"<p>RDV \u00e0 l&#8217;\u00e9glise de Gibercourt Un parcours guid\u00e9 r\u00e9v\u00e9lant la richesse art d\u00e9co de ces deux \u00e9glises. Construites par Louis Brassart-Mariage et Julien Coutelier elles pr\u00e9sentent toutes deux des vitraux remarquables dont \u00e0 Hinacourt, r\u00e9alis\u00e9s par l&#8217;atelier Maumejean.<\/p>\n","protected":false},"author":0,"featured_media":82479,"template":"","meta":{"_acf_changed":false},"product_brand":[],"product_cat":[506],"product_tag":[],"class_list":{"0":"post-82477","1":"product","2":"type-product","3":"status-publish","4":"has-post-thumbnail","6":"product_cat-visites-guidees-patrimoine","8":"first","9":"instock","10":"shipping-taxable","11":"purchasable","12":"product-type-variable"},"acf":[],"_links":{"self":[{"href":"https:\/\/www.destination-saintquentin.fr\/de\/wp-json\/wp\/v2\/product\/82477","targetHints":{"allow":["GET"]}}],"collection":[{"href":"https:\/\/www.destination-saintquentin.fr\/de\/wp-json\/wp\/v2\/product"}],"about":[{"href":"https:\/\/www.destination-saintquentin.fr\/de\/wp-json\/wp\/v2\/types\/product"}],"wp:featuredmedia":[{"embeddable":true,"href":"https:\/\/www.destination-saintquentin.fr\/de\/wp-json\/wp\/v2\/media\/82479"}],"wp:attachment":[{"href":"https:\/\/www.destination-saintquentin.fr\/de\/wp-json\/wp\/v2\/media?parent=82477"}],"wp:term":[{"taxonomy":"product_brand","embeddable":true,"href":"https:\/\/www.destination-saintquentin.fr\/de\/wp-json\/wp\/v2\/product_brand?post=82477"},{"taxonomy":"product_cat","embeddable":true,"href":"https:\/\/www.destination-saintquentin.fr\/de\/wp-json\/wp\/v2\/product_cat?post=82477"},{"taxonomy":"product_tag","embeddable":true,"href":"https:\/\/www.destination-saintquentin.fr\/de\/wp-json\/wp\/v2\/product_tag?post=82477"}],"curies":[{"name":"wp","href":"https:\/\/api.w.org\/{rel}","templated":true}]}}