{"id":82384,"date":"2026-01-03T03:01:45","date_gmt":"2026-01-03T02:01:45","guid":{"rendered":"https:\/\/www.destination-saintquentin.fr\/produit\/petits-experts-du-patrimoine-cap-sur-lart-deco\/"},"modified":"2026-04-19T18:34:35","modified_gmt":"2026-04-19T16:34:35","slug":"petits-experts-du-patrimoine-cap-sur-lart-deco","status":"publish","type":"product","link":"https:\/\/www.destination-saintquentin.fr\/de\/produit\/petits-experts-du-patrimoine-cap-sur-lart-deco\/","title":{"rendered":"Petits experts du Patrimoine  : Cap sur l&#8217;art d\u00e9co"},"content":{"rendered":"<p>Rendez-vous devant l&#8217;H\u00f4tel de ville, destin\u00e9 aux enfants de 6 \u00e0 12ans &#8211; ans sans accompagnateur &#8211;  NON REMBOURSABLE<br \/>\nDes fa\u00e7ades stylis\u00e9es \u00e0 la surprenante salle du Conseil municipal de l\u2019H\u00f4tel de Ville, en passant par les vitraux de la Basilique, pars \u00e0 la d\u00e9couverte du patrimoine Art d\u00e9co de Saint-Quentin ! Puis, tu pourras t\u2019initier \u00e0 la\u00a0r\u00e9alisation de motifs Art d\u00e9co\u00a0et repartir avec ta cr\u00e9ation.\u00a0<\/p>\n","protected":false},"excerpt":{"rendered":"<p>Rendez-vous devant l&#8217;H\u00f4tel de ville, destin\u00e9 aux enfants de 6 \u00e0 12ans &#8211; ans sans accompagnateur &#8211; NON REMBOURSABLE Des fa\u00e7ades stylis\u00e9es \u00e0 la surprenante salle du Conseil municipal de l\u2019H\u00f4tel de Ville, en passant par les vitraux de la Basilique, pars \u00e0 la d\u00e9couverte du patrimoine Art d\u00e9co de Saint-Quentin ! Puis, tu pourras [&hellip;]<\/p>\n","protected":false},"author":0,"featured_media":82386,"template":"","meta":{"_acf_changed":false},"product_brand":[],"product_cat":[506],"product_tag":[],"class_list":{"0":"post-82384","1":"product","2":"type-product","3":"status-publish","4":"has-post-thumbnail","6":"product_cat-visites-guidees-patrimoine","8":"first","9":"instock","10":"shipping-taxable","11":"purchasable","12":"product-type-variable"},"acf":[],"_links":{"self":[{"href":"https:\/\/www.destination-saintquentin.fr\/de\/wp-json\/wp\/v2\/product\/82384","targetHints":{"allow":["GET"]}}],"collection":[{"href":"https:\/\/www.destination-saintquentin.fr\/de\/wp-json\/wp\/v2\/product"}],"about":[{"href":"https:\/\/www.destination-saintquentin.fr\/de\/wp-json\/wp\/v2\/types\/product"}],"wp:featuredmedia":[{"embeddable":true,"href":"https:\/\/www.destination-saintquentin.fr\/de\/wp-json\/wp\/v2\/media\/82386"}],"wp:attachment":[{"href":"https:\/\/www.destination-saintquentin.fr\/de\/wp-json\/wp\/v2\/media?parent=82384"}],"wp:term":[{"taxonomy":"product_brand","embeddable":true,"href":"https:\/\/www.destination-saintquentin.fr\/de\/wp-json\/wp\/v2\/product_brand?post=82384"},{"taxonomy":"product_cat","embeddable":true,"href":"https:\/\/www.destination-saintquentin.fr\/de\/wp-json\/wp\/v2\/product_cat?post=82384"},{"taxonomy":"product_tag","embeddable":true,"href":"https:\/\/www.destination-saintquentin.fr\/de\/wp-json\/wp\/v2\/product_tag?post=82384"}],"curies":[{"name":"wp","href":"https:\/\/api.w.org\/{rel}","templated":true}]}}