{"id":82379,"date":"2026-01-03T03:01:44","date_gmt":"2026-01-03T02:01:44","guid":{"rendered":"https:\/\/www.destination-saintquentin.fr\/produit\/petits-experts-du-patrimoine-fabrique-ta-facade-art-deco\/"},"modified":"2026-04-19T03:01:48","modified_gmt":"2026-04-19T01:01:48","slug":"petits-experts-du-patrimoine-fabrique-ta-facade-art-deco","status":"publish","type":"product","link":"https:\/\/www.destination-saintquentin.fr\/de\/produit\/petits-experts-du-patrimoine-fabrique-ta-facade-art-deco\/","title":{"rendered":"Petits experts du Patrimoine : Fabrique ta fa\u00e7ade Art D\u00e9co !"},"content":{"rendered":"<p>NON REMBOURSABLE &#8211; RDV aux archives, 53 rue Henri Dunant &#8211; de 6 \u00e0 12ans &#8211; Sans accompagnateur<br \/>\nVoyage dans le temps en partant \u00e0 la d\u00e9couverte des archives Art d\u00e9co conserv\u00e9es \u00e0 Saint-Quentin : plans, photographies et autres documents pr\u00e9cieux. Puis, cr\u00e9e ta propre fa\u00e7ade Art d\u00e9co \u00e0 la fa\u00e7on d\u2019un architecte en t\u2019inspirant de ce que tu auras vu ! <\/p>\n","protected":false},"excerpt":{"rendered":"<p>NON REMBOURSABLE &#8211; RDV aux archives, 53 rue Henri Dunant &#8211; de 6 \u00e0 12ans &#8211; Sans accompagnateur Voyage dans le temps en partant \u00e0 la d\u00e9couverte des archives Art d\u00e9co conserv\u00e9es \u00e0 Saint-Quentin : plans, photographies et autres documents pr\u00e9cieux. Puis, cr\u00e9e ta propre fa\u00e7ade Art d\u00e9co \u00e0 la fa\u00e7on d\u2019un architecte en t\u2019inspirant [&hellip;]<\/p>\n","protected":false},"author":0,"featured_media":82381,"template":"","meta":{"_acf_changed":false},"product_brand":[],"product_cat":[506],"product_tag":[],"class_list":{"0":"post-82379","1":"product","2":"type-product","3":"status-publish","4":"has-post-thumbnail","6":"product_cat-visites-guidees-patrimoine","8":"first","9":"outofstock","10":"shipping-taxable","11":"purchasable","12":"product-type-variable"},"acf":[],"_links":{"self":[{"href":"https:\/\/www.destination-saintquentin.fr\/de\/wp-json\/wp\/v2\/product\/82379","targetHints":{"allow":["GET"]}}],"collection":[{"href":"https:\/\/www.destination-saintquentin.fr\/de\/wp-json\/wp\/v2\/product"}],"about":[{"href":"https:\/\/www.destination-saintquentin.fr\/de\/wp-json\/wp\/v2\/types\/product"}],"wp:featuredmedia":[{"embeddable":true,"href":"https:\/\/www.destination-saintquentin.fr\/de\/wp-json\/wp\/v2\/media\/82381"}],"wp:attachment":[{"href":"https:\/\/www.destination-saintquentin.fr\/de\/wp-json\/wp\/v2\/media?parent=82379"}],"wp:term":[{"taxonomy":"product_brand","embeddable":true,"href":"https:\/\/www.destination-saintquentin.fr\/de\/wp-json\/wp\/v2\/product_brand?post=82379"},{"taxonomy":"product_cat","embeddable":true,"href":"https:\/\/www.destination-saintquentin.fr\/de\/wp-json\/wp\/v2\/product_cat?post=82379"},{"taxonomy":"product_tag","embeddable":true,"href":"https:\/\/www.destination-saintquentin.fr\/de\/wp-json\/wp\/v2\/product_tag?post=82379"}],"curies":[{"name":"wp","href":"https:\/\/api.w.org\/{rel}","templated":true}]}}