{"id":82377,"date":"2026-01-03T03:01:26","date_gmt":"2026-01-03T02:01:26","guid":{"rendered":"https:\/\/www.destination-saintquentin.fr\/produit\/petits-experts-du-patrimoine-a-la-decouverte-de-ton-arbre-genealogique-en-famille\/"},"modified":"2026-04-19T03:01:28","modified_gmt":"2026-04-19T01:01:28","slug":"petits-experts-du-patrimoine-a-la-decouverte-de-ton-arbre-genealogique-en-famille","status":"publish","type":"product","link":"https:\/\/www.destination-saintquentin.fr\/de\/produit\/petits-experts-du-patrimoine-a-la-decouverte-de-ton-arbre-genealogique-en-famille\/","title":{"rendered":"Petits experts du Patrimoine : \u00c0 la d\u00e9couverte de ton arbre g\u00e9n\u00e9alogique en famille !"},"content":{"rendered":"<p>NON REMBOURSABLE &#8211; RDV aux archives, 53 rue Henri Dunant &#8211; \u00e0 partir de 6 ans &#8211; 1 parent accompagnant max.<br \/>\nVenez d\u00e9couvrir en famille les archives de Saint-Quentin, puis cr\u00e9er \u00e0 4 mains votre arbre g\u00e9n\u00e9alogique. Pensez \u00e0 vous munir de photographies pour l\u2019illustrer ! <\/p>\n","protected":false},"excerpt":{"rendered":"<p>NON REMBOURSABLE &#8211; RDV aux archives, 53 rue Henri Dunant &#8211; \u00e0 partir de 6 ans &#8211; 1 parent accompagnant max. Venez d\u00e9couvrir en famille les archives de Saint-Quentin, puis cr\u00e9er \u00e0 4 mains votre arbre g\u00e9n\u00e9alogique. Pensez \u00e0 vous munir de photographies pour l\u2019illustrer !<\/p>\n","protected":false},"author":0,"featured_media":67536,"template":"","meta":{"_acf_changed":false},"product_brand":[],"product_cat":[506],"product_tag":[],"class_list":{"0":"post-82377","1":"product","2":"type-product","3":"status-publish","4":"has-post-thumbnail","6":"product_cat-visites-guidees-patrimoine","8":"first","9":"outofstock","10":"shipping-taxable","11":"purchasable","12":"product-type-variable"},"acf":[],"_links":{"self":[{"href":"https:\/\/www.destination-saintquentin.fr\/de\/wp-json\/wp\/v2\/product\/82377","targetHints":{"allow":["GET"]}}],"collection":[{"href":"https:\/\/www.destination-saintquentin.fr\/de\/wp-json\/wp\/v2\/product"}],"about":[{"href":"https:\/\/www.destination-saintquentin.fr\/de\/wp-json\/wp\/v2\/types\/product"}],"wp:featuredmedia":[{"embeddable":true,"href":"https:\/\/www.destination-saintquentin.fr\/de\/wp-json\/wp\/v2\/media\/67536"}],"wp:attachment":[{"href":"https:\/\/www.destination-saintquentin.fr\/de\/wp-json\/wp\/v2\/media?parent=82377"}],"wp:term":[{"taxonomy":"product_brand","embeddable":true,"href":"https:\/\/www.destination-saintquentin.fr\/de\/wp-json\/wp\/v2\/product_brand?post=82377"},{"taxonomy":"product_cat","embeddable":true,"href":"https:\/\/www.destination-saintquentin.fr\/de\/wp-json\/wp\/v2\/product_cat?post=82377"},{"taxonomy":"product_tag","embeddable":true,"href":"https:\/\/www.destination-saintquentin.fr\/de\/wp-json\/wp\/v2\/product_tag?post=82377"}],"curies":[{"name":"wp","href":"https:\/\/api.w.org\/{rel}","templated":true}]}}