{"id":82375,"date":"2026-01-03T03:01:24","date_gmt":"2026-01-03T02:01:24","guid":{"rendered":"https:\/\/www.destination-saintquentin.fr\/produit\/petits-experts-du-patrimoine-cree-ton-blason-de-chevalier\/"},"modified":"2026-04-19T03:01:27","modified_gmt":"2026-04-19T01:01:27","slug":"petits-experts-du-patrimoine-cree-ton-blason-de-chevalier","status":"publish","type":"product","link":"https:\/\/www.destination-saintquentin.fr\/de\/produit\/petits-experts-du-patrimoine-cree-ton-blason-de-chevalier\/","title":{"rendered":"Petits experts du Patrimoine  : Cr\u00e9e ton blason de chevalier"},"content":{"rendered":"<p>Rendez-vous devant l&#8217;H\u00f4tel de ville, \u00e0 partir de 7 ans, sans accompagnateur &#8211;  NON REMBOURSABLE<br \/>\nD\u00e8s le Moyen-\u00c2ge, les chevaliers et les seigneurs ont leur propre blason ! D\u00e9couvre l\u2019histoire du blason de la ville de Saint-Quentin, puis cr\u00e9e les armoiries de ta famille et repars avec ton blason personnalis\u00e9 !<\/p>\n","protected":false},"excerpt":{"rendered":"<p>Rendez-vous devant l&#8217;H\u00f4tel de ville, \u00e0 partir de 7 ans, sans accompagnateur &#8211; NON REMBOURSABLE D\u00e8s le Moyen-\u00c2ge, les chevaliers et les seigneurs ont leur propre blason ! D\u00e9couvre l\u2019histoire du blason de la ville de Saint-Quentin, puis cr\u00e9e les armoiries de ta famille et repars avec ton blason personnalis\u00e9 !<\/p>\n","protected":false},"author":0,"featured_media":64465,"template":"","meta":{"_acf_changed":false},"product_brand":[],"product_cat":[506],"product_tag":[],"class_list":{"0":"post-82375","1":"product","2":"type-product","3":"status-publish","4":"has-post-thumbnail","6":"product_cat-visites-guidees-patrimoine","8":"first","9":"outofstock","10":"shipping-taxable","11":"purchasable","12":"product-type-variable"},"acf":[],"_links":{"self":[{"href":"https:\/\/www.destination-saintquentin.fr\/de\/wp-json\/wp\/v2\/product\/82375","targetHints":{"allow":["GET"]}}],"collection":[{"href":"https:\/\/www.destination-saintquentin.fr\/de\/wp-json\/wp\/v2\/product"}],"about":[{"href":"https:\/\/www.destination-saintquentin.fr\/de\/wp-json\/wp\/v2\/types\/product"}],"wp:featuredmedia":[{"embeddable":true,"href":"https:\/\/www.destination-saintquentin.fr\/de\/wp-json\/wp\/v2\/media\/64465"}],"wp:attachment":[{"href":"https:\/\/www.destination-saintquentin.fr\/de\/wp-json\/wp\/v2\/media?parent=82375"}],"wp:term":[{"taxonomy":"product_brand","embeddable":true,"href":"https:\/\/www.destination-saintquentin.fr\/de\/wp-json\/wp\/v2\/product_brand?post=82375"},{"taxonomy":"product_cat","embeddable":true,"href":"https:\/\/www.destination-saintquentin.fr\/de\/wp-json\/wp\/v2\/product_cat?post=82375"},{"taxonomy":"product_tag","embeddable":true,"href":"https:\/\/www.destination-saintquentin.fr\/de\/wp-json\/wp\/v2\/product_tag?post=82375"}],"curies":[{"name":"wp","href":"https:\/\/api.w.org\/{rel}","templated":true}]}}