{"id":82106,"date":"2025-12-20T03:01:48","date_gmt":"2025-12-20T02:01:48","guid":{"rendered":"https:\/\/www.destination-saintquentin.fr\/produit\/visite-guidee-thematique-du-musee-des-beaux-arts-visite-majestueuse-et-gourmande\/"},"modified":"2026-04-19T03:01:24","modified_gmt":"2026-04-19T01:01:24","slug":"visite-guidee-thematique-du-musee-des-beaux-arts-visite-majestueuse-et-gourmande","status":"publish","type":"product","link":"https:\/\/www.destination-saintquentin.fr\/de\/produit\/visite-guidee-thematique-du-musee-des-beaux-arts-visite-majestueuse-et-gourmande\/","title":{"rendered":"Visite guid\u00e9e th\u00e9matique du Mus\u00e9e des Beaux-Arts : Visite majestueuse et gourmande"},"content":{"rendered":"<p>NON REMBOURSABLE  -Rdv devant le Mus\u00e9e Antoine L\u00e9cuyer<br \/>\nEn ce d\u00e9but d\u2019ann\u00e9e, nous vous invitons \u00e0 d\u00e9couvrir le portrait du comte de Provence, fr\u00e8re de Louis XVI et futur roi Louis XVIII. Un portrait au pastel par Ad\u00e9la\u00efde Labille-Guiard, actuellement pr\u00e9sent\u00e9 dans le second salon qui vous plongera dans l\u2019atmosph\u00e8re raffin\u00e9 de la cour du XVIIIe, entre codes de repr\u00e9sentation, symboles du pouvoir et histoires de familles royales. Une visite riche en histoires qui sera \u00e9galement l\u2019occasion d\u2019\u00e9voquer l\u2019Epiphanie, f\u00eate de la royaut\u00e9 et des couronnes. <\/p>\n<p>Nous vous invitons ensuite \u00e0 partager un gouter autour de la galette des rois, accompagn\u00e9 d\u2019une boisson. <\/p>\n<p>Qui sera la reine ou le roi du jour\u202f? <\/p>\n","protected":false},"excerpt":{"rendered":"<p>NON REMBOURSABLE -Rdv devant le Mus\u00e9e Antoine L\u00e9cuyer En ce d\u00e9but d\u2019ann\u00e9e, nous vous invitons \u00e0 d\u00e9couvrir le portrait du comte de Provence, fr\u00e8re de Louis XVI et futur roi Louis XVIII. Un portrait au pastel par Ad\u00e9la\u00efde Labille-Guiard, actuellement pr\u00e9sent\u00e9 dans le second salon qui vous plongera dans l\u2019atmosph\u00e8re raffin\u00e9 de la cour du [&hellip;]<\/p>\n","protected":false},"author":0,"featured_media":82108,"template":"","meta":{"_acf_changed":false},"product_brand":[],"product_cat":[506],"product_tag":[],"class_list":{"0":"post-82106","1":"product","2":"type-product","3":"status-publish","4":"has-post-thumbnail","6":"product_cat-visites-guidees-patrimoine","8":"first","9":"outofstock","10":"shipping-taxable","11":"purchasable","12":"product-type-variable"},"acf":[],"_links":{"self":[{"href":"https:\/\/www.destination-saintquentin.fr\/de\/wp-json\/wp\/v2\/product\/82106","targetHints":{"allow":["GET"]}}],"collection":[{"href":"https:\/\/www.destination-saintquentin.fr\/de\/wp-json\/wp\/v2\/product"}],"about":[{"href":"https:\/\/www.destination-saintquentin.fr\/de\/wp-json\/wp\/v2\/types\/product"}],"wp:featuredmedia":[{"embeddable":true,"href":"https:\/\/www.destination-saintquentin.fr\/de\/wp-json\/wp\/v2\/media\/82108"}],"wp:attachment":[{"href":"https:\/\/www.destination-saintquentin.fr\/de\/wp-json\/wp\/v2\/media?parent=82106"}],"wp:term":[{"taxonomy":"product_brand","embeddable":true,"href":"https:\/\/www.destination-saintquentin.fr\/de\/wp-json\/wp\/v2\/product_brand?post=82106"},{"taxonomy":"product_cat","embeddable":true,"href":"https:\/\/www.destination-saintquentin.fr\/de\/wp-json\/wp\/v2\/product_cat?post=82106"},{"taxonomy":"product_tag","embeddable":true,"href":"https:\/\/www.destination-saintquentin.fr\/de\/wp-json\/wp\/v2\/product_tag?post=82106"}],"curies":[{"name":"wp","href":"https:\/\/api.w.org\/{rel}","templated":true}]}}