{"id":82071,"date":"2025-12-17T03:01:42","date_gmt":"2025-12-17T02:01:42","guid":{"rendered":"https:\/\/www.destination-saintquentin.fr\/produit\/atelier-petits-experts-du-patrimoine-miroir-mon-beau-miroir\/"},"modified":"2026-04-19T17:04:11","modified_gmt":"2026-04-19T15:04:11","slug":"atelier-petits-experts-du-patrimoine-miroir-mon-beau-miroir","status":"publish","type":"product","link":"https:\/\/www.destination-saintquentin.fr\/de\/produit\/atelier-petits-experts-du-patrimoine-miroir-mon-beau-miroir\/","title":{"rendered":"Atelier petits experts du Patrimoine : Miroir, mon beau miroir"},"content":{"rendered":"<p>RDV au Mus\u00e9e L\u00e9cuyer &#8211; NON REMBOURSABLE &#8211; De 6 \u00e0 12ans -sans accompagnateur<br \/>\nTout comme les gants et les bijoux, les miroirs sont des accessoires indispensables \u00e0 la toilette f\u00e9minine des Ann\u00e9es Folles. Viens d\u00e9couvrir les oeuvres Art d\u00e9co du mus\u00e9e, puis orne ton miroir des plus jolis motifs Art d\u00e9co que tu auras rep\u00e9r\u00e9s.\u00a0\u00a0\u00a0\u00a0\u00a0<\/p>\n","protected":false},"excerpt":{"rendered":"<p>RDV au Mus\u00e9e L\u00e9cuyer &#8211; NON REMBOURSABLE &#8211; De 6 \u00e0 12ans -sans accompagnateur Tout comme les gants et les bijoux, les miroirs sont des accessoires indispensables \u00e0 la toilette f\u00e9minine des Ann\u00e9es Folles. Viens d\u00e9couvrir les oeuvres Art d\u00e9co du mus\u00e9e, puis orne ton miroir des plus jolis motifs Art d\u00e9co que tu auras [&hellip;]<\/p>\n","protected":false},"author":0,"featured_media":82073,"template":"","meta":{"_acf_changed":false},"product_brand":[],"product_cat":[506],"product_tag":[],"class_list":{"0":"post-82071","1":"product","2":"type-product","3":"status-publish","4":"has-post-thumbnail","6":"product_cat-visites-guidees-patrimoine","8":"first","9":"outofstock","10":"shipping-taxable","11":"purchasable","12":"product-type-variable"},"acf":[],"_links":{"self":[{"href":"https:\/\/www.destination-saintquentin.fr\/de\/wp-json\/wp\/v2\/product\/82071","targetHints":{"allow":["GET"]}}],"collection":[{"href":"https:\/\/www.destination-saintquentin.fr\/de\/wp-json\/wp\/v2\/product"}],"about":[{"href":"https:\/\/www.destination-saintquentin.fr\/de\/wp-json\/wp\/v2\/types\/product"}],"wp:featuredmedia":[{"embeddable":true,"href":"https:\/\/www.destination-saintquentin.fr\/de\/wp-json\/wp\/v2\/media\/82073"}],"wp:attachment":[{"href":"https:\/\/www.destination-saintquentin.fr\/de\/wp-json\/wp\/v2\/media?parent=82071"}],"wp:term":[{"taxonomy":"product_brand","embeddable":true,"href":"https:\/\/www.destination-saintquentin.fr\/de\/wp-json\/wp\/v2\/product_brand?post=82071"},{"taxonomy":"product_cat","embeddable":true,"href":"https:\/\/www.destination-saintquentin.fr\/de\/wp-json\/wp\/v2\/product_cat?post=82071"},{"taxonomy":"product_tag","embeddable":true,"href":"https:\/\/www.destination-saintquentin.fr\/de\/wp-json\/wp\/v2\/product_tag?post=82071"}],"curies":[{"name":"wp","href":"https:\/\/api.w.org\/{rel}","templated":true}]}}