{"id":82066,"date":"2025-12-17T03:01:33","date_gmt":"2025-12-17T02:01:33","guid":{"rendered":"https:\/\/www.destination-saintquentin.fr\/produit\/petits-experts-du-patrimoine-safari-au-musee\/"},"modified":"2026-04-19T03:01:33","modified_gmt":"2026-04-19T01:01:33","slug":"petits-experts-du-patrimoine-safari-au-musee","status":"publish","type":"product","link":"https:\/\/www.destination-saintquentin.fr\/de\/produit\/petits-experts-du-patrimoine-safari-au-musee\/","title":{"rendered":"Petits experts du patrimoine : Safari au Mus\u00e9e"},"content":{"rendered":"<p>Rdv au Mus\u00e9e L\u00e9cuyer  &#8211; NON REMBOURSABLE- de 5 \u00e0 8 ans, sans accompagnant<\/p>\n<p>Avant de d\u00e9buter un safari extraordinaire, il te faudra cr\u00e9er un masque pour que les animaux ne rep\u00e8rent pas ta pr\u00e9sence. Une fois masqu\u00e9 en lapin, en lion ou en  chat, tu partiras \u00e0 pas de loup en exploration dans les collections du mus\u00e9e \u00e0 la d\u00e9couverte des animaux cach\u00e9s dans les \u0153uvres, r\u00e9els ou imaginaires !<\/p>\n","protected":false},"excerpt":{"rendered":"<p>Rdv au Mus\u00e9e L\u00e9cuyer &#8211; NON REMBOURSABLE- de 5 \u00e0 8 ans, sans accompagnant Avant de d\u00e9buter un safari extraordinaire, il te faudra cr\u00e9er un masque pour que les animaux ne rep\u00e8rent pas ta pr\u00e9sence. Une fois masqu\u00e9 en lapin, en lion ou en chat, tu partiras \u00e0 pas de loup en exploration dans les [&hellip;]<\/p>\n","protected":false},"author":0,"featured_media":82068,"template":"","meta":{"_acf_changed":false},"product_brand":[],"product_cat":[506],"product_tag":[],"class_list":{"0":"post-82066","1":"product","2":"type-product","3":"status-publish","4":"has-post-thumbnail","6":"product_cat-visites-guidees-patrimoine","8":"first","9":"outofstock","10":"shipping-taxable","11":"purchasable","12":"product-type-variable"},"acf":[],"_links":{"self":[{"href":"https:\/\/www.destination-saintquentin.fr\/de\/wp-json\/wp\/v2\/product\/82066","targetHints":{"allow":["GET"]}}],"collection":[{"href":"https:\/\/www.destination-saintquentin.fr\/de\/wp-json\/wp\/v2\/product"}],"about":[{"href":"https:\/\/www.destination-saintquentin.fr\/de\/wp-json\/wp\/v2\/types\/product"}],"wp:featuredmedia":[{"embeddable":true,"href":"https:\/\/www.destination-saintquentin.fr\/de\/wp-json\/wp\/v2\/media\/82068"}],"wp:attachment":[{"href":"https:\/\/www.destination-saintquentin.fr\/de\/wp-json\/wp\/v2\/media?parent=82066"}],"wp:term":[{"taxonomy":"product_brand","embeddable":true,"href":"https:\/\/www.destination-saintquentin.fr\/de\/wp-json\/wp\/v2\/product_brand?post=82066"},{"taxonomy":"product_cat","embeddable":true,"href":"https:\/\/www.destination-saintquentin.fr\/de\/wp-json\/wp\/v2\/product_cat?post=82066"},{"taxonomy":"product_tag","embeddable":true,"href":"https:\/\/www.destination-saintquentin.fr\/de\/wp-json\/wp\/v2\/product_tag?post=82066"}],"curies":[{"name":"wp","href":"https:\/\/api.w.org\/{rel}","templated":true}]}}