{"id":81996,"date":"2025-12-13T03:01:50","date_gmt":"2025-12-13T02:01:50","guid":{"rendered":"https:\/\/www.destination-saintquentin.fr\/produit\/visite-guidee-thematique-au-musee-des-beaux-arts-les-incontournables\/"},"modified":"2026-04-19T18:53:45","modified_gmt":"2026-04-19T16:53:45","slug":"visite-guidee-thematique-au-musee-des-beaux-arts-les-incontournables","status":"publish","type":"product","link":"https:\/\/www.destination-saintquentin.fr\/de\/produit\/visite-guidee-thematique-au-musee-des-beaux-arts-les-incontournables\/","title":{"rendered":"Visite guid\u00e9e th\u00e9matique au Mus\u00e9e des beaux-Arts : Les incontournables"},"content":{"rendered":"<p>RDV devant le Mus\u00e9e Antoine L\u00e9cuyer &#8211; NON REMBOURSABLE<br \/>\nExplorez une s\u00e9lection d\u2019\u0153uvres embl\u00e9matiques qui font la richesse de la collection du mus\u00e9e. Accompagn\u00e9 d\u2019un guide, partez \u00e0 la d\u00e9couverte des pi\u00e8ces majeures, celles qui marquent les esprits et traversent les \u00e9poques. Un moment id\u00e9al pour s\u2019\u00e9merveiller, apprendre et d\u00e9couvrir les \u0153uvres majeures du mus\u00e9e.<\/p>\n<p>Un voyage au c\u0153ur des chefs-d\u2019oeuvre !<\/p>\n<p>Le justificatif sera \u00e0 pr\u00e9senter au guide pour tout billet gratuit ou \u00e0 tarif r\u00e9duit.<\/p>\n<p>Tarif r\u00e9duit applicable aux \u00e9tudiants, plus de 65 ans, demandeurs d&#8217;emploi, personnes en situation de handicap, d\u00e9tenteur du pass \u00e9ducation.<br \/>\nGratuit\u00e9 applicable aux moins de 18ans, guide conf\u00e9renciers, m\u00e9c\u00e8nes, presse, partenaires, laur\u00e9ats de jeux concours et visiteurs lors d&#8217;op\u00e9rations sp\u00e9ciales, porteurs de la carte ICOM et invitations de la Ville.<\/p>\n","protected":false},"excerpt":{"rendered":"<p>RDV devant le Mus\u00e9e Antoine L\u00e9cuyer &#8211; NON REMBOURSABLE Explorez une s\u00e9lection d\u2019\u0153uvres embl\u00e9matiques qui font la richesse de la collection du mus\u00e9e. Accompagn\u00e9 d\u2019un guide, partez \u00e0 la d\u00e9couverte des pi\u00e8ces majeures, celles qui marquent les esprits et traversent les \u00e9poques. Un moment id\u00e9al pour s\u2019\u00e9merveiller, apprendre et d\u00e9couvrir les \u0153uvres majeures du mus\u00e9e. [&hellip;]<\/p>\n","protected":false},"author":0,"featured_media":82548,"template":"","meta":{"_acf_changed":false},"product_brand":[],"product_cat":[506],"product_tag":[],"class_list":{"0":"post-81996","1":"product","2":"type-product","3":"status-publish","4":"has-post-thumbnail","6":"product_cat-visites-guidees-patrimoine","8":"first","9":"instock","10":"shipping-taxable","11":"purchasable","12":"product-type-variable"},"acf":[],"_links":{"self":[{"href":"https:\/\/www.destination-saintquentin.fr\/de\/wp-json\/wp\/v2\/product\/81996","targetHints":{"allow":["GET"]}}],"collection":[{"href":"https:\/\/www.destination-saintquentin.fr\/de\/wp-json\/wp\/v2\/product"}],"about":[{"href":"https:\/\/www.destination-saintquentin.fr\/de\/wp-json\/wp\/v2\/types\/product"}],"wp:featuredmedia":[{"embeddable":true,"href":"https:\/\/www.destination-saintquentin.fr\/de\/wp-json\/wp\/v2\/media\/82548"}],"wp:attachment":[{"href":"https:\/\/www.destination-saintquentin.fr\/de\/wp-json\/wp\/v2\/media?parent=81996"}],"wp:term":[{"taxonomy":"product_brand","embeddable":true,"href":"https:\/\/www.destination-saintquentin.fr\/de\/wp-json\/wp\/v2\/product_brand?post=81996"},{"taxonomy":"product_cat","embeddable":true,"href":"https:\/\/www.destination-saintquentin.fr\/de\/wp-json\/wp\/v2\/product_cat?post=81996"},{"taxonomy":"product_tag","embeddable":true,"href":"https:\/\/www.destination-saintquentin.fr\/de\/wp-json\/wp\/v2\/product_tag?post=81996"}],"curies":[{"name":"wp","href":"https:\/\/api.w.org\/{rel}","templated":true}]}}