{"id":81992,"date":"2025-12-13T03:01:50","date_gmt":"2025-12-13T02:01:50","guid":{"rendered":"https:\/\/www.destination-saintquentin.fr\/produit\/visite-guidee-thematique-au-musee-des-beaux-arts-lart-en-fleur\/"},"modified":"2026-04-19T18:44:09","modified_gmt":"2026-04-19T16:44:09","slug":"visite-guidee-thematique-au-musee-des-beaux-arts-lart-en-fleur","status":"publish","type":"product","link":"https:\/\/www.destination-saintquentin.fr\/de\/produit\/visite-guidee-thematique-au-musee-des-beaux-arts-lart-en-fleur\/","title":{"rendered":"Visite guid\u00e9e th\u00e9matique au Mus\u00e9e des beaux-Arts : L&#8217;Art en fleur"},"content":{"rendered":"<p>RDV devant le Mus\u00e9e Antoine L\u00e9cuyer &#8211; NON REMBOURSABLE<br \/>\nAccompagn\u00e9s d\u2019un guide conf\u00e9rencier, laissez-vous emporter au c\u0153ur des collections permanentes du mus\u00e9e, o\u00f9 les motifs floraux d\u00e9voilent leurs secrets.<br \/>\nUne visite tout en beaut\u00e9 et en symbole pour enchanter le regard de chacun.<\/p>\n<p>Le justificatif sera \u00e0 pr\u00e9senter au guide pour tout billet gratuit ou \u00e0 tarif r\u00e9duit.<\/p>\n<p>Tarif r\u00e9duit applicable aux \u00e9tudiants, plus de 65 ans, demandeurs d&#8217;emploi, personnes en situation de handicap, d\u00e9tenteur du pass \u00e9ducation.<br \/>\nGratuit\u00e9 applicable aux moins de 18ans, guide conf\u00e9renciers, m\u00e9c\u00e8nes, presse, partenaires, laur\u00e9ats de jeux concours et visiteurs lors d&#8217;op\u00e9rations sp\u00e9ciales, porteurs de la carte ICOM et invitations de la Ville.<\/p>\n","protected":false},"excerpt":{"rendered":"<p>RDV devant le Mus\u00e9e Antoine L\u00e9cuyer &#8211; NON REMBOURSABLE Accompagn\u00e9s d\u2019un guide conf\u00e9rencier, laissez-vous emporter au c\u0153ur des collections permanentes du mus\u00e9e, o\u00f9 les motifs floraux d\u00e9voilent leurs secrets. Une visite tout en beaut\u00e9 et en symbole pour enchanter le regard de chacun. Le justificatif sera \u00e0 pr\u00e9senter au guide pour tout billet gratuit ou [&hellip;]<\/p>\n","protected":false},"author":0,"featured_media":82545,"template":"","meta":{"_acf_changed":false},"product_brand":[],"product_cat":[506],"product_tag":[],"class_list":{"0":"post-81992","1":"product","2":"type-product","3":"status-publish","4":"has-post-thumbnail","6":"product_cat-visites-guidees-patrimoine","8":"first","9":"instock","10":"shipping-taxable","11":"purchasable","12":"product-type-variable"},"acf":[],"_links":{"self":[{"href":"https:\/\/www.destination-saintquentin.fr\/de\/wp-json\/wp\/v2\/product\/81992","targetHints":{"allow":["GET"]}}],"collection":[{"href":"https:\/\/www.destination-saintquentin.fr\/de\/wp-json\/wp\/v2\/product"}],"about":[{"href":"https:\/\/www.destination-saintquentin.fr\/de\/wp-json\/wp\/v2\/types\/product"}],"wp:featuredmedia":[{"embeddable":true,"href":"https:\/\/www.destination-saintquentin.fr\/de\/wp-json\/wp\/v2\/media\/82545"}],"wp:attachment":[{"href":"https:\/\/www.destination-saintquentin.fr\/de\/wp-json\/wp\/v2\/media?parent=81992"}],"wp:term":[{"taxonomy":"product_brand","embeddable":true,"href":"https:\/\/www.destination-saintquentin.fr\/de\/wp-json\/wp\/v2\/product_brand?post=81992"},{"taxonomy":"product_cat","embeddable":true,"href":"https:\/\/www.destination-saintquentin.fr\/de\/wp-json\/wp\/v2\/product_cat?post=81992"},{"taxonomy":"product_tag","embeddable":true,"href":"https:\/\/www.destination-saintquentin.fr\/de\/wp-json\/wp\/v2\/product_tag?post=81992"}],"curies":[{"name":"wp","href":"https:\/\/api.w.org\/{rel}","templated":true}]}}