{"id":81969,"date":"2025-12-13T03:01:41","date_gmt":"2025-12-13T02:01:41","guid":{"rendered":"https:\/\/www.destination-saintquentin.fr\/produit\/visite-guidee-thematique-du-musee-des-beaux-arts-histoire-et-technique-du-pastel-du-xviiieme-a-nos-jours\/"},"modified":"2026-04-19T18:50:06","modified_gmt":"2026-04-19T16:50:06","slug":"visite-guidee-thematique-du-musee-des-beaux-arts-histoire-et-technique-du-pastel-du-xviiieme-a-nos-jours","status":"publish","type":"product","link":"https:\/\/www.destination-saintquentin.fr\/de\/produit\/visite-guidee-thematique-du-musee-des-beaux-arts-histoire-et-technique-du-pastel-du-xviiieme-a-nos-jours\/","title":{"rendered":"Visite guid\u00e9e th\u00e9matique du Mus\u00e9e des Beaux-Arts : Histoire et technique du pastel du XVIII\u00e8me \u00e0 nos jours"},"content":{"rendered":"<p>NON REMBOURSABLE  -Rdv au Mus\u00e9e Antoine L\u00e9cuyer<br \/>\nAutrefois r\u00e9serv\u00e9 au portrait, le pastel s\u2019est peu \u00e0 peu diversifi\u00e9 pour explorer tous les types de repr\u00e9sentations : paysages, sc\u00e8nes de genre ou encore natures mortes. Cette visite offre un regard sur la ma\u00eetrise technique de Maurice-Quentin de La Tour, le ma\u00eetre incontest\u00e9 du pastel du XVIIIe si\u00e8cle, tout en mettant en lumi\u00e8re des artistes contemporains comme Fran\u00e7ois Aubin dit Barb\u00e2tre dont le fonds d\u2019atelier offert par l\u2019artiste fait actuellement l\u2019objet d\u2019une exposition exceptionnelle au mus\u00e9e.<br \/>\nUne visite incontournable !<\/p>\n<p>Le justificatif sera \u00e0 pr\u00e9senter au guide pour tout billet gratuit ou \u00e0 tarif r\u00e9duit.<\/p>\n<p>Tarif r\u00e9duit applicable aux \u00e9tudiants, plus de 65 ans, demandeurs d&#8217;emploi, personnes en situation de handicap, d\u00e9tenteur du pass \u00e9ducation.<\/p>\n<p>Gratuit\u00e9 applicable aux moins de 18ans, guide conf\u00e9renciers, m\u00e9c\u00e8nes, presse, partenaires, laur\u00e9ats de jeux concours et visiteurs lors d&#8217;op\u00e9rations sp\u00e9ciales, porteurs de la carte ICOM et invitations de la Ville.<br \/>\nBillet non remboursable<\/p>\n<p>Rdv devant le Mus\u00e9e Antoine L\u00e9cuyer<\/p>\n","protected":false},"excerpt":{"rendered":"<p>NON REMBOURSABLE -Rdv au Mus\u00e9e Antoine L\u00e9cuyer Autrefois r\u00e9serv\u00e9 au portrait, le pastel s\u2019est peu \u00e0 peu diversifi\u00e9 pour explorer tous les types de repr\u00e9sentations : paysages, sc\u00e8nes de genre ou encore natures mortes. Cette visite offre un regard sur la ma\u00eetrise technique de Maurice-Quentin de La Tour, le ma\u00eetre incontest\u00e9 du pastel du XVIIIe [&hellip;]<\/p>\n","protected":false},"author":0,"featured_media":81979,"template":"","meta":{"_acf_changed":false},"product_brand":[],"product_cat":[506],"product_tag":[],"class_list":{"0":"post-81969","1":"product","2":"type-product","3":"status-publish","4":"has-post-thumbnail","6":"product_cat-visites-guidees-patrimoine","8":"first","9":"instock","10":"shipping-taxable","11":"purchasable","12":"product-type-variable"},"acf":[],"_links":{"self":[{"href":"https:\/\/www.destination-saintquentin.fr\/de\/wp-json\/wp\/v2\/product\/81969","targetHints":{"allow":["GET"]}}],"collection":[{"href":"https:\/\/www.destination-saintquentin.fr\/de\/wp-json\/wp\/v2\/product"}],"about":[{"href":"https:\/\/www.destination-saintquentin.fr\/de\/wp-json\/wp\/v2\/types\/product"}],"wp:featuredmedia":[{"embeddable":true,"href":"https:\/\/www.destination-saintquentin.fr\/de\/wp-json\/wp\/v2\/media\/81979"}],"wp:attachment":[{"href":"https:\/\/www.destination-saintquentin.fr\/de\/wp-json\/wp\/v2\/media?parent=81969"}],"wp:term":[{"taxonomy":"product_brand","embeddable":true,"href":"https:\/\/www.destination-saintquentin.fr\/de\/wp-json\/wp\/v2\/product_brand?post=81969"},{"taxonomy":"product_cat","embeddable":true,"href":"https:\/\/www.destination-saintquentin.fr\/de\/wp-json\/wp\/v2\/product_cat?post=81969"},{"taxonomy":"product_tag","embeddable":true,"href":"https:\/\/www.destination-saintquentin.fr\/de\/wp-json\/wp\/v2\/product_tag?post=81969"}],"curies":[{"name":"wp","href":"https:\/\/api.w.org\/{rel}","templated":true}]}}