{"id":81958,"date":"2025-12-13T03:01:29","date_gmt":"2025-12-13T02:01:29","guid":{"rendered":"https:\/\/www.destination-saintquentin.fr\/produit\/visite-guidee-thematique-du-musee-des-beaux-arts-lart-au-feminin\/"},"modified":"2026-04-19T03:01:27","modified_gmt":"2026-04-19T01:01:27","slug":"visite-guidee-thematique-du-musee-des-beaux-arts-lart-au-feminin","status":"publish","type":"product","link":"https:\/\/www.destination-saintquentin.fr\/de\/produit\/visite-guidee-thematique-du-musee-des-beaux-arts-lart-au-feminin\/","title":{"rendered":"Visite guid\u00e9e th\u00e9matique du Mus\u00e9e des Beaux-Arts : L&#8217;art au f\u00e9minin"},"content":{"rendered":"<p>NON REMBOURSABLE  -Rdv dans le hall du Mus\u00e9e Antoine L\u00e9cuyer<br \/>\n\u00c0 l\u2019occasion de la journ\u00e9e internationale des droits des femmes, le mus\u00e9e vous propose une visite guid\u00e9e th\u00e9matique autour d\u2019un double regard : celui port\u00e9 sur les femmes repr\u00e9sent\u00e9es dans les collections et celui sur les femmes artistes, longtemps rest\u00e9es dans l\u2019ombre dans l\u2019histoire de l\u2019art.<\/p>\n<p>Alors muses ou ma\u00eetres ?<\/p>\n<p>Le justificatif sera \u00e0 pr\u00e9senter au guide pour tout billet gratuit ou \u00e0 tarif r\u00e9duit.<\/p>\n<p>Tarif r\u00e9duit applicable aux \u00e9tudiants, plus de 65 ans, demandeurs d&#8217;emploi, personnes en situation de handicap, d\u00e9tenteur du pass \u00e9ducation.<\/p>\n<p>Gratuit\u00e9 applicable aux moins de 18ans, guide conf\u00e9renciers, m\u00e9c\u00e8nes, presse, partenaires, laur\u00e9ats de jeux concours et visiteurs lors d&#8217;op\u00e9rations sp\u00e9ciales, porteurs de la carte ICOM et invitations de la Ville.<\/p>\n<p>Rdv dans le Hall d\u2019entr\u00e9e du mus\u00e9e Antoine L\u00e9cuyer<\/p>\n","protected":false},"excerpt":{"rendered":"<p>NON REMBOURSABLE -Rdv dans le hall du Mus\u00e9e Antoine L\u00e9cuyer \u00c0 l\u2019occasion de la journ\u00e9e internationale des droits des femmes, le mus\u00e9e vous propose une visite guid\u00e9e th\u00e9matique autour d\u2019un double regard : celui port\u00e9 sur les femmes repr\u00e9sent\u00e9es dans les collections et celui sur les femmes artistes, longtemps rest\u00e9es dans l\u2019ombre dans l\u2019histoire de [&hellip;]<\/p>\n","protected":false},"author":0,"featured_media":72164,"template":"","meta":{"_acf_changed":false},"product_brand":[],"product_cat":[506],"product_tag":[],"class_list":{"0":"post-81958","1":"product","2":"type-product","3":"status-publish","4":"has-post-thumbnail","6":"product_cat-visites-guidees-patrimoine","8":"first","9":"outofstock","10":"shipping-taxable","11":"purchasable","12":"product-type-variable"},"acf":[],"_links":{"self":[{"href":"https:\/\/www.destination-saintquentin.fr\/de\/wp-json\/wp\/v2\/product\/81958","targetHints":{"allow":["GET"]}}],"collection":[{"href":"https:\/\/www.destination-saintquentin.fr\/de\/wp-json\/wp\/v2\/product"}],"about":[{"href":"https:\/\/www.destination-saintquentin.fr\/de\/wp-json\/wp\/v2\/types\/product"}],"wp:featuredmedia":[{"embeddable":true,"href":"https:\/\/www.destination-saintquentin.fr\/de\/wp-json\/wp\/v2\/media\/72164"}],"wp:attachment":[{"href":"https:\/\/www.destination-saintquentin.fr\/de\/wp-json\/wp\/v2\/media?parent=81958"}],"wp:term":[{"taxonomy":"product_brand","embeddable":true,"href":"https:\/\/www.destination-saintquentin.fr\/de\/wp-json\/wp\/v2\/product_brand?post=81958"},{"taxonomy":"product_cat","embeddable":true,"href":"https:\/\/www.destination-saintquentin.fr\/de\/wp-json\/wp\/v2\/product_cat?post=81958"},{"taxonomy":"product_tag","embeddable":true,"href":"https:\/\/www.destination-saintquentin.fr\/de\/wp-json\/wp\/v2\/product_tag?post=81958"}],"curies":[{"name":"wp","href":"https:\/\/api.w.org\/{rel}","templated":true}]}}