{"id":81920,"date":"2025-12-11T03:01:52","date_gmt":"2025-12-11T02:01:52","guid":{"rendered":"https:\/\/www.destination-saintquentin.fr\/produit\/expedition-sonore-au-coeur-de-lart\/"},"modified":"2026-04-19T18:44:54","modified_gmt":"2026-04-19T16:44:54","slug":"expedition-sonore-au-coeur-de-lart","status":"publish","type":"product","link":"https:\/\/www.destination-saintquentin.fr\/de\/produit\/expedition-sonore-au-coeur-de-lart\/","title":{"rendered":"MAL2026 : Bien-\u00eatre au mus\u00e9e : musicoth\u00e9rapie"},"content":{"rendered":"<p>RDV au Mus\u00e9e Antoine L\u00e9cuyer &#8211; NON REMBOURSABLE<br \/>\nPour la f\u00eate de la musique, nous vous proposons de participer \u00e0 une exp\u00e9rience in\u00e9dite. Confortablement install\u00e9s au milieu des collections, profitez d\u2019une sieste sonore. Allongez-vous et laissez-vous porter par les nappes sonores produites en live par des instruments pour dialoguer avec les \u0153uvres. Une exp\u00e9rience propice \u00e0 l\u2019abandon, \u00e0 la r\u00eaverie et au voyage int\u00e9rieur.<\/p>\n<p>Apr\u00e8s ce moment de d\u00e9tente, poursuivez votre voyage en partant \u00e0 la recherche des instruments de musique repr\u00e9sent\u00e9s dans les collections du mus\u00e9e e sorties des r\u00e9serves. Un livret, con\u00e7u pour l\u2019occasion, vous permettra de suivre ce parcours musical en toute autonomie.<\/p>\n<p>Une parenth\u00e8se de d\u00e9tente au c\u0153ur des \u0153uvres !<\/p>\n<p>Avec Butch McKoyxx, musicien et interpr\u00e8te.<\/p>\n","protected":false},"excerpt":{"rendered":"<p>RDV au Mus\u00e9e Antoine L\u00e9cuyer &#8211; NON REMBOURSABLE Pour la f\u00eate de la musique, nous vous proposons de participer \u00e0 une exp\u00e9rience in\u00e9dite. Confortablement install\u00e9s au milieu des collections, profitez d\u2019une sieste sonore. Allongez-vous et laissez-vous porter par les nappes sonores produites en live par des instruments pour dialoguer avec les \u0153uvres. Une exp\u00e9rience propice [&hellip;]<\/p>\n","protected":false},"author":0,"featured_media":81922,"template":"","meta":{"_acf_changed":false},"product_brand":[],"product_cat":[506],"product_tag":[],"class_list":{"0":"post-81920","1":"product","2":"type-product","3":"status-publish","4":"has-post-thumbnail","6":"product_cat-visites-guidees-patrimoine","8":"first","9":"instock","10":"shipping-taxable","11":"purchasable","12":"product-type-variable"},"acf":[],"_links":{"self":[{"href":"https:\/\/www.destination-saintquentin.fr\/de\/wp-json\/wp\/v2\/product\/81920","targetHints":{"allow":["GET"]}}],"collection":[{"href":"https:\/\/www.destination-saintquentin.fr\/de\/wp-json\/wp\/v2\/product"}],"about":[{"href":"https:\/\/www.destination-saintquentin.fr\/de\/wp-json\/wp\/v2\/types\/product"}],"wp:featuredmedia":[{"embeddable":true,"href":"https:\/\/www.destination-saintquentin.fr\/de\/wp-json\/wp\/v2\/media\/81922"}],"wp:attachment":[{"href":"https:\/\/www.destination-saintquentin.fr\/de\/wp-json\/wp\/v2\/media?parent=81920"}],"wp:term":[{"taxonomy":"product_brand","embeddable":true,"href":"https:\/\/www.destination-saintquentin.fr\/de\/wp-json\/wp\/v2\/product_brand?post=81920"},{"taxonomy":"product_cat","embeddable":true,"href":"https:\/\/www.destination-saintquentin.fr\/de\/wp-json\/wp\/v2\/product_cat?post=81920"},{"taxonomy":"product_tag","embeddable":true,"href":"https:\/\/www.destination-saintquentin.fr\/de\/wp-json\/wp\/v2\/product_tag?post=81920"}],"curies":[{"name":"wp","href":"https:\/\/api.w.org\/{rel}","templated":true}]}}